{"id":3946,"date":"2025-10-09T00:00:00","date_gmt":"2025-10-08T22:00:00","guid":{"rendered":"https:\/\/yotavis.ch\/product\/t3ps160141p\/"},"modified":"2026-04-24T13:32:02","modified_gmt":"2026-04-24T11:32:02","slug":"t3ps160141p","status":"publish","type":"product","link":"https:\/\/yotavis.ch\/de\/produkt\/t3ps160141p\/","title":{"rendered":"T3PS160141P"},"content":{"rendered":"<p>Das Teledyne Lecroy T3PS160141P ist ein programmierbares Gleichstrom-Schaltnetzteil mit einem einzigen Ausgang mit einem Spannungsbereich von 0 bis 160 Volt und einer Stromkapazit\u00e4t von bis zu 14,4 Ampere. Es liefert eine maximale Ausgangsleistung von 720 Watt und eignet sich damit f\u00fcr verschiedene Anwendungen, die eine stabile und einstellbare Gleichstromversorgung erfordern. Dieses Netzteil unterst\u00fctzt die Fernbedienungsfunktion, so dass der Benutzer das Ger\u00e4t aus der Ferne bedienen und \u00fcberwachen kann. Das Ger\u00e4t ist so konzipiert, dass es pr\u00e4zise Spannungs- und Stromeinstellungen bietet und so eine genaue Leistungsabgabe f\u00fcr Test- und Entwicklungszwecke gew\u00e4hrleistet. Dank seiner Programmierbarkeit kann der Benutzer die Ausgangsparameter entsprechend den spezifischen Anforderungen anpassen. Der einzelne Ausgangskanal des Ger\u00e4ts vereinfacht die Integration in bestehende Setups und gew\u00e4hrleistet gleichzeitig eine zuverl\u00e4ssige Leistung. Insgesamt bietet der T3PS160141P eine Kombination aus hohen Spannungs-, Strom- und Leistungsf\u00e4higkeiten mit bequemer Fernsteuerung.<\/p>","protected":false},"excerpt":{"rendered":"<p>Programmierbares DC-Schaltnetzteil 1 Ausgang, 0-160V, 0-14A, 720W<\/p>","protected":false},"featured_media":7194,"comment_status":"closed","ping_status":"closed","template":"","meta":{"_acf_changed":false,"slim_seo":{"title":"T3PS160141P - YOTAVIS AG","description":"Programmierbares DC-Schaltnetzteil 1 Ausgang, 0-160V, 0-14A, 720W"}},"product_brand":[542],"product_cat":[516,515],"product_tag":[],"class_list":{"0":"post-3946","1":"product","2":"type-product","3":"status-publish","4":"has-post-thumbnail","6":"product_brand-lecroy","7":"product_cat-dc-source-en","8":"product_cat-power-en","9":"pa_current-a-14-4","10":"pa_imax-ac-a-1019","11":"pa_output-number-146","12":"pa_power-w-405","13":"pa_remote-control-yes","14":"pa_voltage-v-156","16":"first","17":"instock","18":"taxable","19":"shipping-taxable","20":"purchasable","21":"product-type-simple"},"acf":[],"_links":{"self":[{"href":"https:\/\/yotavis.ch\/de\/wp-json\/wp\/v2\/product\/3946","targetHints":{"allow":["GET"]}}],"collection":[{"href":"https:\/\/yotavis.ch\/de\/wp-json\/wp\/v2\/product"}],"about":[{"href":"https:\/\/yotavis.ch\/de\/wp-json\/wp\/v2\/types\/product"}],"replies":[{"embeddable":true,"href":"https:\/\/yotavis.ch\/de\/wp-json\/wp\/v2\/comments?post=3946"}],"wp:featuredmedia":[{"embeddable":true,"href":"https:\/\/yotavis.ch\/de\/wp-json\/wp\/v2\/media\/7194"}],"wp:attachment":[{"href":"https:\/\/yotavis.ch\/de\/wp-json\/wp\/v2\/media?parent=3946"}],"wp:term":[{"taxonomy":"product_brand","embeddable":true,"href":"https:\/\/yotavis.ch\/de\/wp-json\/wp\/v2\/product_brand?post=3946"},{"taxonomy":"product_cat","embeddable":true,"href":"https:\/\/yotavis.ch\/de\/wp-json\/wp\/v2\/product_cat?post=3946"},{"taxonomy":"product_tag","embeddable":true,"href":"https:\/\/yotavis.ch\/de\/wp-json\/wp\/v2\/product_tag?post=3946"}],"curies":[{"name":"wp","href":"https:\/\/api.w.org\/{rel}","templated":true}]}}