{"id":3947,"date":"2025-10-09T00:00:00","date_gmt":"2025-10-08T22:00:00","guid":{"rendered":"https:\/\/yotavis.ch\/product\/t3ps16081p\/"},"modified":"2026-04-24T13:32:02","modified_gmt":"2026-04-24T11:32:02","slug":"t3ps16081p","status":"publish","type":"product","link":"https:\/\/yotavis.ch\/de\/produkt\/t3ps16081p\/","title":{"rendered":"T3PS16081P"},"content":{"rendered":"<p>Das Teledyne Lecroy T3PS16081P ist ein programmierbares lineares Gleichstromnetzteil mit einem einzigen Ausgang mit einem Spannungsbereich von 0 bis 16 Volt und einer Stromkapazit\u00e4t von bis zu 8 Ampere. Es liefert eine Ausgangsleistung von 128 Watt und eignet sich damit f\u00fcr verschiedene Anwendungen, die eine pr\u00e4zise Spannungs- und Stromregelung erfordern. Dieses Netzteil unterst\u00fctzt die Fernbedienungsfunktion, so dass der Benutzer es aus der Ferne bedienen und einstellen kann. Das Ger\u00e4t ist so konzipiert, dass es eine stabile und zuverl\u00e4ssige Ausgangsleistung liefert und somit eine gleichbleibende Leistung w\u00e4hrend des Betriebs gew\u00e4hrleistet. Dank seiner Programmierbarkeit k\u00f6nnen die Benutzer spezifische Spannungs- und Stromparameter entsprechend ihren Bed\u00fcrfnissen einstellen. Die Einzelausgangskonfiguration vereinfacht die Anschl\u00fcsse und reduziert die Komplexit\u00e4t in Konfigurationen, in denen nur eine Stromquelle ben\u00f6tigt wird. Insgesamt kombiniert der T3PS16081P wesentliche Merkmale f\u00fcr eine kontrollierte DC-Stromversorgung mit dem Komfort einer Fernsteuerung.<\/p>","protected":false},"excerpt":{"rendered":"<p>Programmierbare lineare DC-Stromversorgung, 1 Ausgang, 0-16V\/0-8A<\/p>","protected":false},"featured_media":7197,"comment_status":"closed","ping_status":"closed","template":"","meta":{"_acf_changed":false,"slim_seo":{"title":"T3PS16081P - YOTAVIS AG","description":"Programmierbare lineare DC-Stromversorgung, 1 Ausgang, 0-16V\/0-8A"}},"product_brand":[542],"product_cat":[516,515],"product_tag":[],"class_list":{"0":"post-3947","1":"product","2":"type-product","3":"status-publish","4":"has-post-thumbnail","6":"product_brand-lecroy","7":"product_cat-dc-source-en","8":"product_cat-power-en","9":"pa_current-a-394","10":"pa_imax-ac-a-1019","11":"pa_output-number-146","12":"pa_power-w-393","13":"pa_remote-control-yes","14":"pa_voltage-v-147","16":"first","17":"instock","18":"taxable","19":"shipping-taxable","20":"purchasable","21":"product-type-simple"},"acf":[],"_links":{"self":[{"href":"https:\/\/yotavis.ch\/de\/wp-json\/wp\/v2\/product\/3947","targetHints":{"allow":["GET"]}}],"collection":[{"href":"https:\/\/yotavis.ch\/de\/wp-json\/wp\/v2\/product"}],"about":[{"href":"https:\/\/yotavis.ch\/de\/wp-json\/wp\/v2\/types\/product"}],"replies":[{"embeddable":true,"href":"https:\/\/yotavis.ch\/de\/wp-json\/wp\/v2\/comments?post=3947"}],"wp:featuredmedia":[{"embeddable":true,"href":"https:\/\/yotavis.ch\/de\/wp-json\/wp\/v2\/media\/7197"}],"wp:attachment":[{"href":"https:\/\/yotavis.ch\/de\/wp-json\/wp\/v2\/media?parent=3947"}],"wp:term":[{"taxonomy":"product_brand","embeddable":true,"href":"https:\/\/yotavis.ch\/de\/wp-json\/wp\/v2\/product_brand?post=3947"},{"taxonomy":"product_cat","embeddable":true,"href":"https:\/\/yotavis.ch\/de\/wp-json\/wp\/v2\/product_cat?post=3947"},{"taxonomy":"product_tag","embeddable":true,"href":"https:\/\/yotavis.ch\/de\/wp-json\/wp\/v2\/product_tag?post=3947"}],"curies":[{"name":"wp","href":"https:\/\/api.w.org\/{rel}","templated":true}]}}