{"id":3948,"date":"2025-10-09T00:00:00","date_gmt":"2025-10-08T22:00:00","guid":{"rendered":"https:\/\/yotavis.ch\/product\/t3ps20051p\/"},"modified":"2026-04-24T13:32:03","modified_gmt":"2026-04-24T11:32:03","slug":"t3ps20051p","status":"publish","type":"product","link":"https:\/\/yotavis.ch\/de\/produkt\/t3ps20051p\/","title":{"rendered":"T3PS20051P"},"content":{"rendered":"<p>Das Teledyne Lecroy T3PS20051P ist ein programmierbares, hochpr\u00e4zises DC-Netzteil mit einem einzigen Ausgangskanal. Es liefert einen Spannungsbereich von 0 bis 20 Volt und einen Strombereich von 0 bis 5 Ampere, mit einer maximalen Ausgangsleistung von 100 Watt. Dieses Netzteil unterst\u00fctzt eine Fernsteuerungsfunktion, die eine bequeme Bedienung und Integration in automatisierte Testsysteme erm\u00f6glicht. Es ist f\u00fcr eine pr\u00e4zise und stabile Stromversorgung ausgelegt und eignet sich f\u00fcr Anwendungen, die eine genaue Spannungs- und Stromeinstellung erfordern. Der Einzelausgang des Ger\u00e4ts vereinfacht die Einrichtung und Verwendung in verschiedenen Testumgebungen. Dank seiner Programmierbarkeit k\u00f6nnen die Benutzer die Ausgangsparameter an die jeweiligen Anforderungen anpassen. Die Kombination dieser Merkmale macht es zu einem vielseitigen Werkzeug f\u00fcr den Einsatz im Labor und in der Industrie.<\/p>","protected":false},"excerpt":{"rendered":"<p>Programmierbare hochpr\u00e4zise DC-Stromversorgung 1 Ausgang, 0-20V, 0-5A, 100W<\/p>","protected":false},"featured_media":7201,"comment_status":"closed","ping_status":"closed","template":"","meta":{"_acf_changed":false,"slim_seo":{"title":"T3PS20051P - YOTAVIS AG","description":"Programmierbare hochpr\u00e4zise DC-Stromversorgung 1 Ausgang, 0-20V, 0-5A, 100W"}},"product_brand":[542],"product_cat":[516,515],"product_tag":[],"class_list":{"0":"post-3948","1":"product","2":"type-product","3":"status-publish","4":"has-post-thumbnail","6":"product_brand-lecroy","7":"product_cat-dc-source-en","8":"product_cat-power-en","9":"pa_current-a-392","10":"pa_imax-ac-a-1019","11":"pa_output-number-146","12":"pa_power-w-481","13":"pa_remote-control-yes","14":"pa_voltage-v-315","16":"first","17":"instock","18":"taxable","19":"shipping-taxable","20":"purchasable","21":"product-type-simple"},"acf":[],"_links":{"self":[{"href":"https:\/\/yotavis.ch\/de\/wp-json\/wp\/v2\/product\/3948","targetHints":{"allow":["GET"]}}],"collection":[{"href":"https:\/\/yotavis.ch\/de\/wp-json\/wp\/v2\/product"}],"about":[{"href":"https:\/\/yotavis.ch\/de\/wp-json\/wp\/v2\/types\/product"}],"replies":[{"embeddable":true,"href":"https:\/\/yotavis.ch\/de\/wp-json\/wp\/v2\/comments?post=3948"}],"wp:featuredmedia":[{"embeddable":true,"href":"https:\/\/yotavis.ch\/de\/wp-json\/wp\/v2\/media\/7201"}],"wp:attachment":[{"href":"https:\/\/yotavis.ch\/de\/wp-json\/wp\/v2\/media?parent=3948"}],"wp:term":[{"taxonomy":"product_brand","embeddable":true,"href":"https:\/\/yotavis.ch\/de\/wp-json\/wp\/v2\/product_brand?post=3948"},{"taxonomy":"product_cat","embeddable":true,"href":"https:\/\/yotavis.ch\/de\/wp-json\/wp\/v2\/product_cat?post=3948"},{"taxonomy":"product_tag","embeddable":true,"href":"https:\/\/yotavis.ch\/de\/wp-json\/wp\/v2\/product_tag?post=3948"}],"curies":[{"name":"wp","href":"https:\/\/api.w.org\/{rel}","templated":true}]}}