{"id":3949,"date":"2025-10-09T00:00:00","date_gmt":"2025-10-08T22:00:00","guid":{"rendered":"https:\/\/yotavis.ch\/product\/t3ps23203\/"},"modified":"2026-04-24T13:32:03","modified_gmt":"2026-04-24T11:32:03","slug":"t3ps23203","status":"publish","type":"product","link":"https:\/\/yotavis.ch\/de\/produkt\/t3ps23203\/","title":{"rendered":"T3PS23203"},"content":{"rendered":"<p>Das Tischnetzteil T3PS23203 von Teledyne Lecroy verf\u00fcgt \u00fcber zwei einstellbare Ausg\u00e4nge mit einer Spannung von 0 bis 32 Volt und einem Strom von bis zu 3 Ampere. Es liefert eine Gesamtausgangsleistung von 192 Watt und ist damit f\u00fcr verschiedene elektronische Test- und Entwicklungsanwendungen geeignet. Dieses Modell verf\u00fcgt \u00fcber keine Fernbedienungsfunktion, sondern ist auf eine einfache manuelle Bedienung ausgerichtet. Das Netzteil ist so konzipiert, dass es stabile und pr\u00e4zise Spannungs- und Stromeinstellungen \u00fcber seine beiden Ausg\u00e4nge bietet. Das kompakte Design erm\u00f6glicht eine einfache Integration in Labor- oder Werkstattumgebungen. Das Ger\u00e4t unterst\u00fctzt eine maximale Spannung von 32 Volt und eine maximale Stromst\u00e4rke von 3 Ampere, was die Kompatibilit\u00e4t mit einer Vielzahl von elektronischen Komponenten und Schaltungen gew\u00e4hrleistet. Die Konfiguration mit zwei Ausg\u00e4ngen erm\u00f6glicht die gleichzeitige Speisung mehrerer Ger\u00e4te oder Schaltkreise, was die Effizienz bei Pr\u00fcfverfahren erh\u00f6ht.<\/p>","protected":false},"excerpt":{"rendered":"<p>Tischnetzteil, einstellbar, 2 Ausg\u00e4nge, 0 V, 32 V, 0 A, 3 A<\/p>","protected":false},"featured_media":7191,"comment_status":"closed","ping_status":"closed","template":"","meta":{"_acf_changed":false,"slim_seo":{"title":"T3PS23203 - YOTAVIS AG","description":"Tischnetzteil, einstellbar, 2 Ausg\u00e4nge, 0 V, 32 V, 0 A, 3 A"}},"product_brand":[542],"product_cat":[516,515],"product_tag":[],"class_list":{"0":"post-3949","1":"product","2":"type-product","3":"status-publish","4":"has-post-thumbnail","6":"product_brand-lecroy","7":"product_cat-dc-source-en","8":"product_cat-power-en","9":"pa_current-a-485","10":"pa_imax-ac-a-1019","11":"pa_output-number-153","12":"pa_power-w-483","13":"pa_remote-control-no","14":"pa_voltage-v-140","16":"first","17":"instock","18":"taxable","19":"shipping-taxable","20":"purchasable","21":"product-type-simple"},"acf":[],"_links":{"self":[{"href":"https:\/\/yotavis.ch\/de\/wp-json\/wp\/v2\/product\/3949","targetHints":{"allow":["GET"]}}],"collection":[{"href":"https:\/\/yotavis.ch\/de\/wp-json\/wp\/v2\/product"}],"about":[{"href":"https:\/\/yotavis.ch\/de\/wp-json\/wp\/v2\/types\/product"}],"replies":[{"embeddable":true,"href":"https:\/\/yotavis.ch\/de\/wp-json\/wp\/v2\/comments?post=3949"}],"wp:featuredmedia":[{"embeddable":true,"href":"https:\/\/yotavis.ch\/de\/wp-json\/wp\/v2\/media\/7191"}],"wp:attachment":[{"href":"https:\/\/yotavis.ch\/de\/wp-json\/wp\/v2\/media?parent=3949"}],"wp:term":[{"taxonomy":"product_brand","embeddable":true,"href":"https:\/\/yotavis.ch\/de\/wp-json\/wp\/v2\/product_brand?post=3949"},{"taxonomy":"product_cat","embeddable":true,"href":"https:\/\/yotavis.ch\/de\/wp-json\/wp\/v2\/product_cat?post=3949"},{"taxonomy":"product_tag","embeddable":true,"href":"https:\/\/yotavis.ch\/de\/wp-json\/wp\/v2\/product_tag?post=3949"}],"curies":[{"name":"wp","href":"https:\/\/api.w.org\/{rel}","templated":true}]}}