{"id":3950,"date":"2025-10-09T00:00:00","date_gmt":"2025-10-08T22:00:00","guid":{"rendered":"https:\/\/yotavis.ch\/product\/t3ps23203p\/"},"modified":"2026-04-24T13:32:05","modified_gmt":"2026-04-24T11:32:05","slug":"t3ps23203p","status":"publish","type":"product","link":"https:\/\/yotavis.ch\/de\/produkt\/t3ps23203p\/","title":{"rendered":"T3PS23203P"},"content":{"rendered":"<p>Das Teledyne Lecroy T3PS23203P ist ein programmierbares lineares Gleichstromnetzteil mit zwei Ausg\u00e4ngen mit einem Spannungsbereich von 0 bis 32 Volt und einer Stromkapazit\u00e4t von bis zu 3 Ampere. Es liefert eine Gesamtausgangsleistung von 217 Watt und eignet sich damit f\u00fcr verschiedene Anwendungen, die eine pr\u00e4zise Spannungs- und Stromregelung erfordern. Dieses Netzteil unterst\u00fctzt die Fernbedienungsfunktion, so dass der Benutzer die Ger\u00e4te aus der Ferne bedienen und einstellen kann. Das Design mit zwei Ausg\u00e4ngen erm\u00f6glicht die gleichzeitige Speisung von zwei separaten Schaltungen oder Ger\u00e4ten, was die Vielseitigkeit in Test- und Entwicklungsumgebungen erh\u00f6ht. Mit seiner linearen Regelung bietet das Ger\u00e4t eine stabile und rauscharme Ausgangsleistung, die f\u00fcr empfindliche elektronische Komponenten unerl\u00e4sslich ist. Die maximale Ausgangsspannung betr\u00e4gt 32 Volt und der maximale Ausgangsstrom 3 Ampere pro Kanal, was eine angemessene Stromversorgung f\u00fcr eine breite Palette von elektronischen Testanforderungen gew\u00e4hrleistet. Dieses Modell wurde entwickelt, um die Anforderungen von Anwendern zu erf\u00fcllen, die zuverl\u00e4ssige und programmierbare Gleichstromquellen ben\u00f6tigen.<\/p>","protected":false},"excerpt":{"rendered":"<p>Programmierbare lineare DC-Stromversorgung, 2 Ausg\u00e4nge, 0-32V\/0-3A<\/p>","protected":false},"featured_media":7192,"comment_status":"closed","ping_status":"closed","template":"","meta":{"_acf_changed":false,"slim_seo":{"title":"T3PS23203P - YOTAVIS AG","description":"Programmierbare lineare DC-Stromversorgung, 2 Ausg\u00e4nge, 0-32V\/0-3A"}},"product_brand":[542],"product_cat":[546,515],"product_tag":[],"class_list":{"0":"post-3950","1":"product","2":"type-product","3":"status-publish","4":"has-post-thumbnail","6":"product_brand-lecroy","7":"product_cat-dc-2-quadrants-en","8":"product_cat-power-en","9":"pa_current-a-485","10":"pa_imax-ac-a-1019","11":"pa_output-number-153","12":"pa_power-w-486","13":"pa_remote-control-yes","14":"pa_voltage-v-140","16":"first","17":"instock","18":"taxable","19":"shipping-taxable","20":"purchasable","21":"product-type-simple"},"acf":[],"_links":{"self":[{"href":"https:\/\/yotavis.ch\/de\/wp-json\/wp\/v2\/product\/3950","targetHints":{"allow":["GET"]}}],"collection":[{"href":"https:\/\/yotavis.ch\/de\/wp-json\/wp\/v2\/product"}],"about":[{"href":"https:\/\/yotavis.ch\/de\/wp-json\/wp\/v2\/types\/product"}],"replies":[{"embeddable":true,"href":"https:\/\/yotavis.ch\/de\/wp-json\/wp\/v2\/comments?post=3950"}],"wp:featuredmedia":[{"embeddable":true,"href":"https:\/\/yotavis.ch\/de\/wp-json\/wp\/v2\/media\/7192"}],"wp:attachment":[{"href":"https:\/\/yotavis.ch\/de\/wp-json\/wp\/v2\/media?parent=3950"}],"wp:term":[{"taxonomy":"product_brand","embeddable":true,"href":"https:\/\/yotavis.ch\/de\/wp-json\/wp\/v2\/product_brand?post=3950"},{"taxonomy":"product_cat","embeddable":true,"href":"https:\/\/yotavis.ch\/de\/wp-json\/wp\/v2\/product_cat?post=3950"},{"taxonomy":"product_tag","embeddable":true,"href":"https:\/\/yotavis.ch\/de\/wp-json\/wp\/v2\/product_tag?post=3950"}],"curies":[{"name":"wp","href":"https:\/\/api.w.org\/{rel}","templated":true}]}}