{"id":3952,"date":"2025-10-09T00:00:00","date_gmt":"2025-10-08T22:00:00","guid":{"rendered":"https:\/\/yotavis.ch\/product\/t3ps3000\/"},"modified":"2026-04-24T13:32:06","modified_gmt":"2026-04-24T11:32:06","slug":"t3ps3000","status":"publish","type":"product","link":"https:\/\/yotavis.ch\/de\/produkt\/t3ps3000\/","title":{"rendered":"T3PS3000"},"content":{"rendered":"<p>Das T3PS3000 von Teledyne Lecroy ist ein programmierbares lineares DC-Netzteil mit drei Ausg\u00e4ngen. Es bietet Spannungsausg\u00e4nge im Bereich von 0 bis 32 Volt und Stromausg\u00e4nge bis zu 3,2 Ampere. Das Ger\u00e4t verf\u00fcgt \u00fcber spezifische Spannungseinstellungen von 2,5 V, 3,3 V und 5 V, die jeweils bis zu 3,2 Ampere liefern k\u00f6nnen. Mit einer Nennleistung von 220 Watt unterst\u00fctzt dieses Netzteil die Fernbedienungsfunktionalit\u00e4t und erm\u00f6glicht so einen bequemen Betrieb aus der Ferne. Die drei Ausgangskan\u00e4le erm\u00f6glichen die gleichzeitige Stromversorgung mehrerer Ger\u00e4te oder Schaltkreise. Dieses Modell bietet eine pr\u00e4zise und einstellbare Ausgangsleistung, die sich f\u00fcr verschiedene Anwendungen eignet, die eine stabile Gleichspannung und einen stabilen Strom ben\u00f6tigen.<\/p>","protected":false},"excerpt":{"rendered":"<p>Programmierbare lineare DC-Stromversorgung, 3 Ausg\u00e4nge, 0-32V\/0-3,2A, 2,5V\/3,3V\/5V\/3,2A<\/p>","protected":false},"featured_media":7205,"comment_status":"closed","ping_status":"closed","template":"","meta":{"_acf_changed":false,"slim_seo":{"title":"T3PS3000 - YOTAVIS AG","description":"Programmierbare lineare DC-Stromversorgung, 3 Ausg\u00e4nge, 0-32V\/0-3,2A, 2,5V\/3,3V\/5V\/3,2A"}},"product_brand":[542],"product_cat":[516,515],"product_tag":[],"class_list":{"0":"post-3952","1":"product","2":"type-product","3":"status-publish","4":"has-post-thumbnail","6":"product_brand-lecroy","7":"product_cat-dc-source-en","8":"product_cat-power-en","9":"pa_current-a-3-2","10":"pa_imax-ac-a-1019","11":"pa_output-number-141","12":"pa_power-w-387","13":"pa_remote-control-yes","14":"pa_voltage-v-140","16":"first","17":"instock","18":"taxable","19":"shipping-taxable","20":"purchasable","21":"product-type-simple"},"acf":[],"_links":{"self":[{"href":"https:\/\/yotavis.ch\/de\/wp-json\/wp\/v2\/product\/3952","targetHints":{"allow":["GET"]}}],"collection":[{"href":"https:\/\/yotavis.ch\/de\/wp-json\/wp\/v2\/product"}],"about":[{"href":"https:\/\/yotavis.ch\/de\/wp-json\/wp\/v2\/types\/product"}],"replies":[{"embeddable":true,"href":"https:\/\/yotavis.ch\/de\/wp-json\/wp\/v2\/comments?post=3952"}],"wp:featuredmedia":[{"embeddable":true,"href":"https:\/\/yotavis.ch\/de\/wp-json\/wp\/v2\/media\/7205"}],"wp:attachment":[{"href":"https:\/\/yotavis.ch\/de\/wp-json\/wp\/v2\/media?parent=3952"}],"wp:term":[{"taxonomy":"product_brand","embeddable":true,"href":"https:\/\/yotavis.ch\/de\/wp-json\/wp\/v2\/product_brand?post=3952"},{"taxonomy":"product_cat","embeddable":true,"href":"https:\/\/yotavis.ch\/de\/wp-json\/wp\/v2\/product_cat?post=3952"},{"taxonomy":"product_tag","embeddable":true,"href":"https:\/\/yotavis.ch\/de\/wp-json\/wp\/v2\/product_tag?post=3952"}],"curies":[{"name":"wp","href":"https:\/\/api.w.org\/{rel}","templated":true}]}}