{"id":3953,"date":"2025-10-09T00:00:00","date_gmt":"2025-10-08T22:00:00","guid":{"rendered":"https:\/\/yotavis.ch\/product\/t3ps30051p\/"},"modified":"2026-04-24T13:32:06","modified_gmt":"2026-04-24T11:32:06","slug":"t3ps30051p","status":"publish","type":"product","link":"https:\/\/yotavis.ch\/de\/produkt\/t3ps30051p\/","title":{"rendered":"T3PS30051P"},"content":{"rendered":"<p>Das Teledyne Lecroy T3PS30051P ist ein programmierbares lineares Gleichstromnetzteil mit einem einzigen Ausgang mit einem Spannungsbereich von 0 bis 30 Volt und einer Stromkapazit\u00e4t von bis zu 5 Ampere. Es liefert eine Ausgangsleistung von 150 Watt und eignet sich damit f\u00fcr verschiedene Anwendungen, die eine pr\u00e4zise Spannungs- und Stromregelung erfordern. Dieses Netzteil unterst\u00fctzt die Fernbedienungsfunktion, so dass der Benutzer es aus der Ferne bedienen und einstellen kann. Das Ger\u00e4t ist so konzipiert, dass es eine stabile und genaue Leistungsabgabe innerhalb der angegebenen Spannungs- und Stromgrenzwerte gew\u00e4hrleistet. Mit nur einem Ausgangskanal vereinfacht es den Anschluss und die Einrichtung f\u00fcr Benutzer, die eine unkomplizierte Stromquelle ben\u00f6tigen. Die Kombination aus programmierbaren Funktionen und Fernsteuerungsm\u00f6glichkeiten erh\u00f6ht die Vielseitigkeit des Ger\u00e4ts in Labor- oder Industrieumgebungen, in denen ein automatisierter oder ferngesteuerter Betrieb von Vorteil ist. Insgesamt bietet der T3PS30051P eine zuverl\u00e4ssige L\u00f6sung f\u00fcr den Bedarf an geregelten Gleichstromversorgungen.<\/p>","protected":false},"excerpt":{"rendered":"<p>Programmierbare lineare DC-Stromversorgung, 1 Ausgang, 0-30V\/0-5A<\/p>","protected":false},"featured_media":7197,"comment_status":"closed","ping_status":"closed","template":"","meta":{"_acf_changed":false,"slim_seo":{"title":"T3PS30051P - YOTAVIS AG","description":"Programmierbare lineare DC-Stromversorgung, 1 Ausgang, 0-30V\/0-5A"}},"product_brand":[542],"product_cat":[516,515],"product_tag":[],"class_list":{"0":"post-3953","1":"product","2":"type-product","3":"status-publish","4":"has-post-thumbnail","6":"product_brand-lecroy","7":"product_cat-dc-source-en","8":"product_cat-power-en","9":"pa_current-a-392","10":"pa_imax-ac-a-1019","11":"pa_output-number-146","12":"pa_power-w-391","13":"pa_remote-control-yes","14":"pa_voltage-v-145","16":"first","17":"instock","18":"taxable","19":"shipping-taxable","20":"purchasable","21":"product-type-simple"},"acf":[],"_links":{"self":[{"href":"https:\/\/yotavis.ch\/de\/wp-json\/wp\/v2\/product\/3953","targetHints":{"allow":["GET"]}}],"collection":[{"href":"https:\/\/yotavis.ch\/de\/wp-json\/wp\/v2\/product"}],"about":[{"href":"https:\/\/yotavis.ch\/de\/wp-json\/wp\/v2\/types\/product"}],"replies":[{"embeddable":true,"href":"https:\/\/yotavis.ch\/de\/wp-json\/wp\/v2\/comments?post=3953"}],"wp:featuredmedia":[{"embeddable":true,"href":"https:\/\/yotavis.ch\/de\/wp-json\/wp\/v2\/media\/7197"}],"wp:attachment":[{"href":"https:\/\/yotavis.ch\/de\/wp-json\/wp\/v2\/media?parent=3953"}],"wp:term":[{"taxonomy":"product_brand","embeddable":true,"href":"https:\/\/yotavis.ch\/de\/wp-json\/wp\/v2\/product_brand?post=3953"},{"taxonomy":"product_cat","embeddable":true,"href":"https:\/\/yotavis.ch\/de\/wp-json\/wp\/v2\/product_cat?post=3953"},{"taxonomy":"product_tag","embeddable":true,"href":"https:\/\/yotavis.ch\/de\/wp-json\/wp\/v2\/product_tag?post=3953"}],"curies":[{"name":"wp","href":"https:\/\/api.w.org\/{rel}","templated":true}]}}