{"id":3954,"date":"2025-10-09T00:00:00","date_gmt":"2025-10-08T22:00:00","guid":{"rendered":"https:\/\/yotavis.ch\/product\/t3ps30063p\/"},"modified":"2026-04-24T13:32:07","modified_gmt":"2026-04-24T11:32:07","slug":"t3ps30063p","status":"publish","type":"product","link":"https:\/\/yotavis.ch\/de\/produkt\/t3ps30063p\/","title":{"rendered":"T3PS30063P"},"content":{"rendered":"<p>Das T3PS30063P von Teledyne Lecroy ist ein programmierbares lineares DC-Netzteil mit drei Ausg\u00e4ngen mit Spannungseinstellungen von 0-30V und Stromst\u00e4rken bis zu 6A. Es bietet mehrere Festspannungsausg\u00e4nge bei 1,8V, 2,5V, 3,3V und 5V mit einer Stromkapazit\u00e4t von 5A. Das Netzteil liefert eine Gesamtausgangsleistung von 385 Watt und eignet sich damit f\u00fcr verschiedene Anwendungen, die eine stabile und einstellbare Gleichstromversorgung erfordern. Es unterst\u00fctzt eine Fernsteuerungsfunktion, die es dem Benutzer erm\u00f6glicht, das Ger\u00e4t aus der Ferne zu bedienen und in automatisierte Testsysteme zu integrieren. Das Ger\u00e4t ist so konzipiert, dass es eine pr\u00e4zise Spannungs- und Stromregelung \u00fcber seine drei Ausg\u00e4nge bietet und so eine zuverl\u00e4ssige Leistung gew\u00e4hrleistet. Seine Programmierbarkeit erm\u00f6glicht die Anpassung der Ausgangsparameter an spezifische Pr\u00fcf- oder Betriebsanforderungen. Dieses Netzger\u00e4t ist so konzipiert, dass es mehrere Ausgangsanforderungen gleichzeitig erf\u00fcllen kann, was seine Vielseitigkeit in Labor- oder Industrieumgebungen erh\u00f6ht.<\/p>","protected":false},"excerpt":{"rendered":"<p>Programmierbare lineare DC-Stromversorgung 3 Ausg\u00e4nge, 0-30V\/0-6A\/1.8V\/2.5V\/3.3V\/5V5A<\/p>","protected":false},"featured_media":7207,"comment_status":"closed","ping_status":"closed","template":"","meta":{"_acf_changed":false,"slim_seo":{"title":"T3PS30063P - YOTAVIS AG","description":"Programmierbare lineare DC-Stromversorgung 3 Ausg\u00e4nge, 0-30V\/0-6A\/1.8V\/2.5V\/3.3V\/5V5A"}},"product_brand":[542],"product_cat":[516,515],"product_tag":[],"class_list":{"0":"post-3954","1":"product","2":"type-product","3":"status-publish","4":"has-post-thumbnail","6":"product_brand-lecroy","7":"product_cat-dc-source-en","8":"product_cat-power-en","9":"pa_current-a-399","10":"pa_imax-ac-a-1019","11":"pa_output-number-141","12":"pa_power-w-490","13":"pa_remote-control-yes","14":"pa_voltage-v-145","16":"first","17":"instock","18":"taxable","19":"shipping-taxable","20":"purchasable","21":"product-type-simple"},"acf":[],"_links":{"self":[{"href":"https:\/\/yotavis.ch\/de\/wp-json\/wp\/v2\/product\/3954","targetHints":{"allow":["GET"]}}],"collection":[{"href":"https:\/\/yotavis.ch\/de\/wp-json\/wp\/v2\/product"}],"about":[{"href":"https:\/\/yotavis.ch\/de\/wp-json\/wp\/v2\/types\/product"}],"replies":[{"embeddable":true,"href":"https:\/\/yotavis.ch\/de\/wp-json\/wp\/v2\/comments?post=3954"}],"wp:featuredmedia":[{"embeddable":true,"href":"https:\/\/yotavis.ch\/de\/wp-json\/wp\/v2\/media\/7207"}],"wp:attachment":[{"href":"https:\/\/yotavis.ch\/de\/wp-json\/wp\/v2\/media?parent=3954"}],"wp:term":[{"taxonomy":"product_brand","embeddable":true,"href":"https:\/\/yotavis.ch\/de\/wp-json\/wp\/v2\/product_brand?post=3954"},{"taxonomy":"product_cat","embeddable":true,"href":"https:\/\/yotavis.ch\/de\/wp-json\/wp\/v2\/product_cat?post=3954"},{"taxonomy":"product_tag","embeddable":true,"href":"https:\/\/yotavis.ch\/de\/wp-json\/wp\/v2\/product_tag?post=3954"}],"curies":[{"name":"wp","href":"https:\/\/api.w.org\/{rel}","templated":true}]}}