{"id":3956,"date":"2025-10-09T00:00:00","date_gmt":"2025-10-08T22:00:00","guid":{"rendered":"https:\/\/yotavis.ch\/product\/t3ps33203\/"},"modified":"2026-04-24T13:32:07","modified_gmt":"2026-04-24T11:32:07","slug":"t3ps33203","status":"publish","type":"product","link":"https:\/\/yotavis.ch\/de\/produkt\/t3ps33203\/","title":{"rendered":"T3PS33203"},"content":{"rendered":"<p>Das Tischnetzteil T3PS33203 von Teledyne Lecroy verf\u00fcgt \u00fcber drei einstellbare Ausg\u00e4nge mit einer Spannung von 0 bis 32 Volt und einem Strom von 0 bis 3 Ampere. Es liefert eine Gesamtausgangsleistung von 217 Watt und ist damit f\u00fcr verschiedene Test- und Entwicklungsanwendungen geeignet. Dieses Netzteil verf\u00fcgt nicht \u00fcber eine Fernbedienungsfunktion, sondern ist auf die direkte manuelle Bedienung ausgerichtet. Jeder der drei Ausg\u00e4nge kann unabh\u00e4ngig voneinander eingestellt werden, um spezifische Spannungs- und Stromanforderungen zu erf\u00fcllen. Das Ger\u00e4t ist f\u00fcr die stabile und zuverl\u00e4ssige Versorgung elektronischer Schaltungen und Komponenten ausgelegt. Sein kompaktes Design erm\u00f6glicht eine einfache Integration in Labor- oder Werkstattumgebungen. Das Fehlen zus\u00e4tzlicher Funktionen wie Touchscreen oder Digitalkan\u00e4le deutet auf eine unkomplizierte, funktionelle Stromversorgung hin, die f\u00fcr eine pr\u00e4zise Spannungs- und Stromregelung ohne zus\u00e4tzliche Komplexit\u00e4t gedacht ist.<\/p>","protected":false},"excerpt":{"rendered":"<p>Tischnetzteil, einstellbar, 3 Ausg\u00e4nge, 0 V, 32 V, 0 A, 3 A<\/p>","protected":false},"featured_media":7210,"comment_status":"closed","ping_status":"closed","template":"","meta":{"_acf_changed":false,"slim_seo":{"title":"T3PS33203 - YOTAVIS AG","description":"Tischnetzteil, einstellbar, 3 Ausg\u00e4nge, 0 V, 32 V, 0 A, 3 A"}},"product_brand":[542],"product_cat":[516,515],"product_tag":[],"class_list":{"0":"post-3956","1":"product","2":"type-product","3":"status-publish","4":"has-post-thumbnail","6":"product_brand-lecroy","7":"product_cat-dc-source-en","8":"product_cat-power-en","9":"pa_current-a-485","10":"pa_imax-ac-a-1019","11":"pa_output-number-141","12":"pa_power-w-486","13":"pa_remote-control-no","14":"pa_voltage-v-140","16":"first","17":"instock","18":"taxable","19":"shipping-taxable","20":"purchasable","21":"product-type-simple"},"acf":[],"_links":{"self":[{"href":"https:\/\/yotavis.ch\/de\/wp-json\/wp\/v2\/product\/3956","targetHints":{"allow":["GET"]}}],"collection":[{"href":"https:\/\/yotavis.ch\/de\/wp-json\/wp\/v2\/product"}],"about":[{"href":"https:\/\/yotavis.ch\/de\/wp-json\/wp\/v2\/types\/product"}],"replies":[{"embeddable":true,"href":"https:\/\/yotavis.ch\/de\/wp-json\/wp\/v2\/comments?post=3956"}],"wp:featuredmedia":[{"embeddable":true,"href":"https:\/\/yotavis.ch\/de\/wp-json\/wp\/v2\/media\/7210"}],"wp:attachment":[{"href":"https:\/\/yotavis.ch\/de\/wp-json\/wp\/v2\/media?parent=3956"}],"wp:term":[{"taxonomy":"product_brand","embeddable":true,"href":"https:\/\/yotavis.ch\/de\/wp-json\/wp\/v2\/product_brand?post=3956"},{"taxonomy":"product_cat","embeddable":true,"href":"https:\/\/yotavis.ch\/de\/wp-json\/wp\/v2\/product_cat?post=3956"},{"taxonomy":"product_tag","embeddable":true,"href":"https:\/\/yotavis.ch\/de\/wp-json\/wp\/v2\/product_tag?post=3956"}],"curies":[{"name":"wp","href":"https:\/\/api.w.org\/{rel}","templated":true}]}}