{"id":3957,"date":"2025-10-09T00:00:00","date_gmt":"2025-10-08T22:00:00","guid":{"rendered":"https:\/\/yotavis.ch\/product\/t3ps33203p\/"},"modified":"2026-04-24T13:32:08","modified_gmt":"2026-04-24T11:32:08","slug":"t3ps33203p","status":"publish","type":"product","link":"https:\/\/yotavis.ch\/de\/produkt\/t3ps33203p\/","title":{"rendered":"T3PS33203P"},"content":{"rendered":"<p>Das Teledyne Lecroy T3PS33203P ist ein programmierbares lineares DC-Netzteil mit drei Ausg\u00e4ngen. Es bietet einen Spannungsbereich von 0 bis 32 Volt und eine Stromkapazit\u00e4t von bis zu 3 Ampere pro Ausgang. Zus\u00e4tzlich bietet es Festspannungsausg\u00e4nge mit 1,8 V, 2,5 V, 3,3 V und 5 V bei einem maximalen Strom von 5 A. Das Netzteil liefert eine Gesamtausgangsleistung von 217 Watt. Es unterst\u00fctzt die Fernsteuerungsfunktionalit\u00e4t und erm\u00f6glicht so einen bequemen Betrieb und die Integration in automatisierte Testsysteme. Dieses Modell ist so konzipiert, dass es mit seinen zahlreichen Ausgangsoptionen und programmierbaren Funktionen verschiedene Stromversorgungsanforderungen erf\u00fcllt.<\/p>","protected":false},"excerpt":{"rendered":"<p>Programmierbare lineare DC-Stromversorgung, 3 Ausg\u00e4nge, 0-32V\/0-3A, 1.8V\/2.5V\/3.3V\/5V\/5A<\/p>","protected":false},"featured_media":7214,"comment_status":"closed","ping_status":"closed","template":"","meta":{"_acf_changed":false,"slim_seo":{"title":"T3PS33203P - YOTAVIS AG","description":"Programmierbare lineare DC-Stromversorgung, 3 Ausg\u00e4nge, 0-32V\/0-3A, 1.8V\/2.5V\/3.3V\/5V\/5A"}},"product_brand":[542],"product_cat":[546,515],"product_tag":[],"class_list":{"0":"post-3957","1":"product","2":"type-product","3":"status-publish","4":"has-post-thumbnail","6":"product_brand-lecroy","7":"product_cat-dc-2-quadrants-en","8":"product_cat-power-en","9":"pa_current-a-485","10":"pa_imax-ac-a-1019","11":"pa_output-number-141","12":"pa_power-w-486","13":"pa_remote-control-yes","14":"pa_voltage-v-140","16":"first","17":"instock","18":"taxable","19":"shipping-taxable","20":"purchasable","21":"product-type-simple"},"acf":[],"_links":{"self":[{"href":"https:\/\/yotavis.ch\/de\/wp-json\/wp\/v2\/product\/3957","targetHints":{"allow":["GET"]}}],"collection":[{"href":"https:\/\/yotavis.ch\/de\/wp-json\/wp\/v2\/product"}],"about":[{"href":"https:\/\/yotavis.ch\/de\/wp-json\/wp\/v2\/types\/product"}],"replies":[{"embeddable":true,"href":"https:\/\/yotavis.ch\/de\/wp-json\/wp\/v2\/comments?post=3957"}],"wp:featuredmedia":[{"embeddable":true,"href":"https:\/\/yotavis.ch\/de\/wp-json\/wp\/v2\/media\/7214"}],"wp:attachment":[{"href":"https:\/\/yotavis.ch\/de\/wp-json\/wp\/v2\/media?parent=3957"}],"wp:term":[{"taxonomy":"product_brand","embeddable":true,"href":"https:\/\/yotavis.ch\/de\/wp-json\/wp\/v2\/product_brand?post=3957"},{"taxonomy":"product_cat","embeddable":true,"href":"https:\/\/yotavis.ch\/de\/wp-json\/wp\/v2\/product_cat?post=3957"},{"taxonomy":"product_tag","embeddable":true,"href":"https:\/\/yotavis.ch\/de\/wp-json\/wp\/v2\/product_tag?post=3957"}],"curies":[{"name":"wp","href":"https:\/\/api.w.org\/{rel}","templated":true}]}}