{"id":3958,"date":"2025-10-09T00:00:00","date_gmt":"2025-10-08T22:00:00","guid":{"rendered":"https:\/\/yotavis.ch\/product\/t3ps36006\/"},"modified":"2026-04-24T13:32:08","modified_gmt":"2026-04-24T11:32:08","slug":"t3ps36006","status":"publish","type":"product","link":"https:\/\/yotavis.ch\/de\/produkt\/t3ps36006\/","title":{"rendered":"T3PS36006"},"content":{"rendered":"<p>Das Teledyne Lecroy T3PS36006 ist ein Gleichstrom-Schaltnetzteil f\u00fcr zwei Bereiche mit drei Ausg\u00e4ngen mit Spannungsbereichen von 0 bis 60 Volt und Strombereichen von 0 bis 3 Ampere. Es liefert eine Ausgangsleistung von 375 Watt und arbeitet bei einer Spannung von 30 Volt mit einer Stromkapazit\u00e4t von 6 Ampere. Dieses Modell verf\u00fcgt \u00fcber zwei Ausgangskan\u00e4le und unterst\u00fctzt keine Fernbedienungsfunktion. Das Netzger\u00e4t liefert eine stabile und einstellbare Gleichstromleistung f\u00fcr verschiedene Anwendungen, die eine pr\u00e4zise Spannungs- und Stromregelung erfordern. Die Zweibereichsf\u00e4higkeit erm\u00f6glicht eine flexible Leistungsabgabe, die unterschiedlichen Lastanforderungen gerecht wird. Das Ger\u00e4t eignet sich f\u00fcr den Einsatz in Umgebungen, in denen eine zuverl\u00e4ssige und konstante Gleichstromversorgung f\u00fcr Test- oder Betriebszwecke erforderlich ist.<\/p>","protected":false},"excerpt":{"rendered":"<p>Dual Range DC-Schaltnetzteil, 3 Ausg\u00e4nge, 0 V, 60 V, 0 A, 3 A<\/p>","protected":false},"featured_media":7216,"comment_status":"closed","ping_status":"closed","template":"","meta":{"_acf_changed":false,"slim_seo":{"title":"T3PS36006 - YOTAVIS AG","description":"Dual Range DC-Schaltnetzteil, 3 Ausg\u00e4nge, 0 V, 60 V, 0 A, 3 A"}},"product_brand":[542],"product_cat":[516,515],"product_tag":[],"class_list":{"0":"post-3958","1":"product","2":"type-product","3":"status-publish","4":"has-post-thumbnail","6":"product_brand-lecroy","7":"product_cat-dc-source-en","8":"product_cat-power-en","9":"pa_current-a-399","10":"pa_imax-ac-a-1019","11":"pa_output-number-153","12":"pa_power-w-492","13":"pa_remote-control-no","14":"pa_voltage-v-145","16":"first","17":"instock","18":"taxable","19":"shipping-taxable","20":"purchasable","21":"product-type-simple"},"acf":[],"_links":{"self":[{"href":"https:\/\/yotavis.ch\/de\/wp-json\/wp\/v2\/product\/3958","targetHints":{"allow":["GET"]}}],"collection":[{"href":"https:\/\/yotavis.ch\/de\/wp-json\/wp\/v2\/product"}],"about":[{"href":"https:\/\/yotavis.ch\/de\/wp-json\/wp\/v2\/types\/product"}],"replies":[{"embeddable":true,"href":"https:\/\/yotavis.ch\/de\/wp-json\/wp\/v2\/comments?post=3958"}],"wp:featuredmedia":[{"embeddable":true,"href":"https:\/\/yotavis.ch\/de\/wp-json\/wp\/v2\/media\/7216"}],"wp:attachment":[{"href":"https:\/\/yotavis.ch\/de\/wp-json\/wp\/v2\/media?parent=3958"}],"wp:term":[{"taxonomy":"product_brand","embeddable":true,"href":"https:\/\/yotavis.ch\/de\/wp-json\/wp\/v2\/product_brand?post=3958"},{"taxonomy":"product_cat","embeddable":true,"href":"https:\/\/yotavis.ch\/de\/wp-json\/wp\/v2\/product_cat?post=3958"},{"taxonomy":"product_tag","embeddable":true,"href":"https:\/\/yotavis.ch\/de\/wp-json\/wp\/v2\/product_tag?post=3958"}],"curies":[{"name":"wp","href":"https:\/\/api.w.org\/{rel}","templated":true}]}}