{"id":3959,"date":"2025-10-09T00:00:00","date_gmt":"2025-10-08T22:00:00","guid":{"rendered":"https:\/\/yotavis.ch\/product\/t3ps36031p\/"},"modified":"2026-04-24T13:32:08","modified_gmt":"2026-04-24T11:32:08","slug":"t3ps36031p","status":"publish","type":"product","link":"https:\/\/yotavis.ch\/de\/produkt\/t3ps36031p\/","title":{"rendered":"T3PS36031P"},"content":{"rendered":"<p>Das Teledyne Lecroy T3PS36031P ist ein programmierbares Hochpr\u00e4zisions-Gleichstromnetzteil mit einem Einzelausgang mit einem Spannungsbereich von 0 bis 36 Volt und einer Stromkapazit\u00e4t von bis zu 3 Ampere. Es liefert eine maximale Ausgangsleistung von 108 Watt und ist damit f\u00fcr verschiedene Test- und Entwicklungsanwendungen geeignet. Dieses Netzteil unterst\u00fctzt die Fernsteuerungsfunktionalit\u00e4t, was eine komfortable Bedienung und Integration in automatisierte Testsysteme erm\u00f6glicht. Das Ger\u00e4t liefert eine stabile und genaue Gleichstromversorgung, die f\u00fcr pr\u00e4zise elektronische Messungen und Experimente unerl\u00e4sslich ist. Mit seinen programmierbaren Funktionen kann der Benutzer die Ausgangsparameter einstellen und an die jeweiligen Anforderungen anpassen. Der einzelne Ausgangskanal vereinfacht die Anschl\u00fcsse und reduziert die Komplexit\u00e4t von Aufbauten, bei denen nur eine Stromquelle ben\u00f6tigt wird. Insgesamt vereint das T3PS36031P wichtige Funktionen f\u00fcr eine kontrollierte und zuverl\u00e4ssige DC-Stromversorgung.<\/p>","protected":false},"excerpt":{"rendered":"<p>Programmierbares Hochpr\u00e4zisions-DC-Netzteil 1 Ausgang, 0-36V, 0-3A\/,108W<\/p>","protected":false},"featured_media":7217,"comment_status":"closed","ping_status":"closed","template":"","meta":{"_acf_changed":false,"slim_seo":{"title":"T3PS36031P - YOTAVIS AG","description":"Programmierbares Hochpr\u00e4zisions-DC-Netzteil 1 Ausgang, 0-36V, 0-3A\/,108W"}},"product_brand":[542],"product_cat":[516,515],"product_tag":[],"class_list":{"0":"post-3959","1":"product","2":"type-product","3":"status-publish","4":"has-post-thumbnail","6":"product_brand-lecroy","7":"product_cat-dc-source-en","8":"product_cat-power-en","9":"pa_current-a-485","10":"pa_imax-ac-a-1019","11":"pa_output-number-146","12":"pa_power-w-493","13":"pa_remote-control-yes","14":"pa_voltage-v-318","16":"first","17":"instock","18":"taxable","19":"shipping-taxable","20":"purchasable","21":"product-type-simple"},"acf":[],"_links":{"self":[{"href":"https:\/\/yotavis.ch\/de\/wp-json\/wp\/v2\/product\/3959","targetHints":{"allow":["GET"]}}],"collection":[{"href":"https:\/\/yotavis.ch\/de\/wp-json\/wp\/v2\/product"}],"about":[{"href":"https:\/\/yotavis.ch\/de\/wp-json\/wp\/v2\/types\/product"}],"replies":[{"embeddable":true,"href":"https:\/\/yotavis.ch\/de\/wp-json\/wp\/v2\/comments?post=3959"}],"wp:featuredmedia":[{"embeddable":true,"href":"https:\/\/yotavis.ch\/de\/wp-json\/wp\/v2\/media\/7217"}],"wp:attachment":[{"href":"https:\/\/yotavis.ch\/de\/wp-json\/wp\/v2\/media?parent=3959"}],"wp:term":[{"taxonomy":"product_brand","embeddable":true,"href":"https:\/\/yotavis.ch\/de\/wp-json\/wp\/v2\/product_brand?post=3959"},{"taxonomy":"product_cat","embeddable":true,"href":"https:\/\/yotavis.ch\/de\/wp-json\/wp\/v2\/product_cat?post=3959"},{"taxonomy":"product_tag","embeddable":true,"href":"https:\/\/yotavis.ch\/de\/wp-json\/wp\/v2\/product_tag?post=3959"}],"curies":[{"name":"wp","href":"https:\/\/api.w.org\/{rel}","templated":true}]}}