{"id":3960,"date":"2025-10-09T00:00:00","date_gmt":"2025-10-08T22:00:00","guid":{"rendered":"https:\/\/yotavis.ch\/product\/t3ps40381p\/"},"modified":"2026-04-24T13:32:09","modified_gmt":"2026-04-24T11:32:09","slug":"t3ps40381p","status":"publish","type":"product","link":"https:\/\/yotavis.ch\/de\/produkt\/t3ps40381p\/","title":{"rendered":"T3PS40381P"},"content":{"rendered":"<p>Das T3PS40381P ist ein einkanaliges 1520-W-DC-Netzteil, das f\u00fcr die Rack-Montage in einem 19-Zoll-Formfaktor mit 1 HE konzipiert ist. Es arbeitet mit einer Spannung von 40 Volt und kann einen Strom von bis zu 38 Ampere liefern. Dieses Netzteil verf\u00fcgt \u00fcber einen Ausgangskanal und unterst\u00fctzt die Fernsteuerungsfunktionalit\u00e4t, was einen bequemen Betrieb und die Integration in automatisierte Systeme erm\u00f6glicht. Dank seiner kompakten Bauweise eignet es sich f\u00fcr den Einsatz in Umgebungen mit begrenztem Platzangebot, z. B. in Testlabors oder Produktionslinien. Seine Spezifikationen zeigen, dass der Schwerpunkt auf der Bereitstellung einer stabilen und zuverl\u00e4ssigen Gleichstromversorgung innerhalb der angegebenen Spannungs- und Stromgrenzen liegt. Das Ger\u00e4t wird von Teledyne Lecroy hergestellt, einem Unternehmen, das f\u00fcr die Herstellung elektronischer Testger\u00e4te bekannt ist. Dieses Modell ist f\u00fcr Anwendungen vorgesehen, die eine pr\u00e4zise und kontrollierte DC-Leistungsabgabe in einer Rack-Montage erfordern.<\/p>","protected":false},"excerpt":{"rendered":"<p>1520W Single Channel 19&#8243;, 1U, Rack Mounted DC Power Supply<\/p>","protected":false},"featured_media":7177,"comment_status":"closed","ping_status":"closed","template":"","meta":{"_acf_changed":false,"slim_seo":{"title":"T3PS40381P - YOTAVIS AG","description":"1520W Einkanal-DC-Netzteil f\u00fcr 19\", 1U, Rackmontage"}},"product_brand":[542],"product_cat":[516,515],"product_tag":[],"class_list":{"0":"post-3960","1":"product","2":"type-product","3":"status-publish","4":"has-post-thumbnail","6":"product_brand-lecroy","7":"product_cat-dc-source-en","8":"product_cat-power-en","9":"pa_current-a-495","10":"pa_imax-ac-a-1019","11":"pa_output-number-146","12":"pa_power-w-494","13":"pa_remote-control-yes","14":"pa_voltage-v-152","16":"first","17":"instock","18":"taxable","19":"shipping-taxable","20":"purchasable","21":"product-type-simple"},"acf":[],"_links":{"self":[{"href":"https:\/\/yotavis.ch\/de\/wp-json\/wp\/v2\/product\/3960","targetHints":{"allow":["GET"]}}],"collection":[{"href":"https:\/\/yotavis.ch\/de\/wp-json\/wp\/v2\/product"}],"about":[{"href":"https:\/\/yotavis.ch\/de\/wp-json\/wp\/v2\/types\/product"}],"replies":[{"embeddable":true,"href":"https:\/\/yotavis.ch\/de\/wp-json\/wp\/v2\/comments?post=3960"}],"wp:featuredmedia":[{"embeddable":true,"href":"https:\/\/yotavis.ch\/de\/wp-json\/wp\/v2\/media\/7177"}],"wp:attachment":[{"href":"https:\/\/yotavis.ch\/de\/wp-json\/wp\/v2\/media?parent=3960"}],"wp:term":[{"taxonomy":"product_brand","embeddable":true,"href":"https:\/\/yotavis.ch\/de\/wp-json\/wp\/v2\/product_brand?post=3960"},{"taxonomy":"product_cat","embeddable":true,"href":"https:\/\/yotavis.ch\/de\/wp-json\/wp\/v2\/product_cat?post=3960"},{"taxonomy":"product_tag","embeddable":true,"href":"https:\/\/yotavis.ch\/de\/wp-json\/wp\/v2\/product_tag?post=3960"}],"curies":[{"name":"wp","href":"https:\/\/api.w.org\/{rel}","templated":true}]}}