{"id":3961,"date":"2025-10-09T00:00:00","date_gmt":"2025-10-08T22:00:00","guid":{"rendered":"https:\/\/yotavis.ch\/product\/t3ps43203\/"},"modified":"2026-04-24T13:32:09","modified_gmt":"2026-04-24T11:32:09","slug":"t3ps43203","status":"publish","type":"product","link":"https:\/\/yotavis.ch\/de\/produkt\/t3ps43203\/","title":{"rendered":"T3PS43203"},"content":{"rendered":"<p>Das Tischnetzteil T3PS43203 von Teledyne Lecroy verf\u00fcgt \u00fcber vier einstellbare Ausg\u00e4nge, die jeweils Spannungen von 0 bis 32 Volt und Str\u00f6me von 0 bis 3 Ampere liefern k\u00f6nnen. Es bietet eine Gesamtausgangsleistung von 217 Watt und eignet sich damit f\u00fcr verschiedene Labor- und Testanwendungen. Dieses Modell verf\u00fcgt nicht \u00fcber eine Fernbedienungsfunktion, sondern ist auf die direkte manuelle Bedienung ausgerichtet. Das Netzteil ist so konzipiert, dass sich Spannung und Stromst\u00e4rke an den vier Ausg\u00e4ngen pr\u00e4zise einstellen lassen, was einen vielseitigen Einsatz in verschiedenen elektronischen Anlagen erm\u00f6glicht. Die maximale Spannung betr\u00e4gt 32 Volt, w\u00e4hrend die maximale Stromst\u00e4rke 3 Ampere pro Ausgang betr\u00e4gt. Das Ger\u00e4t ist so konstruiert, dass es mehrere gleichzeitige Ausg\u00e4nge unterst\u00fctzt, was f\u00fcr die gleichzeitige Versorgung mehrerer Schaltkreise oder Ger\u00e4te von Vorteil sein kann. Der Verzicht auf zus\u00e4tzliche Funktionen wie Touchscreen oder digitale Kan\u00e4le deutet auf ein einfaches, funktionales Design hin, das eine zuverl\u00e4ssige Stromversorgung ohne zus\u00e4tzliche Komplexit\u00e4t gew\u00e4hrleisten soll.<\/p>","protected":false},"excerpt":{"rendered":"<p>Tischnetzteil, einstellbar, 4 Ausg\u00e4nge, 0 V, 32 V, 0 A, 3 A<\/p>","protected":false},"featured_media":7219,"comment_status":"closed","ping_status":"closed","template":"","meta":{"_acf_changed":false,"slim_seo":{"title":"T3PS43203 - YOTAVIS AG","description":"Tischnetzteil, einstellbar, 4 Ausg\u00e4nge, 0 V, 32 V, 0 A, 3 A"}},"product_brand":[542],"product_cat":[516,515],"product_tag":[],"class_list":{"0":"post-3961","1":"product","2":"type-product","3":"status-publish","4":"has-post-thumbnail","6":"product_brand-lecroy","7":"product_cat-dc-source-en","8":"product_cat-power-en","9":"pa_current-a-485","10":"pa_imax-ac-a-1019","11":"pa_output-number-148","12":"pa_power-w-486","13":"pa_remote-control-no","14":"pa_voltage-v-140","16":"first","17":"instock","18":"taxable","19":"shipping-taxable","20":"purchasable","21":"product-type-simple"},"acf":[],"_links":{"self":[{"href":"https:\/\/yotavis.ch\/de\/wp-json\/wp\/v2\/product\/3961","targetHints":{"allow":["GET"]}}],"collection":[{"href":"https:\/\/yotavis.ch\/de\/wp-json\/wp\/v2\/product"}],"about":[{"href":"https:\/\/yotavis.ch\/de\/wp-json\/wp\/v2\/types\/product"}],"replies":[{"embeddable":true,"href":"https:\/\/yotavis.ch\/de\/wp-json\/wp\/v2\/comments?post=3961"}],"wp:featuredmedia":[{"embeddable":true,"href":"https:\/\/yotavis.ch\/de\/wp-json\/wp\/v2\/media\/7219"}],"wp:attachment":[{"href":"https:\/\/yotavis.ch\/de\/wp-json\/wp\/v2\/media?parent=3961"}],"wp:term":[{"taxonomy":"product_brand","embeddable":true,"href":"https:\/\/yotavis.ch\/de\/wp-json\/wp\/v2\/product_brand?post=3961"},{"taxonomy":"product_cat","embeddable":true,"href":"https:\/\/yotavis.ch\/de\/wp-json\/wp\/v2\/product_cat?post=3961"},{"taxonomy":"product_tag","embeddable":true,"href":"https:\/\/yotavis.ch\/de\/wp-json\/wp\/v2\/product_tag?post=3961"}],"curies":[{"name":"wp","href":"https:\/\/api.w.org\/{rel}","templated":true}]}}