{"id":3962,"date":"2025-10-09T00:00:00","date_gmt":"2025-10-08T22:00:00","guid":{"rendered":"https:\/\/yotavis.ch\/product\/t3ps43203p\/"},"modified":"2026-04-24T13:32:09","modified_gmt":"2026-04-24T11:32:09","slug":"t3ps43203p","status":"publish","type":"product","link":"https:\/\/yotavis.ch\/de\/produkt\/t3ps43203p\/","title":{"rendered":"T3PS43203P"},"content":{"rendered":"<p>Der T3PS43203P von Teledyne Lecroy ist ein programmierbares lineares DC-Netzteil mit vier Ausg\u00e4ngen mit unterschiedlichen Spannungs- und Stromf\u00e4higkeiten. Es bietet einen Ausgangsbereich von 0-32V bei 0-3A, 0-5V bei 0-1A und 0-15V bei 0-1A, was eine vielseitige Leistungsabgabe \u00fcber mehrere Kan\u00e4le erm\u00f6glicht. Das Ger\u00e4t arbeitet mit einer maximalen Ausgangsleistung von 217 Watt und unterst\u00fctzt Fernbedienungsfunktionen f\u00fcr eine komfortable Bedienung. Das Design erm\u00f6glicht mehrere Ausgangskonfigurationen und eignet sich daher f\u00fcr Anwendungen, die pr\u00e4zise und einstellbare Stromquellen erfordern. Die maximale Spannung des Netzteils betr\u00e4gt 32 Volt, und es kann Str\u00f6me bis zu 3 Ampere liefern. Diese Kombination von Merkmalen erm\u00f6glicht es dem Benutzer, die Ausgangsleistung an spezifische Anforderungen anzupassen und gleichzeitig die Kontrolle \u00fcber das Ger\u00e4t aus der Ferne zu behalten.<\/p>","protected":false},"excerpt":{"rendered":"<p>Programmierbare lineare DC-Stromversorgung, 4 Ausg\u00e4nge, 0-32V\/0-3A, 0-5V\/0-1A, 0-15V\/0-1A<\/p>","protected":false},"featured_media":7213,"comment_status":"closed","ping_status":"closed","template":"","meta":{"_acf_changed":false,"slim_seo":{"title":"T3PS43203P - YOTAVIS AG","description":"Programmierbare lineare DC-Stromversorgung, 4 Ausg\u00e4nge, 0-32V\/0-3A, 0-5V\/0-1A, 0-15V\/0-1A"}},"product_brand":[542],"product_cat":[546,515],"product_tag":[],"class_list":{"0":"post-3962","1":"product","2":"type-product","3":"status-publish","4":"has-post-thumbnail","6":"product_brand-lecroy","7":"product_cat-dc-2-quadrants-en","8":"product_cat-power-en","9":"pa_current-a-485","10":"pa_imax-ac-a-1019","11":"pa_output-number-148","12":"pa_power-w-486","13":"pa_remote-control-yes","14":"pa_voltage-v-140","16":"first","17":"instock","18":"taxable","19":"shipping-taxable","20":"purchasable","21":"product-type-simple"},"acf":[],"_links":{"self":[{"href":"https:\/\/yotavis.ch\/de\/wp-json\/wp\/v2\/product\/3962","targetHints":{"allow":["GET"]}}],"collection":[{"href":"https:\/\/yotavis.ch\/de\/wp-json\/wp\/v2\/product"}],"about":[{"href":"https:\/\/yotavis.ch\/de\/wp-json\/wp\/v2\/types\/product"}],"replies":[{"embeddable":true,"href":"https:\/\/yotavis.ch\/de\/wp-json\/wp\/v2\/comments?post=3962"}],"wp:featuredmedia":[{"embeddable":true,"href":"https:\/\/yotavis.ch\/de\/wp-json\/wp\/v2\/media\/7213"}],"wp:attachment":[{"href":"https:\/\/yotavis.ch\/de\/wp-json\/wp\/v2\/media?parent=3962"}],"wp:term":[{"taxonomy":"product_brand","embeddable":true,"href":"https:\/\/yotavis.ch\/de\/wp-json\/wp\/v2\/product_brand?post=3962"},{"taxonomy":"product_cat","embeddable":true,"href":"https:\/\/yotavis.ch\/de\/wp-json\/wp\/v2\/product_cat?post=3962"},{"taxonomy":"product_tag","embeddable":true,"href":"https:\/\/yotavis.ch\/de\/wp-json\/wp\/v2\/product_tag?post=3962"}],"curies":[{"name":"wp","href":"https:\/\/api.w.org\/{rel}","templated":true}]}}