{"id":3963,"date":"2025-10-09T00:00:00","date_gmt":"2025-10-08T22:00:00","guid":{"rendered":"https:\/\/yotavis.ch\/product\/t3ps60033p\/"},"modified":"2026-04-24T13:32:10","modified_gmt":"2026-04-24T11:32:10","slug":"t3ps60033p","status":"publish","type":"product","link":"https:\/\/yotavis.ch\/de\/produkt\/t3ps60033p\/","title":{"rendered":"T3PS60033P"},"content":{"rendered":"<p>Das T3PS60033P von Teledyne Lecroy ist ein programmierbares lineares DC-Netzteil mit drei Ausg\u00e4ngen mit Spannungsbereichen bis zu 60V und Stromst\u00e4rken bis zu 3A. Es bietet feste Spannungsausg\u00e4nge bei 1,8V, 2,5V, 3,3V und 5V mit einem maximalen Strom von 5A. Das Netzteil liefert eine Gesamtausgangsleistung von 385 Watt und unterst\u00fctzt damit verschiedene Anwendungen, die eine stabile und einstellbare Gleichstromversorgung erfordern. Das Ger\u00e4t verf\u00fcgt \u00fcber eine Fernsteuerungsfunktion, die eine bequeme Bedienung und Integration in automatisierte Testsysteme erm\u00f6glicht. Das Ger\u00e4t ist so konzipiert, dass es eine pr\u00e4zise Spannungs- und Stromregelung \u00fcber seine drei Ausg\u00e4nge bietet, wodurch es sich f\u00fcr komplexe Testumgebungen eignet. Seine mehreren Ausgangskan\u00e4le erm\u00f6glichen die gleichzeitige Speisung verschiedener Schaltungen oder Komponenten. Die Kombination aus programmierbaren Funktionen und mehreren Spannungspegeln erh\u00f6ht die Vielseitigkeit des Ger\u00e4ts in Labor- und Industrieumgebungen.<\/p>","protected":false},"excerpt":{"rendered":"<p>Programmierbare lineare DC-Stromversorgung 3 Ausg\u00e4nge, 0-60V\/0-3A\/1.8V\/2.5V\/3.3V\/5V5A<\/p>","protected":false},"featured_media":7207,"comment_status":"closed","ping_status":"closed","template":"","meta":{"_acf_changed":false,"slim_seo":{"title":"T3PS60033P - YOTAVIS AG","description":"Programmierbare lineare DC-Stromversorgung 3 Ausg\u00e4nge, 0-60V\/0-3A\/1.8V\/2.5V\/3.3V\/5V5A"}},"product_brand":[542],"product_cat":[516,515],"product_tag":[],"class_list":{"0":"post-3963","1":"product","2":"type-product","3":"status-publish","4":"has-post-thumbnail","6":"product_brand-lecroy","7":"product_cat-dc-source-en","8":"product_cat-power-en","9":"pa_current-a-485","10":"pa_imax-ac-a-1019","11":"pa_output-number-141","12":"pa_power-w-490","13":"pa_remote-control-yes","14":"pa_voltage-v-314","16":"first","17":"instock","18":"taxable","19":"shipping-taxable","20":"purchasable","21":"product-type-simple"},"acf":[],"_links":{"self":[{"href":"https:\/\/yotavis.ch\/de\/wp-json\/wp\/v2\/product\/3963","targetHints":{"allow":["GET"]}}],"collection":[{"href":"https:\/\/yotavis.ch\/de\/wp-json\/wp\/v2\/product"}],"about":[{"href":"https:\/\/yotavis.ch\/de\/wp-json\/wp\/v2\/types\/product"}],"replies":[{"embeddable":true,"href":"https:\/\/yotavis.ch\/de\/wp-json\/wp\/v2\/comments?post=3963"}],"wp:featuredmedia":[{"embeddable":true,"href":"https:\/\/yotavis.ch\/de\/wp-json\/wp\/v2\/media\/7207"}],"wp:attachment":[{"href":"https:\/\/yotavis.ch\/de\/wp-json\/wp\/v2\/media?parent=3963"}],"wp:term":[{"taxonomy":"product_brand","embeddable":true,"href":"https:\/\/yotavis.ch\/de\/wp-json\/wp\/v2\/product_brand?post=3963"},{"taxonomy":"product_cat","embeddable":true,"href":"https:\/\/yotavis.ch\/de\/wp-json\/wp\/v2\/product_cat?post=3963"},{"taxonomy":"product_tag","embeddable":true,"href":"https:\/\/yotavis.ch\/de\/wp-json\/wp\/v2\/product_tag?post=3963"}],"curies":[{"name":"wp","href":"https:\/\/api.w.org\/{rel}","templated":true}]}}