{"id":3965,"date":"2025-10-09T00:00:00","date_gmt":"2025-10-08T22:00:00","guid":{"rendered":"https:\/\/yotavis.ch\/product\/t3ps800011p\/"},"modified":"2026-04-24T13:32:10","modified_gmt":"2026-04-24T11:32:10","slug":"t3ps800011p","status":"publish","type":"product","link":"https:\/\/yotavis.ch\/de\/produkt\/t3ps800011p\/","title":{"rendered":"T3PS800011P"},"content":{"rendered":"<p>Das T3PS800011P von Teledyne Lecroy ist ein programmierbares Gleichstrom-Schaltnetzteil mit einem einzigen Ausgang mit einem Spannungsbereich von 0 bis 800 Volt und einer Stromkapazit\u00e4t von bis zu 1,444 Ampere. Es liefert eine maximale Ausgangsleistung von 360 Watt und eignet sich damit f\u00fcr verschiedene Anwendungen, die eine pr\u00e4zise Spannungs- und Stromregelung erfordern. Dieses Netzteil unterst\u00fctzt die Fernbedienungsfunktion, so dass der Benutzer es aus der Ferne bedienen und einstellen kann. Das Ger\u00e4t ist so konzipiert, dass es eine stabile und zuverl\u00e4ssige Ausgangsleistung mit programmierbaren Funktionen bietet, um spezifische Pr\u00fcf- oder Betriebsanforderungen zu erf\u00fcllen. Sein einziger Ausgangskanal vereinfacht die Integration in bestehende Systeme oder Einrichtungen. Die Kombination aus hohen Spannungs- und Stromf\u00e4higkeiten gew\u00e4hrleistet Vielseitigkeit in verschiedenen Anwendungsf\u00e4llen. Insgesamt bietet der T3PS800011P eine robuste L\u00f6sung f\u00fcr die kontrollierte DC-Leistungsabgabe.<\/p>","protected":false},"excerpt":{"rendered":"<p>Programmierbares DC-Schaltnetzteil 1 Ausgang, 0-800V, 0-1A, 360W<\/p>","protected":false},"featured_media":7220,"comment_status":"closed","ping_status":"closed","template":"","meta":{"_acf_changed":false,"slim_seo":{"title":"T3PS800011P - YOTAVIS AG","description":"Programmierbares DC-Schaltnetzteil 1 Ausgang, 0-800V, 0-1A, 360W"}},"product_brand":[542],"product_cat":[516,515],"product_tag":[],"class_list":{"0":"post-3965","1":"product","2":"type-product","3":"status-publish","4":"has-post-thumbnail","6":"product_brand-lecroy","7":"product_cat-dc-source-en","8":"product_cat-power-en","9":"pa_current-a-1-444","10":"pa_imax-ac-a-1019","11":"pa_output-number-146","12":"pa_power-w-403","13":"pa_remote-control-yes","14":"pa_voltage-v-319","16":"first","17":"instock","18":"taxable","19":"shipping-taxable","20":"purchasable","21":"product-type-simple"},"acf":[],"_links":{"self":[{"href":"https:\/\/yotavis.ch\/de\/wp-json\/wp\/v2\/product\/3965","targetHints":{"allow":["GET"]}}],"collection":[{"href":"https:\/\/yotavis.ch\/de\/wp-json\/wp\/v2\/product"}],"about":[{"href":"https:\/\/yotavis.ch\/de\/wp-json\/wp\/v2\/types\/product"}],"replies":[{"embeddable":true,"href":"https:\/\/yotavis.ch\/de\/wp-json\/wp\/v2\/comments?post=3965"}],"wp:featuredmedia":[{"embeddable":true,"href":"https:\/\/yotavis.ch\/de\/wp-json\/wp\/v2\/media\/7220"}],"wp:attachment":[{"href":"https:\/\/yotavis.ch\/de\/wp-json\/wp\/v2\/media?parent=3965"}],"wp:term":[{"taxonomy":"product_brand","embeddable":true,"href":"https:\/\/yotavis.ch\/de\/wp-json\/wp\/v2\/product_brand?post=3965"},{"taxonomy":"product_cat","embeddable":true,"href":"https:\/\/yotavis.ch\/de\/wp-json\/wp\/v2\/product_cat?post=3965"},{"taxonomy":"product_tag","embeddable":true,"href":"https:\/\/yotavis.ch\/de\/wp-json\/wp\/v2\/product_tag?post=3965"}],"curies":[{"name":"wp","href":"https:\/\/api.w.org\/{rel}","templated":true}]}}