{"id":3968,"date":"2025-10-09T00:00:00","date_gmt":"2025-10-08T22:00:00","guid":{"rendered":"https:\/\/yotavis.ch\/product\/t3el150303p\/"},"modified":"2026-04-24T13:32:11","modified_gmt":"2026-04-24T11:32:11","slug":"t3el150303p","status":"publish","type":"product","link":"https:\/\/yotavis.ch\/de\/produkt\/t3el150303p\/","title":{"rendered":"T3EL150303P"},"content":{"rendered":"<p>Der T3EL150303P von Teledyne Lecroy ist eine programmierbare einkanalige elektronische DC-Last, die f\u00fcr eine maximale Spannung von 150 Volt und einen Strom von bis zu 30 Ampere ausgelegt ist. Sie liefert eine Leistung von 300 Watt und ist damit f\u00fcr verschiedene Pr\u00fcf- und Messanwendungen geeignet. Das Ger\u00e4t verf\u00fcgt \u00fcber einen Ausgangskanal und unterst\u00fctzt Fernsteuerungsfunktionen, die eine bequeme Bedienung und Integration in automatisierte Testaufbauten erm\u00f6glichen. Die elektronische Last ist so konstruiert, dass sie innerhalb ihrer spezifizierten elektrischen Grenzwerte pr\u00e4zise und zuverl\u00e4ssig arbeitet. Ihr Design erleichtert die effiziente Pr\u00fcfung von Netzteilen, Batterien und anderen Gleichstromquellen durch die Simulation realer Lastbedingungen. Durch die M\u00f6glichkeit der Fernsteuerung wird die Vielseitigkeit des Ger\u00e4ts erh\u00f6ht, da der Benutzer die Einstellungen anpassen und die Leistung aus der Ferne \u00fcberwachen kann. Insgesamt bietet das T3EL150303P eine Kombination aus programmierbarer Steuerung und robusten elektrischen Spezifikationen f\u00fcr anspruchsvolle elektronische Lastanwendungen.<\/p>","protected":false},"excerpt":{"rendered":"<p>Programmierbare einkanalige elektronische DC-Last, 150V\/30A\/300W<\/p>","protected":false},"featured_media":7225,"comment_status":"closed","ping_status":"closed","template":"","meta":{"_acf_changed":false,"slim_seo":{"title":"T3EL150303P - YOTAVIS AG","description":"Programmierbare einkanalige elektronische DC-Last, 150V\/30A\/300W"}},"product_brand":[542],"product_cat":[517,515],"product_tag":[],"class_list":{"0":"post-3968","1":"product","2":"type-product","3":"status-publish","4":"has-post-thumbnail","6":"product_brand-lecroy","7":"product_cat-dc-load-en","8":"product_cat-power-en","9":"pa_current-a-404","10":"pa_imax-ac-a-1019","11":"pa_output-number-146","12":"pa_power-w-416","13":"pa_remote-control-yes","14":"pa_voltage-v-150","16":"first","17":"instock","18":"taxable","19":"shipping-taxable","20":"purchasable","21":"product-type-simple"},"acf":[],"_links":{"self":[{"href":"https:\/\/yotavis.ch\/de\/wp-json\/wp\/v2\/product\/3968","targetHints":{"allow":["GET"]}}],"collection":[{"href":"https:\/\/yotavis.ch\/de\/wp-json\/wp\/v2\/product"}],"about":[{"href":"https:\/\/yotavis.ch\/de\/wp-json\/wp\/v2\/types\/product"}],"replies":[{"embeddable":true,"href":"https:\/\/yotavis.ch\/de\/wp-json\/wp\/v2\/comments?post=3968"}],"wp:featuredmedia":[{"embeddable":true,"href":"https:\/\/yotavis.ch\/de\/wp-json\/wp\/v2\/media\/7225"}],"wp:attachment":[{"href":"https:\/\/yotavis.ch\/de\/wp-json\/wp\/v2\/media?parent=3968"}],"wp:term":[{"taxonomy":"product_brand","embeddable":true,"href":"https:\/\/yotavis.ch\/de\/wp-json\/wp\/v2\/product_brand?post=3968"},{"taxonomy":"product_cat","embeddable":true,"href":"https:\/\/yotavis.ch\/de\/wp-json\/wp\/v2\/product_cat?post=3968"},{"taxonomy":"product_tag","embeddable":true,"href":"https:\/\/yotavis.ch\/de\/wp-json\/wp\/v2\/product_tag?post=3968"}],"curies":[{"name":"wp","href":"https:\/\/api.w.org\/{rel}","templated":true}]}}