{"id":3970,"date":"2025-10-09T00:00:00","date_gmt":"2025-10-08T22:00:00","guid":{"rendered":"https:\/\/yotavis.ch\/product\/t3rc0120-um\/"},"modified":"2026-04-24T13:32:14","modified_gmt":"2026-04-24T11:32:14","slug":"t3rc0120-um","status":"publish","type":"product","link":"https:\/\/yotavis.ch\/de\/produkt\/t3rc0120-um\/","title":{"rendered":"T3RC0120-UM"},"content":{"rendered":"<p>Der T3RC0120-UM von Teledyne Lecroy ist ein Wechselstrommesskopf mit einer Empfindlichkeit von 50 mV\/A und einer maximalen Stromkapazit\u00e4t von 120 A. Er verf\u00fcgt \u00fcber eine Niederfrequenz-Bandbreite von 34 Hz und eine Hochfrequenz-Bandbreite von bis zu 30 MHz. Die Sonde ist mit einem 1-Meter-Kabel ausgestattet, das Flexibilit\u00e4t bei verschiedenen Messaufbauten bietet. Die Sonde ist f\u00fcr den Einsatz mit universellen Schnittstellen konzipiert und unterst\u00fctzt genaue Strommessungen \u00fcber einen breiten Frequenzbereich. Aufgrund seiner Bandbreitenspezifikationen eignet er sich sowohl f\u00fcr die Erfassung von niederfrequenten als auch von hochfrequenten AC-Signalen. Das Ger\u00e4t ist f\u00fcr Str\u00f6me bis zu 120 Ampere ausgelegt, was die Kompatibilit\u00e4t mit einer Vielzahl von Anwendungen gew\u00e4hrleistet, die eine pr\u00e4zise Strom\u00fcberwachung erfordern.<\/p>","protected":false},"excerpt":{"rendered":"<p>AC-Stromzange 50 mV\/A, 120A, 34 Hz NF-Bandbreite, 30MHz HF-Bandbreite, 1m Kabel.<\/p>","protected":false},"featured_media":7228,"comment_status":"closed","ping_status":"closed","template":"","meta":{"_acf_changed":false,"slim_seo":{"title":"T3RC0120-UM - YOTAVIS AG","description":"AC-Stromzange 50 mV\/A, 120A, 34 Hz NF-Bandbreite, 30MHz HF-Bandbreite, 1m Kabel."}},"product_brand":[542],"product_cat":[536,509],"product_tag":[],"class_list":{"0":"post-3970","1":"product","2":"type-product","3":"status-publish","4":"has-post-thumbnail","6":"product_brand-lecroy","7":"product_cat-current-probes-en","8":"product_cat-probes-en","9":"pa_bandwidth-mhz-320","10":"pa_current-max-a-499","11":"pa_imax-ac-a-1019","12":"pa_interface-universal","14":"first","15":"instock","16":"taxable","17":"shipping-taxable","18":"purchasable","19":"product-type-simple"},"acf":[],"_links":{"self":[{"href":"https:\/\/yotavis.ch\/de\/wp-json\/wp\/v2\/product\/3970","targetHints":{"allow":["GET"]}}],"collection":[{"href":"https:\/\/yotavis.ch\/de\/wp-json\/wp\/v2\/product"}],"about":[{"href":"https:\/\/yotavis.ch\/de\/wp-json\/wp\/v2\/types\/product"}],"replies":[{"embeddable":true,"href":"https:\/\/yotavis.ch\/de\/wp-json\/wp\/v2\/comments?post=3970"}],"wp:featuredmedia":[{"embeddable":true,"href":"https:\/\/yotavis.ch\/de\/wp-json\/wp\/v2\/media\/7228"}],"wp:attachment":[{"href":"https:\/\/yotavis.ch\/de\/wp-json\/wp\/v2\/media?parent=3970"}],"wp:term":[{"taxonomy":"product_brand","embeddable":true,"href":"https:\/\/yotavis.ch\/de\/wp-json\/wp\/v2\/product_brand?post=3970"},{"taxonomy":"product_cat","embeddable":true,"href":"https:\/\/yotavis.ch\/de\/wp-json\/wp\/v2\/product_cat?post=3970"},{"taxonomy":"product_tag","embeddable":true,"href":"https:\/\/yotavis.ch\/de\/wp-json\/wp\/v2\/product_tag?post=3970"}],"curies":[{"name":"wp","href":"https:\/\/api.w.org\/{rel}","templated":true}]}}