{"id":3971,"date":"2025-10-09T00:00:00","date_gmt":"2025-10-08T22:00:00","guid":{"rendered":"https:\/\/yotavis.ch\/product\/t3rc0300-um\/"},"modified":"2026-04-24T13:32:15","modified_gmt":"2026-04-24T11:32:15","slug":"t3rc0300-um","status":"publish","type":"product","link":"https:\/\/yotavis.ch\/de\/produkt\/t3rc0300-um\/","title":{"rendered":"T3RC0300-UM"},"content":{"rendered":"<p>Der T3RC0300-UM von Teledyne Lecroy ist ein Wechselstrommesskopf mit einer Empfindlichkeit von 20 mV\/A und einer maximalen Stromkapazit\u00e4t von 300 A. Er verf\u00fcgt \u00fcber eine Niederfrequenz-Bandbreite, die bei 9,2 Hz beginnt und bis zu einer Hochfrequenz-Bandbreite von 30 MHz reicht, so dass er eine breite Palette von AC-Signalen messen kann. Die Sonde wird mit einem 1-Meter-Kabel f\u00fcr den Anschluss geliefert. Die Schnittstelle ist universell, so dass sie mit verschiedenen Messger\u00e4ten kompatibel ist. Diese Sonde ist so konzipiert, dass sie innerhalb der angegebenen Bandbreite und des Strombereichs genaue Strommessungen liefert.<\/p>","protected":false},"excerpt":{"rendered":"<p>AC-Stromzange 20 mV\/A, 300A, 9,2 Hz NF-Bandbreite, 30MHz HF-Bandbreite, 1m Kabel.<\/p>","protected":false},"featured_media":7228,"comment_status":"closed","ping_status":"closed","template":"","meta":{"_acf_changed":false,"slim_seo":{"title":"T3RC0300-UM - YOTAVIS AG","description":"AC-Stromzange 20 mV\/A, 300A, 9,2 Hz NF-Bandbreite, 30MHz HF-Bandbreite, 1m Kabel."}},"product_brand":[542],"product_cat":[536,509],"product_tag":[],"class_list":{"0":"post-3971","1":"product","2":"type-product","3":"status-publish","4":"has-post-thumbnail","6":"product_brand-lecroy","7":"product_cat-current-probes-en","8":"product_cat-probes-en","9":"pa_bandwidth-mhz-320","10":"pa_current-max-a-500","11":"pa_imax-ac-a-1019","12":"pa_interface-universal","14":"first","15":"instock","16":"taxable","17":"shipping-taxable","18":"purchasable","19":"product-type-simple"},"acf":[],"_links":{"self":[{"href":"https:\/\/yotavis.ch\/de\/wp-json\/wp\/v2\/product\/3971","targetHints":{"allow":["GET"]}}],"collection":[{"href":"https:\/\/yotavis.ch\/de\/wp-json\/wp\/v2\/product"}],"about":[{"href":"https:\/\/yotavis.ch\/de\/wp-json\/wp\/v2\/types\/product"}],"replies":[{"embeddable":true,"href":"https:\/\/yotavis.ch\/de\/wp-json\/wp\/v2\/comments?post=3971"}],"wp:featuredmedia":[{"embeddable":true,"href":"https:\/\/yotavis.ch\/de\/wp-json\/wp\/v2\/media\/7228"}],"wp:attachment":[{"href":"https:\/\/yotavis.ch\/de\/wp-json\/wp\/v2\/media?parent=3971"}],"wp:term":[{"taxonomy":"product_brand","embeddable":true,"href":"https:\/\/yotavis.ch\/de\/wp-json\/wp\/v2\/product_brand?post=3971"},{"taxonomy":"product_cat","embeddable":true,"href":"https:\/\/yotavis.ch\/de\/wp-json\/wp\/v2\/product_cat?post=3971"},{"taxonomy":"product_tag","embeddable":true,"href":"https:\/\/yotavis.ch\/de\/wp-json\/wp\/v2\/product_tag?post=3971"}],"curies":[{"name":"wp","href":"https:\/\/api.w.org\/{rel}","templated":true}]}}