{"id":3972,"date":"2025-10-09T00:00:00","date_gmt":"2025-10-08T22:00:00","guid":{"rendered":"https:\/\/yotavis.ch\/product\/t3rc0600-hf\/"},"modified":"2026-04-24T13:32:15","modified_gmt":"2026-04-24T11:32:15","slug":"t3rc0600-hf","status":"publish","type":"product","link":"https:\/\/yotavis.ch\/de\/produkt\/t3rc0600-hf\/","title":{"rendered":"T3RC0600-HF"},"content":{"rendered":"<p>Der T3RC0600-HF von Teledyne Lecroy ist ein Wechselstrommesskopf zur Messung von Str\u00f6men bis zu 600 A mit einer Ausgangsempfindlichkeit von 10 mV\/A. Er verf\u00fcgt \u00fcber eine Niederfrequenz-Bandbreite, die bei 12 Hz beginnt und sich bis zu einer Hochfrequenz-Bandbreite von 30 MHz erstreckt, was genaue Strommessungen \u00fcber einen gro\u00dfen Frequenzbereich erm\u00f6glicht. Die Sonde ist mit einem 1-Meter-Kabel ausgestattet, das Flexibilit\u00e4t bei der Positionierung und eine einfache Handhabung w\u00e4hrend der Pr\u00fcfung erm\u00f6glicht. Seine universelle Schnittstelle gew\u00e4hrleistet die Kompatibilit\u00e4t mit verschiedenen Messinstrumenten, wodurch er sich f\u00fcr unterschiedliche Anwendungen eignet. Das Ger\u00e4t ist f\u00fcr Wechselstr\u00f6me mit einer maximalen Belastbarkeit von 600 A ausgelegt und unterst\u00fctzt die pr\u00e4zise Strommessung in anspruchsvollen Umgebungen. Die Bandbreite von 30 MHz erm\u00f6glicht es dem Tastkopf, schnelle transiente Signale und hochfrequente Komponenten effektiv zu erfassen. Diese Kombination von Merkmalen macht den T3RC0600-HF zu einem vielseitigen Werkzeug f\u00fcr elektrische Pr\u00fcfungen und Analysen, bei denen eine genaue Wechselstrommessung erforderlich ist.<\/p>","protected":false},"excerpt":{"rendered":"<p>AC-Stromzange 10 mV\/A, 600A, 12 Hz NF-Bandbreite, 30MHz HF-Bandbreite, 1m Kabel.<\/p>","protected":false},"featured_media":7229,"comment_status":"closed","ping_status":"closed","template":"","meta":{"_acf_changed":false,"slim_seo":{"title":"T3RC0600-HF - YOTAVIS AG","description":"AC-Stromzange 10 mV\/A, 600A, 12 Hz NF-Bandbreite, 30MHz HF-Bandbreite, 1m Kabel."}},"product_brand":[542],"product_cat":[536,509],"product_tag":[],"class_list":{"0":"post-3972","1":"product","2":"type-product","3":"status-publish","4":"has-post-thumbnail","6":"product_brand-lecroy","7":"product_cat-current-probes-en","8":"product_cat-probes-en","9":"pa_bandwidth-mhz-320","10":"pa_current-max-a-501","11":"pa_imax-ac-a-1019","12":"pa_interface-universal","14":"first","15":"instock","16":"taxable","17":"shipping-taxable","18":"purchasable","19":"product-type-simple"},"acf":[],"_links":{"self":[{"href":"https:\/\/yotavis.ch\/de\/wp-json\/wp\/v2\/product\/3972","targetHints":{"allow":["GET"]}}],"collection":[{"href":"https:\/\/yotavis.ch\/de\/wp-json\/wp\/v2\/product"}],"about":[{"href":"https:\/\/yotavis.ch\/de\/wp-json\/wp\/v2\/types\/product"}],"replies":[{"embeddable":true,"href":"https:\/\/yotavis.ch\/de\/wp-json\/wp\/v2\/comments?post=3972"}],"wp:featuredmedia":[{"embeddable":true,"href":"https:\/\/yotavis.ch\/de\/wp-json\/wp\/v2\/media\/7229"}],"wp:attachment":[{"href":"https:\/\/yotavis.ch\/de\/wp-json\/wp\/v2\/media?parent=3972"}],"wp:term":[{"taxonomy":"product_brand","embeddable":true,"href":"https:\/\/yotavis.ch\/de\/wp-json\/wp\/v2\/product_brand?post=3972"},{"taxonomy":"product_cat","embeddable":true,"href":"https:\/\/yotavis.ch\/de\/wp-json\/wp\/v2\/product_cat?post=3972"},{"taxonomy":"product_tag","embeddable":true,"href":"https:\/\/yotavis.ch\/de\/wp-json\/wp\/v2\/product_tag?post=3972"}],"curies":[{"name":"wp","href":"https:\/\/api.w.org\/{rel}","templated":true}]}}