{"id":3973,"date":"2025-10-09T00:00:00","date_gmt":"2025-10-08T22:00:00","guid":{"rendered":"https:\/\/yotavis.ch\/product\/t3rc3000-hf\/"},"modified":"2026-04-24T13:32:15","modified_gmt":"2026-04-24T11:32:15","slug":"t3rc3000-hf","status":"publish","type":"product","link":"https:\/\/yotavis.ch\/de\/produkt\/t3rc3000-hf\/","title":{"rendered":"T3RC3000-HF"},"content":{"rendered":"<p>Der T3RC3000-HF von Teledyne Lecroy ist ein Wechselstrommesskopf mit einer Empfindlichkeit von 2 mV\/A und einer maximalen Stromkapazit\u00e4t von 3.000 A. Er verf\u00fcgt \u00fcber eine Niederfrequenz-Bandbreite ab 3 Hz und reicht bis zu einer Hochfrequenz-Bandbreite von 23 MHz. Die Sonde verf\u00fcgt \u00fcber eine 200-mm-Spule und ist mit einem 4-Meter-Kabel f\u00fcr den Anschluss ausgestattet. Dieser universell einsetzbare Tastkopf eignet sich f\u00fcr verschiedene Messanwendungen, die eine genaue Strommessung \u00fcber einen gro\u00dfen Frequenzbereich erfordern. Die Kombination aus hoher Strombelastbarkeit und gro\u00dfer Bandbreite macht ihn sowohl f\u00fcr niederfrequente als auch f\u00fcr hochfrequente Strommessungen geeignet.<\/p>","protected":false},"excerpt":{"rendered":"<p>AC-Stromsonde 2 mV\/A, 3.000A, 3 Hz NF-Bandbreite, 23MHz HF-Bandbreite, 4m Kabel, 200mm Spule.<\/p>","protected":false},"featured_media":7229,"comment_status":"closed","ping_status":"closed","template":"","meta":{"_acf_changed":false,"slim_seo":{"title":"T3RC3000-HF - YOTAVIS AG","description":"AC-Stromsonde 2 mV\/A, 3.000A, 3 Hz NF-Bandbreite, 23MHz HF-Bandbreite, 4m Kabel, 200mm Spule."}},"product_brand":[542],"product_cat":[536,509],"product_tag":[],"class_list":{"0":"post-3973","1":"product","2":"type-product","3":"status-publish","4":"has-post-thumbnail","6":"product_brand-lecroy","7":"product_cat-current-probes-en","8":"product_cat-probes-en","9":"pa_bandwidth-mhz-321","10":"pa_current-max-a-502","11":"pa_imax-ac-a-1019","12":"pa_interface-universal","14":"first","15":"instock","16":"taxable","17":"shipping-taxable","18":"purchasable","19":"product-type-simple"},"acf":[],"_links":{"self":[{"href":"https:\/\/yotavis.ch\/de\/wp-json\/wp\/v2\/product\/3973","targetHints":{"allow":["GET"]}}],"collection":[{"href":"https:\/\/yotavis.ch\/de\/wp-json\/wp\/v2\/product"}],"about":[{"href":"https:\/\/yotavis.ch\/de\/wp-json\/wp\/v2\/types\/product"}],"replies":[{"embeddable":true,"href":"https:\/\/yotavis.ch\/de\/wp-json\/wp\/v2\/comments?post=3973"}],"wp:featuredmedia":[{"embeddable":true,"href":"https:\/\/yotavis.ch\/de\/wp-json\/wp\/v2\/media\/7229"}],"wp:attachment":[{"href":"https:\/\/yotavis.ch\/de\/wp-json\/wp\/v2\/media?parent=3973"}],"wp:term":[{"taxonomy":"product_brand","embeddable":true,"href":"https:\/\/yotavis.ch\/de\/wp-json\/wp\/v2\/product_brand?post=3973"},{"taxonomy":"product_cat","embeddable":true,"href":"https:\/\/yotavis.ch\/de\/wp-json\/wp\/v2\/product_cat?post=3973"},{"taxonomy":"product_tag","embeddable":true,"href":"https:\/\/yotavis.ch\/de\/wp-json\/wp\/v2\/product_tag?post=3973"}],"curies":[{"name":"wp","href":"https:\/\/api.w.org\/{rel}","templated":true}]}}