{"id":3974,"date":"2025-10-09T00:00:00","date_gmt":"2025-10-08T22:00:00","guid":{"rendered":"https:\/\/yotavis.ch\/product\/t3rc3000-lf\/"},"modified":"2026-04-24T13:32:16","modified_gmt":"2026-04-24T11:32:16","slug":"t3rc3000-lf","status":"publish","type":"product","link":"https:\/\/yotavis.ch\/de\/produkt\/t3rc3000-lf\/","title":{"rendered":"T3RC3000-LF"},"content":{"rendered":"<p>Der T3RC3000-LF von Teledyne Lecroy ist ein Wechselstrommesskopf zur Messung von Str\u00f6men bis zu 3.000 Ampere mit einer Empfindlichkeit von 2 Millivolt pro Ampere. Er verf\u00fcgt \u00fcber eine Niederfrequenz-Bandbreite, die bei 0,11 Hz beginnt und sich bis zu einer Hochfrequenz-Bandbreite von 6,5 MHz erstreckt, wodurch er einen gro\u00dfen Bereich von Signalfrequenzen erfassen kann. Die Sonde verf\u00fcgt \u00fcber eine 300-mm-Spule, die die Messung von Strom in verschiedenen Leitergr\u00f6\u00dfen erm\u00f6glicht. Sie ist mit einem 4-Meter-Kabel ausgestattet, das eine flexible Positionierung und eine einfache Verwendung in verschiedenen Pr\u00fcfumgebungen erm\u00f6glicht. Das Ger\u00e4t verf\u00fcgt \u00fcber eine universelle Schnittstelle, die es mit einer Vielzahl von Messger\u00e4ten kompatibel macht. Diese Sonde eignet sich f\u00fcr Anwendungen, die pr\u00e4zise Wechselstrommessungen \u00fcber ein breites Frequenzspektrum erfordern, da sie sowohl Niederfrequenz- als auch Hochfrequenzfunktionen in einem einzigen Ger\u00e4t vereint.<\/p>","protected":false},"excerpt":{"rendered":"<p>AC-Stromsonde 2 mV\/A, 3.000A, 0,11 Hz NF-Bandbreite, 6,5MHz HF-Bandbreite, 4m Kabel, 300mm Spule.<\/p>","protected":false},"featured_media":7232,"comment_status":"closed","ping_status":"closed","template":"","meta":{"_acf_changed":false,"slim_seo":{"title":"T3RC3000-LF - YOTAVIS AG","description":"AC-Stromsonde 2 mV\/A, 3.000A, 0,11 Hz NF-Bandbreite, 6,5MHz HF-Bandbreite, 4m Kabel, 300mm Spule."}},"product_brand":[542],"product_cat":[536,509],"product_tag":[],"class_list":{"0":"post-3974","1":"product","2":"type-product","3":"status-publish","4":"has-post-thumbnail","6":"product_brand-lecroy","7":"product_cat-current-probes-en","8":"product_cat-probes-en","9":"pa_bandwidth-mhz-6-5","10":"pa_current-max-a-502","11":"pa_imax-ac-a-1019","12":"pa_interface-universal","14":"first","15":"instock","16":"taxable","17":"shipping-taxable","18":"purchasable","19":"product-type-simple"},"acf":[],"_links":{"self":[{"href":"https:\/\/yotavis.ch\/de\/wp-json\/wp\/v2\/product\/3974","targetHints":{"allow":["GET"]}}],"collection":[{"href":"https:\/\/yotavis.ch\/de\/wp-json\/wp\/v2\/product"}],"about":[{"href":"https:\/\/yotavis.ch\/de\/wp-json\/wp\/v2\/types\/product"}],"replies":[{"embeddable":true,"href":"https:\/\/yotavis.ch\/de\/wp-json\/wp\/v2\/comments?post=3974"}],"wp:featuredmedia":[{"embeddable":true,"href":"https:\/\/yotavis.ch\/de\/wp-json\/wp\/v2\/media\/7232"}],"wp:attachment":[{"href":"https:\/\/yotavis.ch\/de\/wp-json\/wp\/v2\/media?parent=3974"}],"wp:term":[{"taxonomy":"product_brand","embeddable":true,"href":"https:\/\/yotavis.ch\/de\/wp-json\/wp\/v2\/product_brand?post=3974"},{"taxonomy":"product_cat","embeddable":true,"href":"https:\/\/yotavis.ch\/de\/wp-json\/wp\/v2\/product_cat?post=3974"},{"taxonomy":"product_tag","embeddable":true,"href":"https:\/\/yotavis.ch\/de\/wp-json\/wp\/v2\/product_tag?post=3974"}],"curies":[{"name":"wp","href":"https:\/\/api.w.org\/{rel}","templated":true}]}}