{"id":3975,"date":"2025-10-09T00:00:00","date_gmt":"2025-10-08T22:00:00","guid":{"rendered":"https:\/\/yotavis.ch\/product\/t3rc6000-lf\/"},"modified":"2026-04-24T13:32:16","modified_gmt":"2026-04-24T11:32:16","slug":"t3rc6000-lf","status":"publish","type":"product","link":"https:\/\/yotavis.ch\/de\/produkt\/t3rc6000-lf\/","title":{"rendered":"T3RC6000-LF"},"content":{"rendered":"<p>Der T3RC6000-LF von Teledyne Lecroy ist ein Wechselstrommesskopf zur Messung von Str\u00f6men bis zu 6.000 Ampere mit einer Empfindlichkeit von 1 mV pro Ampere. Er verf\u00fcgt \u00fcber eine Niederfrequenz-Bandbreite, die bei 0,055 Hz beginnt und sich bis zu einer Hochfrequenz-Bandbreite von 6,5 MHz erstreckt, wodurch er einen gro\u00dfen Bereich von Signalfrequenzen erfassen kann. Die Sonde verf\u00fcgt \u00fcber ein 4 Meter langes Kabel zur flexiblen Positionierung w\u00e4hrend der Messung und hat einen Spulendurchmesser von 300 Millimetern. Ihre Schnittstelle ist universell, so dass sie mit verschiedenen Messsystemen kompatibel ist. Der Tastkopf eignet sich f\u00fcr Anwendungen, die eine pr\u00e4zise Strommessung \u00fcber einen breiten Frequenzbereich erfordern, unterst\u00fctzt durch seine gro\u00dfe Bandbreite. Die Kombination aus hoher Stromkapazit\u00e4t und gro\u00dfer Bandbreite macht ihn zu einem vielseitigen Werkzeug f\u00fcr elektrische Pr\u00fcfungen und Analysen.<\/p>","protected":false},"excerpt":{"rendered":"<p>AC-Stromsonde 1 mV\/A, 6.000A, 0,055 Hz NF-Bandbreite, 6,5MHz HF-Bandbreite, 4m Kabel, 300mm Spule.<\/p>","protected":false},"featured_media":7232,"comment_status":"closed","ping_status":"closed","template":"","meta":{"_acf_changed":false,"slim_seo":{"title":"T3RC6000-LF - YOTAVIS AG","description":"AC-Stromsonde 1 mV\/A, 6.000A, 0,055 Hz NF-Bandbreite, 6,5MHz HF-Bandbreite, 4m Kabel, 300mm Spule."}},"product_brand":[542],"product_cat":[536,509],"product_tag":[],"class_list":{"0":"post-3975","1":"product","2":"type-product","3":"status-publish","4":"has-post-thumbnail","6":"product_brand-lecroy","7":"product_cat-current-probes-en","8":"product_cat-probes-en","9":"pa_bandwidth-mhz-6-5","10":"pa_current-max-a-503","11":"pa_imax-ac-a-1019","12":"pa_interface-universal","14":"first","15":"instock","16":"taxable","17":"shipping-taxable","18":"purchasable","19":"product-type-simple"},"acf":[],"_links":{"self":[{"href":"https:\/\/yotavis.ch\/de\/wp-json\/wp\/v2\/product\/3975","targetHints":{"allow":["GET"]}}],"collection":[{"href":"https:\/\/yotavis.ch\/de\/wp-json\/wp\/v2\/product"}],"about":[{"href":"https:\/\/yotavis.ch\/de\/wp-json\/wp\/v2\/types\/product"}],"replies":[{"embeddable":true,"href":"https:\/\/yotavis.ch\/de\/wp-json\/wp\/v2\/comments?post=3975"}],"wp:featuredmedia":[{"embeddable":true,"href":"https:\/\/yotavis.ch\/de\/wp-json\/wp\/v2\/media\/7232"}],"wp:attachment":[{"href":"https:\/\/yotavis.ch\/de\/wp-json\/wp\/v2\/media?parent=3975"}],"wp:term":[{"taxonomy":"product_brand","embeddable":true,"href":"https:\/\/yotavis.ch\/de\/wp-json\/wp\/v2\/product_brand?post=3975"},{"taxonomy":"product_cat","embeddable":true,"href":"https:\/\/yotavis.ch\/de\/wp-json\/wp\/v2\/product_cat?post=3975"},{"taxonomy":"product_tag","embeddable":true,"href":"https:\/\/yotavis.ch\/de\/wp-json\/wp\/v2\/product_tag?post=3975"}],"curies":[{"name":"wp","href":"https:\/\/api.w.org\/{rel}","templated":true}]}}