{"id":3976,"date":"2025-10-09T00:00:00","date_gmt":"2025-10-08T22:00:00","guid":{"rendered":"https:\/\/yotavis.ch\/product\/t3cp100-2\/"},"modified":"2026-04-24T13:32:16","modified_gmt":"2026-04-24T11:32:16","slug":"t3cp100-2","status":"publish","type":"product","link":"https:\/\/yotavis.ch\/de\/produkt\/t3cp100-2\/","title":{"rendered":"T3CP100-2"},"content":{"rendered":"<p>Der T3CP100-2 von Teledyne Lecroy ist ein Strommesskopf, der sowohl Gleich- als auch Wechselstr\u00f6me mit einer maximalen Stromkapazit\u00e4t von 100 A Spitze und 70 A Effektivwert messen kann. Er arbeitet mit einer Bandbreite von 2 MHz, so dass er Signale bis zu diesem Frequenzbereich erfassen kann. Die Sonde verf\u00fcgt \u00fcber einen BNC-Stecker f\u00fcr die einfache Integration in kompatible Messger\u00e4te. Sie ist mit einem 1 Meter langen Kabel ausgestattet, das eine flexible Positionierung w\u00e4hrend des Einsatzes erm\u00f6glicht. Die Schnittstelle ist universell und gew\u00e4hrleistet die Kompatibilit\u00e4t mit einer Vielzahl von Ger\u00e4ten. Diese Stromsonde eignet sich f\u00fcr Anwendungen, die genaue Strommessungen innerhalb der angegebenen Frequenz- und Stromgrenzen erfordern.<\/p>","protected":false},"excerpt":{"rendered":"<p>100A, 2 MHz, DC\/AC-Stromzange, BNC, 100A Peak, 70A rms, 1 Meter Kabel<\/p>","protected":false},"featured_media":7234,"comment_status":"closed","ping_status":"closed","template":"","meta":{"_acf_changed":false,"slim_seo":{"title":"T3CP100-2 - YOTAVIS AG","description":"100A, 2 MHz, DC\/AC-Stromzange, BNC, 100A Peak, 70A rms, 1 Meter Kabel"}},"product_brand":[542],"product_cat":[536,509],"product_tag":[],"class_list":{"0":"post-3976","1":"product","2":"type-product","3":"status-publish","4":"has-post-thumbnail","6":"product_brand-lecroy","7":"product_cat-current-probes-en","8":"product_cat-probes-en","9":"pa_bandwidth-mhz-221","10":"pa_current-max-a-445","11":"pa_imax-ac-a-1019","12":"pa_interface-universal","14":"first","15":"instock","16":"taxable","17":"shipping-taxable","18":"purchasable","19":"product-type-simple"},"acf":[],"_links":{"self":[{"href":"https:\/\/yotavis.ch\/de\/wp-json\/wp\/v2\/product\/3976","targetHints":{"allow":["GET"]}}],"collection":[{"href":"https:\/\/yotavis.ch\/de\/wp-json\/wp\/v2\/product"}],"about":[{"href":"https:\/\/yotavis.ch\/de\/wp-json\/wp\/v2\/types\/product"}],"replies":[{"embeddable":true,"href":"https:\/\/yotavis.ch\/de\/wp-json\/wp\/v2\/comments?post=3976"}],"wp:featuredmedia":[{"embeddable":true,"href":"https:\/\/yotavis.ch\/de\/wp-json\/wp\/v2\/media\/7234"}],"wp:attachment":[{"href":"https:\/\/yotavis.ch\/de\/wp-json\/wp\/v2\/media?parent=3976"}],"wp:term":[{"taxonomy":"product_brand","embeddable":true,"href":"https:\/\/yotavis.ch\/de\/wp-json\/wp\/v2\/product_brand?post=3976"},{"taxonomy":"product_cat","embeddable":true,"href":"https:\/\/yotavis.ch\/de\/wp-json\/wp\/v2\/product_cat?post=3976"},{"taxonomy":"product_tag","embeddable":true,"href":"https:\/\/yotavis.ch\/de\/wp-json\/wp\/v2\/product_tag?post=3976"}],"curies":[{"name":"wp","href":"https:\/\/api.w.org\/{rel}","templated":true}]}}