{"id":3977,"date":"2025-10-09T00:00:00","date_gmt":"2025-10-08T22:00:00","guid":{"rendered":"https:\/\/yotavis.ch\/product\/t3cp150-12\/"},"modified":"2026-04-24T13:32:17","modified_gmt":"2026-04-24T11:32:17","slug":"t3cp150-12","status":"publish","type":"product","link":"https:\/\/yotavis.ch\/de\/produkt\/t3cp150-12\/","title":{"rendered":"T3CP150-12"},"content":{"rendered":"<p>Der T3CP150-12 von Teledyne Lecroy ist ein Strommesskopf, der f\u00fcr die Messung von Str\u00f6men bis zu 150 A rms mit einer Impulsspitzenkapazit\u00e4t von 300 A ausgelegt ist. Er arbeitet mit einer Bandbreite von 12 MHz, so dass er Signale innerhalb dieses Frequenzbereichs erfassen kann. Die Sonde verf\u00fcgt \u00fcber einen BNC-Anschluss, der die Kompatibilit\u00e4t mit einer Vielzahl von Messinstrumenten gew\u00e4hrleistet. Er unterst\u00fctzt sowohl AC- als auch DC-Strommessungen und ist damit vielseitig f\u00fcr verschiedene Pr\u00fcfszenarien einsetzbar. Das Ger\u00e4t ist in der Lage, einen maximalen Strom von 150 A zu bew\u00e4ltigen und bietet somit eine zuverl\u00e4ssige Leistung f\u00fcr Hochstromanwendungen. Seine universelle Schnittstelle erm\u00f6glicht eine einfache Integration in bestehende Anlagen. Diese Stromsonde eignet sich f\u00fcr die pr\u00e4zise Strom\u00fcberwachung, wenn genaue AC- und DC-Messungen erforderlich sind.<\/p>","protected":false},"excerpt":{"rendered":"<p>150A, 12 MHz Stromzange, BNC, AC\/DC, 150A rms, 300A Peak Pulse<\/p>","protected":false},"featured_media":7238,"comment_status":"closed","ping_status":"closed","template":"","meta":{"_acf_changed":false,"slim_seo":{"title":"T3CP150-12 - YOTAVIS AG","description":"150A, 12 MHz Stromzange, BNC, AC\/DC, 150A rms, 300A Peak Pulse"}},"product_brand":[542],"product_cat":[536,509],"product_tag":[],"class_list":{"0":"post-3977","1":"product","2":"type-product","3":"status-publish","4":"has-post-thumbnail","6":"product_brand-lecroy","7":"product_cat-current-probes-en","8":"product_cat-probes-en","9":"pa_bandwidth-mhz-219","10":"pa_current-max-a-451","11":"pa_imax-ac-a-1019","12":"pa_interface-universal","14":"first","15":"instock","16":"taxable","17":"shipping-taxable","18":"purchasable","19":"product-type-simple"},"acf":[],"_links":{"self":[{"href":"https:\/\/yotavis.ch\/de\/wp-json\/wp\/v2\/product\/3977","targetHints":{"allow":["GET"]}}],"collection":[{"href":"https:\/\/yotavis.ch\/de\/wp-json\/wp\/v2\/product"}],"about":[{"href":"https:\/\/yotavis.ch\/de\/wp-json\/wp\/v2\/types\/product"}],"replies":[{"embeddable":true,"href":"https:\/\/yotavis.ch\/de\/wp-json\/wp\/v2\/comments?post=3977"}],"wp:featuredmedia":[{"embeddable":true,"href":"https:\/\/yotavis.ch\/de\/wp-json\/wp\/v2\/media\/7238"}],"wp:attachment":[{"href":"https:\/\/yotavis.ch\/de\/wp-json\/wp\/v2\/media?parent=3977"}],"wp:term":[{"taxonomy":"product_brand","embeddable":true,"href":"https:\/\/yotavis.ch\/de\/wp-json\/wp\/v2\/product_brand?post=3977"},{"taxonomy":"product_cat","embeddable":true,"href":"https:\/\/yotavis.ch\/de\/wp-json\/wp\/v2\/product_cat?post=3977"},{"taxonomy":"product_tag","embeddable":true,"href":"https:\/\/yotavis.ch\/de\/wp-json\/wp\/v2\/product_tag?post=3977"}],"curies":[{"name":"wp","href":"https:\/\/api.w.org\/{rel}","templated":true}]}}