{"id":3978,"date":"2025-10-09T00:00:00","date_gmt":"2025-10-08T22:00:00","guid":{"rendered":"https:\/\/yotavis.ch\/product\/t3cp30-100\/"},"modified":"2026-04-24T13:32:17","modified_gmt":"2026-04-24T11:32:17","slug":"t3cp30-100","status":"publish","type":"product","link":"https:\/\/yotavis.ch\/de\/produkt\/t3cp30-100\/","title":{"rendered":"T3CP30-100"},"content":{"rendered":"<p>Der T3CP30-100 ist ein von Teledyne Lecroy entwickelter Stromf\u00fchler, der Str\u00f6me bis zu 30 A rms mit einem Spitzenimpulsstrom von 50 A messen kann. Er arbeitet mit einer Bandbreite von 100 MHz, so dass er Signale innerhalb dieses Frequenzbereichs genau erfassen kann. Der Tastkopf verf\u00fcgt \u00fcber einen BNC-Anschluss und unterst\u00fctzt sowohl Wechsel- als auch Gleichstrommessungen. Seine universelle Schnittstelle gew\u00e4hrleistet die Kompatibilit\u00e4t mit einer Vielzahl von Messinstrumenten. Diese Stromsonde eignet sich f\u00fcr Anwendungen, die eine pr\u00e4zise Strom\u00fcberwachung und -analyse innerhalb der angegebenen Strom- und Frequenzgrenzen erfordern.<\/p>","protected":false},"excerpt":{"rendered":"<p>30A, 100 MHz Stromzange, BNC, AC\/DC, 30A rms, 50A Peak Pulse<\/p>","protected":false},"featured_media":7240,"comment_status":"closed","ping_status":"closed","template":"","meta":{"_acf_changed":false,"slim_seo":{"title":"T3CP30-100 - YOTAVIS AG","description":"30A, 100 MHz Stromzange, BNC, AC\/DC, 30A rms, 50A Peak Pulse"}},"product_brand":[542],"product_cat":[536,509],"product_tag":[],"class_list":{"0":"post-3978","1":"product","2":"type-product","3":"status-publish","4":"has-post-thumbnail","6":"product_brand-lecroy","7":"product_cat-current-probes-en","8":"product_cat-probes-en","9":"pa_bandwidth-mhz-90","10":"pa_current-max-a-450","11":"pa_imax-ac-a-1019","12":"pa_interface-universal","14":"first","15":"instock","16":"taxable","17":"shipping-taxable","18":"purchasable","19":"product-type-simple"},"acf":[],"_links":{"self":[{"href":"https:\/\/yotavis.ch\/de\/wp-json\/wp\/v2\/product\/3978","targetHints":{"allow":["GET"]}}],"collection":[{"href":"https:\/\/yotavis.ch\/de\/wp-json\/wp\/v2\/product"}],"about":[{"href":"https:\/\/yotavis.ch\/de\/wp-json\/wp\/v2\/types\/product"}],"replies":[{"embeddable":true,"href":"https:\/\/yotavis.ch\/de\/wp-json\/wp\/v2\/comments?post=3978"}],"wp:featuredmedia":[{"embeddable":true,"href":"https:\/\/yotavis.ch\/de\/wp-json\/wp\/v2\/media\/7240"}],"wp:attachment":[{"href":"https:\/\/yotavis.ch\/de\/wp-json\/wp\/v2\/media?parent=3978"}],"wp:term":[{"taxonomy":"product_brand","embeddable":true,"href":"https:\/\/yotavis.ch\/de\/wp-json\/wp\/v2\/product_brand?post=3978"},{"taxonomy":"product_cat","embeddable":true,"href":"https:\/\/yotavis.ch\/de\/wp-json\/wp\/v2\/product_cat?post=3978"},{"taxonomy":"product_tag","embeddable":true,"href":"https:\/\/yotavis.ch\/de\/wp-json\/wp\/v2\/product_tag?post=3978"}],"curies":[{"name":"wp","href":"https:\/\/api.w.org\/{rel}","templated":true}]}}