{"id":3979,"date":"2025-10-09T00:00:00","date_gmt":"2025-10-08T22:00:00","guid":{"rendered":"https:\/\/yotavis.ch\/product\/t3cp30-50\/"},"modified":"2026-04-24T13:32:17","modified_gmt":"2026-04-24T11:32:17","slug":"t3cp30-50","status":"publish","type":"product","link":"https:\/\/yotavis.ch\/de\/produkt\/t3cp30-50\/","title":{"rendered":"T3CP30-50"},"content":{"rendered":"<p>Der T3CP30-50 von Teledyne Lecroy ist ein Strommesskopf, der f\u00fcr die Messung von Str\u00f6men bis zu 30 A Effektivwert mit einer Impulsspitzenkapazit\u00e4t von 50 A ausgelegt ist. Er arbeitet mit einer Bandbreite von 50 MHz, so dass er Signale innerhalb dieses Frequenzbereichs erfassen kann. Der Tastkopf verf\u00fcgt \u00fcber einen BNC-Anschluss und unterst\u00fctzt sowohl Wechsel- als auch Gleichstrommessungen. Die Schnittstelle ist universell und gew\u00e4hrleistet die Kompatibilit\u00e4t mit einer breiten Palette von Ger\u00e4ten. Diese Stromsonde eignet sich f\u00fcr Anwendungen, die eine pr\u00e4zise Strommessung innerhalb der vorgegebenen Grenzen erfordern. Das Ger\u00e4t ist f\u00fcr eine maximale Stromst\u00e4rke von 30 A ausgelegt und eignet sich somit f\u00fcr verschiedene Pr\u00fcf- und Diagnoseaufgaben. Das Design konzentriert sich auf die Lieferung genauer Strommesswerte \u00fcber die gesamte Betriebsbandbreite.<\/p>","protected":false},"excerpt":{"rendered":"<p>30A, 50 MHz Stromzange, BNC, AC\/DC, 30A rms, 50A Peak Pulse<\/p>","protected":false},"featured_media":7240,"comment_status":"closed","ping_status":"closed","template":"","meta":{"_acf_changed":false,"slim_seo":{"title":"T3CP30-50 - YOTAVIS AG","description":"30A, 50 MHz Stromzange, BNC, AC\/DC, 30A rms, 50A Peak Pulse"}},"product_brand":[542],"product_cat":[536,509],"product_tag":[],"class_list":{"0":"post-3979","1":"product","2":"type-product","3":"status-publish","4":"has-post-thumbnail","6":"product_brand-lecroy","7":"product_cat-current-probes-en","8":"product_cat-probes-en","9":"pa_bandwidth-mhz-100","10":"pa_current-max-a-450","11":"pa_imax-ac-a-1019","12":"pa_interface-universal","14":"first","15":"instock","16":"taxable","17":"shipping-taxable","18":"purchasable","19":"product-type-simple"},"acf":[],"_links":{"self":[{"href":"https:\/\/yotavis.ch\/de\/wp-json\/wp\/v2\/product\/3979","targetHints":{"allow":["GET"]}}],"collection":[{"href":"https:\/\/yotavis.ch\/de\/wp-json\/wp\/v2\/product"}],"about":[{"href":"https:\/\/yotavis.ch\/de\/wp-json\/wp\/v2\/types\/product"}],"replies":[{"embeddable":true,"href":"https:\/\/yotavis.ch\/de\/wp-json\/wp\/v2\/comments?post=3979"}],"wp:featuredmedia":[{"embeddable":true,"href":"https:\/\/yotavis.ch\/de\/wp-json\/wp\/v2\/media\/7240"}],"wp:attachment":[{"href":"https:\/\/yotavis.ch\/de\/wp-json\/wp\/v2\/media?parent=3979"}],"wp:term":[{"taxonomy":"product_brand","embeddable":true,"href":"https:\/\/yotavis.ch\/de\/wp-json\/wp\/v2\/product_brand?post=3979"},{"taxonomy":"product_cat","embeddable":true,"href":"https:\/\/yotavis.ch\/de\/wp-json\/wp\/v2\/product_cat?post=3979"},{"taxonomy":"product_tag","embeddable":true,"href":"https:\/\/yotavis.ch\/de\/wp-json\/wp\/v2\/product_tag?post=3979"}],"curies":[{"name":"wp","href":"https:\/\/api.w.org\/{rel}","templated":true}]}}