{"id":3980,"date":"2025-10-09T00:00:00","date_gmt":"2025-10-08T22:00:00","guid":{"rendered":"https:\/\/yotavis.ch\/product\/t3cp500-5\/"},"modified":"2026-04-24T13:32:18","modified_gmt":"2026-04-24T11:32:18","slug":"t3cp500-5","status":"publish","type":"product","link":"https:\/\/yotavis.ch\/de\/produkt\/t3cp500-5\/","title":{"rendered":"T3CP500-5"},"content":{"rendered":"<p>Der T3CP500-5 ist ein von Teledyne Lecroy entwickelter Strommesskopf, der sowohl Wechsel- als auch Gleichstrommessungen unterst\u00fctzt. Er verf\u00fcgt \u00fcber eine maximale Stromkapazit\u00e4t von 500 A rms und kann Impulsspitzenstr\u00f6me von bis zu 750 A verarbeiten. Die Sonde arbeitet mit einer Bandbreite von 5 MHz, so dass sie Signale innerhalb dieses Frequenzbereichs erfassen kann. F\u00fcr den Ausgang wird ein BNC-Stecker verwendet, der die Kompatibilit\u00e4t mit einer Vielzahl von Messinstrumenten gew\u00e4hrleistet. Die Schnittstelle ist universell, was eine einfache Integration in verschiedene Testaufbauten erm\u00f6glicht. Diese Stromsonde eignet sich f\u00fcr Anwendungen, die eine pr\u00e4zise Strommessung bis zu 500A mit einem Frequenzgang bis zu 5 MHz erfordern.<\/p>","protected":false},"excerpt":{"rendered":"<p>500A, 5 MHz Stromzange, BNC, AC\/DC, 500A rms, 750A Peak Pulse<\/p>","protected":false},"featured_media":7238,"comment_status":"closed","ping_status":"closed","template":"","meta":{"_acf_changed":false,"slim_seo":{"title":"T3CP500-5 - YOTAVIS AG","description":"500A, 5 MHz Stromzange, BNC, AC\/DC, 500A rms, 750A Peak Pulse"}},"product_brand":[542],"product_cat":[536,509],"product_tag":[],"class_list":{"0":"post-3980","1":"product","2":"type-product","3":"status-publish","4":"has-post-thumbnail","6":"product_brand-lecroy","7":"product_cat-current-probes-en","8":"product_cat-probes-en","9":"pa_bandwidth-mhz-220","10":"pa_current-max-a-452","11":"pa_imax-ac-a-1019","12":"pa_interface-universal","14":"first","15":"instock","16":"taxable","17":"shipping-taxable","18":"purchasable","19":"product-type-simple"},"acf":[],"_links":{"self":[{"href":"https:\/\/yotavis.ch\/de\/wp-json\/wp\/v2\/product\/3980","targetHints":{"allow":["GET"]}}],"collection":[{"href":"https:\/\/yotavis.ch\/de\/wp-json\/wp\/v2\/product"}],"about":[{"href":"https:\/\/yotavis.ch\/de\/wp-json\/wp\/v2\/types\/product"}],"replies":[{"embeddable":true,"href":"https:\/\/yotavis.ch\/de\/wp-json\/wp\/v2\/comments?post=3980"}],"wp:featuredmedia":[{"embeddable":true,"href":"https:\/\/yotavis.ch\/de\/wp-json\/wp\/v2\/media\/7238"}],"wp:attachment":[{"href":"https:\/\/yotavis.ch\/de\/wp-json\/wp\/v2\/media?parent=3980"}],"wp:term":[{"taxonomy":"product_brand","embeddable":true,"href":"https:\/\/yotavis.ch\/de\/wp-json\/wp\/v2\/product_brand?post=3980"},{"taxonomy":"product_cat","embeddable":true,"href":"https:\/\/yotavis.ch\/de\/wp-json\/wp\/v2\/product_cat?post=3980"},{"taxonomy":"product_tag","embeddable":true,"href":"https:\/\/yotavis.ch\/de\/wp-json\/wp\/v2\/product_tag?post=3980"}],"curies":[{"name":"wp","href":"https:\/\/api.w.org\/{rel}","templated":true}]}}