{"id":3981,"date":"2025-10-09T00:00:00","date_gmt":"2025-10-08T22:00:00","guid":{"rendered":"https:\/\/yotavis.ch\/product\/t3cp50-50\/"},"modified":"2026-04-24T13:32:18","modified_gmt":"2026-04-24T11:32:18","slug":"t3cp50-50","status":"publish","type":"product","link":"https:\/\/yotavis.ch\/de\/produkt\/t3cp50-50\/","title":{"rendered":"T3CP50-50"},"content":{"rendered":"<p>Der T3CP50-50 von Teledyne Lecroy ist ein Strommesskopf zur Messung von Str\u00f6men bis zu 50 Ampere mit einem maximalen Spitzenimpuls von 75 Ampere. Er arbeitet in einem Frequenzbereich bis zu 50 MHz und ist damit f\u00fcr verschiedene Wechsel- und Gleichstrommessanwendungen geeignet. Der Tastkopf verf\u00fcgt \u00fcber einen BNC-Stecker und bietet eine universelle Schnittstelle f\u00fcr die Kompatibilit\u00e4t mit verschiedenen Messger\u00e4ten. Er unterst\u00fctzt die Echt-Effektivwert-Strommessung und gew\u00e4hrleistet so genaue Messwerte sowohl f\u00fcr Wechsel- als auch f\u00fcr Gleichstromsignale. Das Ger\u00e4t ist f\u00fcr eine maximale Stromst\u00e4rke von 50 Ampere ausgelegt und hat eine Bandbreite von 50 MHz. Dieser Strommesskopf wurde f\u00fcr eine pr\u00e4zise Strommessung mit einer Spitzenimpulskapazit\u00e4t entwickelt, die \u00fcber den Nennwert des Dauerstroms hinausgeht. Sein Design erleichtert die Integration in Testaufbauten, die eine zuverl\u00e4ssige Strommessung bei moderaten Frequenzen erfordern.<\/p>","protected":false},"excerpt":{"rendered":"<p>50A, 50 MHz Stromzange, BNC, AC\/DC, 50A rms, 75A Peak Pulse<\/p>","protected":false},"featured_media":7240,"comment_status":"closed","ping_status":"closed","template":"","meta":{"_acf_changed":false,"slim_seo":{"title":"T3CP50-50 - YOTAVIS AG","description":"50A, 50 MHz Stromzange, BNC, AC\/DC, 50A rms, 75A Peak Pulse"}},"product_brand":[542],"product_cat":[536,509],"product_tag":[],"class_list":{"0":"post-3981","1":"product","2":"type-product","3":"status-publish","4":"has-post-thumbnail","6":"product_brand-lecroy","7":"product_cat-current-probes-en","8":"product_cat-probes-en","9":"pa_bandwidth-mhz-100","10":"pa_current-max-a-448","11":"pa_imax-ac-a-1019","12":"pa_interface-universal","14":"first","15":"instock","16":"taxable","17":"shipping-taxable","18":"purchasable","19":"product-type-simple"},"acf":[],"_links":{"self":[{"href":"https:\/\/yotavis.ch\/de\/wp-json\/wp\/v2\/product\/3981","targetHints":{"allow":["GET"]}}],"collection":[{"href":"https:\/\/yotavis.ch\/de\/wp-json\/wp\/v2\/product"}],"about":[{"href":"https:\/\/yotavis.ch\/de\/wp-json\/wp\/v2\/types\/product"}],"replies":[{"embeddable":true,"href":"https:\/\/yotavis.ch\/de\/wp-json\/wp\/v2\/comments?post=3981"}],"wp:featuredmedia":[{"embeddable":true,"href":"https:\/\/yotavis.ch\/de\/wp-json\/wp\/v2\/media\/7240"}],"wp:attachment":[{"href":"https:\/\/yotavis.ch\/de\/wp-json\/wp\/v2\/media?parent=3981"}],"wp:term":[{"taxonomy":"product_brand","embeddable":true,"href":"https:\/\/yotavis.ch\/de\/wp-json\/wp\/v2\/product_brand?post=3981"},{"taxonomy":"product_cat","embeddable":true,"href":"https:\/\/yotavis.ch\/de\/wp-json\/wp\/v2\/product_cat?post=3981"},{"taxonomy":"product_tag","embeddable":true,"href":"https:\/\/yotavis.ch\/de\/wp-json\/wp\/v2\/product_tag?post=3981"}],"curies":[{"name":"wp","href":"https:\/\/api.w.org\/{rel}","templated":true}]}}