{"id":3983,"date":"2025-10-09T00:00:00","date_gmt":"2025-10-08T22:00:00","guid":{"rendered":"https:\/\/yotavis.ch\/product\/t3hvd1500-70\/"},"modified":"2026-04-24T13:32:19","modified_gmt":"2026-04-24T11:32:19","slug":"t3hvd1500-70","status":"publish","type":"product","link":"https:\/\/yotavis.ch\/de\/produkt\/t3hvd1500-70\/","title":{"rendered":"T3HVD1500-70"},"content":{"rendered":"<p>Der T3HVD1500-70 von Teledyne Lecroy ist ein Hochspannungs-Differenzialtastkopf, der f\u00fcr Spannungen bis zu 1,5 kV ausgelegt ist. Er arbeitet mit einer Bandbreite von 70 MHz und ist damit f\u00fcr Anwendungen geeignet, die einen moderaten Frequenzgang erfordern. Der Tastkopf zeichnet sich durch eine niedrige Eingangskapazit\u00e4t von 2 pF und einen hohen Eingangswiderstand von 10 Mega-\u03a9 aus, was dazu beitr\u00e4gt, den Belastungseffekt auf die zu pr\u00fcfende Schaltung zu minimieren. Er bietet eine schnelle Anstiegszeit von weniger als 5 Nanosekunden, so dass er schnelle Signal\u00fcberg\u00e4nge genau erfassen kann. Die Schnittstelle ist universell und gew\u00e4hrleistet die Kompatibilit\u00e4t mit einer Vielzahl von Messger\u00e4ten. Dieser Tastkopf wurde entwickelt, um pr\u00e4zise Differenzmessungen in Hochspannungsumgebungen zu erm\u00f6glichen und gleichzeitig die Signalintegrit\u00e4t durch seine elektrischen Eigenschaften zu erhalten.<\/p>","protected":false},"excerpt":{"rendered":"<p>1,5 kV, 70 MHz, 2 pF,10 Mega-\u03a9, Anstiegszeit &lt; 5 ns, Hochspannungs-Differenzialtastkopf\n<\/p>","protected":false},"featured_media":7245,"comment_status":"closed","ping_status":"closed","template":"","meta":{"_acf_changed":false,"slim_seo":{"title":"T3HVD1500-70 - YOTAVIS AG","description":"1,5 kV, 70 MHz, 2 pF,10 Mega-\u03a9, Anstiegszeit &lt; 5 ns, Hochspannungs-Differenzialtastkopf"}},"product_brand":[542],"product_cat":[537,509],"product_tag":[],"class_list":{"0":"post-3983","1":"product","2":"type-product","3":"status-publish","4":"has-post-thumbnail","6":"product_brand-lecroy","7":"product_cat-high-voltage-probes-en","8":"product_cat-probes-en","9":"pa_bandwidth-mhz-94","10":"pa_imax-ac-a-1019","11":"pa_interface-universal","12":"pa_voltage-max-v-224","14":"first","15":"instock","16":"taxable","17":"shipping-taxable","18":"purchasable","19":"product-type-simple"},"acf":[],"_links":{"self":[{"href":"https:\/\/yotavis.ch\/de\/wp-json\/wp\/v2\/product\/3983","targetHints":{"allow":["GET"]}}],"collection":[{"href":"https:\/\/yotavis.ch\/de\/wp-json\/wp\/v2\/product"}],"about":[{"href":"https:\/\/yotavis.ch\/de\/wp-json\/wp\/v2\/types\/product"}],"replies":[{"embeddable":true,"href":"https:\/\/yotavis.ch\/de\/wp-json\/wp\/v2\/comments?post=3983"}],"wp:featuredmedia":[{"embeddable":true,"href":"https:\/\/yotavis.ch\/de\/wp-json\/wp\/v2\/media\/7245"}],"wp:attachment":[{"href":"https:\/\/yotavis.ch\/de\/wp-json\/wp\/v2\/media?parent=3983"}],"wp:term":[{"taxonomy":"product_brand","embeddable":true,"href":"https:\/\/yotavis.ch\/de\/wp-json\/wp\/v2\/product_brand?post=3983"},{"taxonomy":"product_cat","embeddable":true,"href":"https:\/\/yotavis.ch\/de\/wp-json\/wp\/v2\/product_cat?post=3983"},{"taxonomy":"product_tag","embeddable":true,"href":"https:\/\/yotavis.ch\/de\/wp-json\/wp\/v2\/product_tag?post=3983"}],"curies":[{"name":"wp","href":"https:\/\/api.w.org\/{rel}","templated":true}]}}