{"id":3984,"date":"2025-10-09T00:00:00","date_gmt":"2025-10-08T22:00:00","guid":{"rendered":"https:\/\/yotavis.ch\/product\/t3hvd7000-100\/"},"modified":"2026-04-24T13:32:19","modified_gmt":"2026-04-24T11:32:19","slug":"t3hvd7000-100","status":"publish","type":"product","link":"https:\/\/yotavis.ch\/de\/produkt\/t3hvd7000-100\/","title":{"rendered":"T3HVD7000-100"},"content":{"rendered":"<p>Der T3HVD7000-100 von Teledyne Lecroy ist ein Hochspannungs-Differenzialtastkopf, der f\u00fcr Spannungen bis zu 7 kV mit einer Bandbreite von 100 MHz ausgelegt ist. Er zeichnet sich durch eine niedrige Eingangskapazit\u00e4t von 2,5 pF und einen hohen Eingangswiderstand von 40 Mega-\u03a9 aus, was zur Aufrechterhaltung der Signalintegrit\u00e4t w\u00e4hrend der Messungen beitr\u00e4gt. Der Tastkopf bietet eine schnelle Anstiegszeit von weniger als 3,5 Nanosekunden und eignet sich damit f\u00fcr die Erfassung schneller Signal\u00fcberg\u00e4nge. Die universelle Schnittstelle erm\u00f6glicht die Kompatibilit\u00e4t mit einer breiten Palette von Pr\u00fcfger\u00e4ten. Diese Sonde wurde f\u00fcr pr\u00e4zise Differenzspannungsmessungen in Hochspannungsumgebungen entwickelt und unterst\u00fctzt die genaue Analyse komplexer Signale. Die Kombination aus Hochspannungsf\u00e4higkeit und hoher Bandbreite macht ihn zu einem vielseitigen Werkzeug f\u00fcr verschiedene elektronische Pr\u00fcfanwendungen.<\/p>","protected":false},"excerpt":{"rendered":"<p>7kV, 100 MHz, 2,5 pF,40 Mega-\u03a9, Anstiegszeit &lt; 3,5 ns, Hochspannungs-Differenzialtastkopf\n<\/p>","protected":false},"featured_media":7244,"comment_status":"closed","ping_status":"closed","template":"","meta":{"_acf_changed":false,"slim_seo":{"title":"T3HVD7000-100 - YOTAVIS AG","description":"7kV, 100 MHz, 2,5 pF,40 Mega-\u03a9, Anstiegszeit &lt; 3,5 ns, Hochspannungs-Differenzialtastkopf"}},"product_brand":[542],"product_cat":[537,509],"product_tag":[],"class_list":{"0":"post-3984","1":"product","2":"type-product","3":"status-publish","4":"has-post-thumbnail","6":"product_brand-lecroy","7":"product_cat-high-voltage-probes-en","8":"product_cat-probes-en","9":"pa_bandwidth-mhz-90","10":"pa_imax-ac-a-1019","11":"pa_interface-universal","12":"pa_voltage-max-v-225","14":"first","15":"instock","16":"taxable","17":"shipping-taxable","18":"purchasable","19":"product-type-simple"},"acf":[],"_links":{"self":[{"href":"https:\/\/yotavis.ch\/de\/wp-json\/wp\/v2\/product\/3984","targetHints":{"allow":["GET"]}}],"collection":[{"href":"https:\/\/yotavis.ch\/de\/wp-json\/wp\/v2\/product"}],"about":[{"href":"https:\/\/yotavis.ch\/de\/wp-json\/wp\/v2\/types\/product"}],"replies":[{"embeddable":true,"href":"https:\/\/yotavis.ch\/de\/wp-json\/wp\/v2\/comments?post=3984"}],"wp:featuredmedia":[{"embeddable":true,"href":"https:\/\/yotavis.ch\/de\/wp-json\/wp\/v2\/media\/7244"}],"wp:attachment":[{"href":"https:\/\/yotavis.ch\/de\/wp-json\/wp\/v2\/media?parent=3984"}],"wp:term":[{"taxonomy":"product_brand","embeddable":true,"href":"https:\/\/yotavis.ch\/de\/wp-json\/wp\/v2\/product_brand?post=3984"},{"taxonomy":"product_cat","embeddable":true,"href":"https:\/\/yotavis.ch\/de\/wp-json\/wp\/v2\/product_cat?post=3984"},{"taxonomy":"product_tag","embeddable":true,"href":"https:\/\/yotavis.ch\/de\/wp-json\/wp\/v2\/product_tag?post=3984"}],"curies":[{"name":"wp","href":"https:\/\/api.w.org\/{rel}","templated":true}]}}