{"id":3985,"date":"2025-10-09T00:00:00","date_gmt":"2025-10-08T22:00:00","guid":{"rendered":"https:\/\/yotavis.ch\/product\/t3lvd20-200\/"},"modified":"2026-04-24T13:32:20","modified_gmt":"2026-04-24T11:32:20","slug":"t3lvd20-200","status":"publish","type":"product","link":"https:\/\/yotavis.ch\/de\/produkt\/t3lvd20-200\/","title":{"rendered":"T3LVD20-200"},"content":{"rendered":"<p>Der T3LVD20-200 von Teledyne Lecroy ist ein aktiver differentieller Tastkopf, der f\u00fcr eine Bandbreite von 200 MHz ausgelegt ist. Er verf\u00fcgt \u00fcber eine Eingangskapazit\u00e4t von 3,5 pF und einen Eingangswiderstand von 1 Mega-\u03a9, so dass er Signale mit einer maximalen Spannung von \u00b120 V verarbeiten kann. Dieser Tastkopf ist mit einer universellen Schnittstelle ausgestattet, die ihn mit einer Vielzahl von Messger\u00e4ten kompatibel macht. Das Design unterst\u00fctzt genaue Differenzsignalmessungen innerhalb des spezifizierten Spannungsbereichs. Die aktive Schaltung tr\u00e4gt dazu bei, die Signalintegrit\u00e4t aufrechtzuerhalten und Belastungseffekte auf das zu pr\u00fcfende Ger\u00e4t zu reduzieren. Der Tastkopf ist f\u00fcr Anwendungen geeignet, die pr\u00e4zise Spannungsmessungen bis zu 20 Volt erfordern. Die Kombination aus Bandbreite und Eingangscharakteristik macht ihn zu einem n\u00fctzlichen Werkzeug f\u00fcr die Analyse von Hochfrequenzsignalen in elektronischen Testumgebungen.<\/p>","protected":false},"excerpt":{"rendered":"<p>200 MHz, 3,5 pF,1 Mega-\u03a9 Aktiver differentieller Tastkopf, \u00b120 V<\/p>","protected":false},"featured_media":7247,"comment_status":"closed","ping_status":"closed","template":"","meta":{"_acf_changed":false,"slim_seo":{"title":"T3LVD20-200 - YOTAVIS AG","description":"200 MHz, 3,5 pF,1 Mega-\u03a9 Aktiver differentieller Tastkopf, \u00b120 V"}},"product_brand":[542],"product_cat":[535,509],"product_tag":[],"class_list":{"0":"post-3985","1":"product","2":"type-product","3":"status-publish","4":"has-post-thumbnail","6":"product_brand-lecroy","7":"product_cat-differential-probes-en","8":"product_cat-probes-en","9":"pa_bandwidth-mhz-92","10":"pa_imax-ac-a-1019","11":"pa_interface-universal","12":"pa_voltage-max-v-323","14":"first","15":"instock","16":"taxable","17":"shipping-taxable","18":"purchasable","19":"product-type-simple"},"acf":[],"_links":{"self":[{"href":"https:\/\/yotavis.ch\/de\/wp-json\/wp\/v2\/product\/3985","targetHints":{"allow":["GET"]}}],"collection":[{"href":"https:\/\/yotavis.ch\/de\/wp-json\/wp\/v2\/product"}],"about":[{"href":"https:\/\/yotavis.ch\/de\/wp-json\/wp\/v2\/types\/product"}],"replies":[{"embeddable":true,"href":"https:\/\/yotavis.ch\/de\/wp-json\/wp\/v2\/comments?post=3985"}],"wp:featuredmedia":[{"embeddable":true,"href":"https:\/\/yotavis.ch\/de\/wp-json\/wp\/v2\/media\/7247"}],"wp:attachment":[{"href":"https:\/\/yotavis.ch\/de\/wp-json\/wp\/v2\/media?parent=3985"}],"wp:term":[{"taxonomy":"product_brand","embeddable":true,"href":"https:\/\/yotavis.ch\/de\/wp-json\/wp\/v2\/product_brand?post=3985"},{"taxonomy":"product_cat","embeddable":true,"href":"https:\/\/yotavis.ch\/de\/wp-json\/wp\/v2\/product_cat?post=3985"},{"taxonomy":"product_tag","embeddable":true,"href":"https:\/\/yotavis.ch\/de\/wp-json\/wp\/v2\/product_tag?post=3985"}],"curies":[{"name":"wp","href":"https:\/\/api.w.org\/{rel}","templated":true}]}}