{"id":3986,"date":"2025-10-09T00:00:00","date_gmt":"2025-10-08T22:00:00","guid":{"rendered":"https:\/\/yotavis.ch\/product\/waverunner-9054\/"},"modified":"2026-04-24T13:32:20","modified_gmt":"2026-04-24T11:32:20","slug":"waverunner-9054","status":"publish","type":"product","link":"https:\/\/yotavis.ch\/de\/produkt\/waverunner-9054\/","title":{"rendered":"WELLENREITER 9054"},"content":{"rendered":"<p>Der WAVERUNNER 9054 von Teledyne Lecroy hat eine Bandbreite von 500 MHz und bietet vier Kan\u00e4le f\u00fcr den Signaleingang. Er unterst\u00fctzt eine hohe Abtastrate von 20 GS\/s, wobei jeder Kanal mit 10.000 MS\/s abtasten kann. Das Ger\u00e4t verf\u00fcgt \u00fcber eine Speichertiefe von 16 Millionen Punkten pro Kanal, insgesamt also 32 Millionen Punkte \u00fcber alle Kan\u00e4le hinweg, was eine umfangreiche Datenerfassung erm\u00f6glicht. Es verf\u00fcgt \u00fcber eine vertikale Aufl\u00f6sung von 8 Bit, die eine detaillierte Signaldarstellung erm\u00f6glicht. Das Oszilloskop ist mit einem kapazitiven 15,4-Zoll-Touchscreen ausgestattet, der die Benutzerinteraktion und -steuerung verbessert. Dieses Modell verf\u00fcgt nicht \u00fcber digitale Kan\u00e4le, sondern konzentriert sich auf die Erfassung analoger Signale. Durch die Kombination seiner Spezifikationen eignet es sich f\u00fcr die detaillierte Wellenformanalyse und Datenerfassung.<\/p>","protected":false},"excerpt":{"rendered":"<p>500 MHz, 20 GS\/s, 4 Ch, 16 Mpts\/Ch DSO with 15.4&#8243; Capacitive Display<\/p>","protected":false},"featured_media":7253,"comment_status":"closed","ping_status":"closed","template":"","meta":{"_acf_changed":false,"slim_seo":{"title":"WAVERUNNER 9054 - YOTAVIS AG","description":"500 MHz, 20 GS\/s, 4 Kan\u00e4le, 16 Mpts\/Ch DSO mit 15,4\" kapazitivem Display"}},"product_brand":[542],"product_cat":[508,507],"product_tag":[],"class_list":{"0":"post-3986","1":"product","2":"type-product","3":"status-publish","4":"has-post-thumbnail","6":"product_brand-lecroy","7":"product_cat-desktop-en","8":"product_cat-oscilloscope","9":"pa_bandwidth-mhz-83","10":"pa_channels-338","11":"pa_digital-channels-no","12":"pa_imax-ac-a-1019","13":"pa_memory-depht-mpts-324","14":"pa_sampling-rate-channels-ms-s-455","15":"pa_touch-screen-yes","16":"pa_vertical-resolution-bits-340","18":"first","19":"instock","20":"taxable","21":"shipping-taxable","22":"product-type-simple"},"acf":[],"_links":{"self":[{"href":"https:\/\/yotavis.ch\/de\/wp-json\/wp\/v2\/product\/3986","targetHints":{"allow":["GET"]}}],"collection":[{"href":"https:\/\/yotavis.ch\/de\/wp-json\/wp\/v2\/product"}],"about":[{"href":"https:\/\/yotavis.ch\/de\/wp-json\/wp\/v2\/types\/product"}],"replies":[{"embeddable":true,"href":"https:\/\/yotavis.ch\/de\/wp-json\/wp\/v2\/comments?post=3986"}],"wp:featuredmedia":[{"embeddable":true,"href":"https:\/\/yotavis.ch\/de\/wp-json\/wp\/v2\/media\/7253"}],"wp:attachment":[{"href":"https:\/\/yotavis.ch\/de\/wp-json\/wp\/v2\/media?parent=3986"}],"wp:term":[{"taxonomy":"product_brand","embeddable":true,"href":"https:\/\/yotavis.ch\/de\/wp-json\/wp\/v2\/product_brand?post=3986"},{"taxonomy":"product_cat","embeddable":true,"href":"https:\/\/yotavis.ch\/de\/wp-json\/wp\/v2\/product_cat?post=3986"},{"taxonomy":"product_tag","embeddable":true,"href":"https:\/\/yotavis.ch\/de\/wp-json\/wp\/v2\/product_tag?post=3986"}],"curies":[{"name":"wp","href":"https:\/\/api.w.org\/{rel}","templated":true}]}}