{"id":3987,"date":"2025-10-09T00:00:00","date_gmt":"2025-10-08T22:00:00","guid":{"rendered":"https:\/\/yotavis.ch\/product\/waverunner-9104\/"},"modified":"2026-04-24T13:32:20","modified_gmt":"2026-04-24T11:32:20","slug":"waverunner-9104","status":"publish","type":"product","link":"https:\/\/yotavis.ch\/de\/produkt\/waverunner-9104\/","title":{"rendered":"WAVERUNNER 9104"},"content":{"rendered":"<p>Der Teledyne Lecroy WAVERUNNER 9104 ist ein digitales Speicheroszilloskop mit einer Bandbreite von 1 GHz und einer Abtastrate von 20 GS\/s \u00fcber vier Kan\u00e4le. Jeder Kanal ist mit einer Speichertiefe von 16 Millionen Punkten, insgesamt 32 Millionen Punkten, ausgestattet, was eine detaillierte Signalanalyse erm\u00f6glicht. Das Ger\u00e4t bietet eine vertikale Aufl\u00f6sung von 8 Bit und verf\u00fcgt \u00fcber ein kapazitives 15,4-Zoll-Touch-Display f\u00fcr eine intuitive Bedienung. Mit vier Eingangskan\u00e4len unterst\u00fctzt es gleichzeitige Mehrkanalmessungen. Das Oszilloskop verf\u00fcgt nicht \u00fcber digitale Kan\u00e4le, bietet aber eine Hochgeschwindigkeitsabtastung mit 10.000 MS\/s pro Kanal. Dank dieser Kombination von Funktionen eignet es sich f\u00fcr die pr\u00e4zise und klare Erfassung und Analyse von Hochfrequenzsignalen.<\/p>","protected":false},"excerpt":{"rendered":"<p>1 GHz, 20 GS\/s, 4 Ch, 16 Mpts\/Ch DSO with 15.4&#8243; Capacitive Display<\/p>","protected":false},"featured_media":7253,"comment_status":"closed","ping_status":"closed","template":"","meta":{"_acf_changed":false,"slim_seo":{"title":"WAVERUNNER 9104 - YOTAVIS AG","description":"1 GHz, 20 GS\/s, 4 Kan\u00e4le, 16 Mpts\/Ch DSO mit 15,4\" kapazitivem Display"}},"product_brand":[542],"product_cat":[508,507],"product_tag":[],"class_list":{"0":"post-3987","1":"product","2":"type-product","3":"status-publish","4":"has-post-thumbnail","6":"product_brand-lecroy","7":"product_cat-desktop-en","8":"product_cat-oscilloscope","9":"pa_bandwidth-mhz-84","10":"pa_channels-338","11":"pa_digital-channels-no","12":"pa_imax-ac-a-1019","13":"pa_memory-depht-mpts-324","14":"pa_sampling-rate-channels-ms-s-455","15":"pa_touch-screen-yes","16":"pa_vertical-resolution-bits-340","18":"first","19":"instock","20":"taxable","21":"shipping-taxable","22":"product-type-simple"},"acf":[],"_links":{"self":[{"href":"https:\/\/yotavis.ch\/de\/wp-json\/wp\/v2\/product\/3987","targetHints":{"allow":["GET"]}}],"collection":[{"href":"https:\/\/yotavis.ch\/de\/wp-json\/wp\/v2\/product"}],"about":[{"href":"https:\/\/yotavis.ch\/de\/wp-json\/wp\/v2\/types\/product"}],"replies":[{"embeddable":true,"href":"https:\/\/yotavis.ch\/de\/wp-json\/wp\/v2\/comments?post=3987"}],"wp:featuredmedia":[{"embeddable":true,"href":"https:\/\/yotavis.ch\/de\/wp-json\/wp\/v2\/media\/7253"}],"wp:attachment":[{"href":"https:\/\/yotavis.ch\/de\/wp-json\/wp\/v2\/media?parent=3987"}],"wp:term":[{"taxonomy":"product_brand","embeddable":true,"href":"https:\/\/yotavis.ch\/de\/wp-json\/wp\/v2\/product_brand?post=3987"},{"taxonomy":"product_cat","embeddable":true,"href":"https:\/\/yotavis.ch\/de\/wp-json\/wp\/v2\/product_cat?post=3987"},{"taxonomy":"product_tag","embeddable":true,"href":"https:\/\/yotavis.ch\/de\/wp-json\/wp\/v2\/product_tag?post=3987"}],"curies":[{"name":"wp","href":"https:\/\/api.w.org\/{rel}","templated":true}]}}