{"id":3988,"date":"2025-10-09T00:00:00","date_gmt":"2025-10-08T22:00:00","guid":{"rendered":"https:\/\/yotavis.ch\/product\/waverunner-9254\/"},"modified":"2026-04-24T13:32:20","modified_gmt":"2026-04-24T11:32:20","slug":"waverunner-9254","status":"publish","type":"product","link":"https:\/\/yotavis.ch\/de\/produkt\/waverunner-9254\/","title":{"rendered":"WAVERUNNER 9254"},"content":{"rendered":"<p>Der WAVERUNNER 9254 von Teledyne Lecroy ist ein digitales Speicheroszilloskop mit einer Bandbreite von 2,5 GHz und einer Abtastrate von 20 GS\/s \u00fcber vier Kan\u00e4le. Jeder Kanal ist mit einem Speicher von 16 Millionen Punkten ausgestattet, was zu einer Gesamtspeichertiefe von 32 Millionen Punkten beitr\u00e4gt. Das Ger\u00e4t verf\u00fcgt \u00fcber ein kapazitives 15,4-Zoll-Touch-Display, das eine intuitive Interaktion und Steuerung erm\u00f6glicht. Es bietet eine vertikale Aufl\u00f6sung von 8 Bit und damit eine detaillierte Signaldarstellung. Das Oszilloskop unterst\u00fctzt vier Eingangskan\u00e4le, die eine gleichzeitige Signalanalyse erm\u00f6glichen. Digitale Kan\u00e4le sind in diesem Modell nicht enthalten. Durch die Kombination aus hoher Bandbreite, schneller Abtastrate und gro\u00dfer Speichertiefe eignet sich das Ger\u00e4t f\u00fcr die Erfassung und Analyse komplexer Signalformen in verschiedenen Anwendungen.<\/p>","protected":false},"excerpt":{"rendered":"<p>2.5 GHz, 20 GS\/s, 4 Ch, 16 Mpts\/Ch DSO with 15.4&#8243; Capacitive Display<\/p>","protected":false},"featured_media":7253,"comment_status":"closed","ping_status":"closed","template":"","meta":{"_acf_changed":false,"slim_seo":{"title":"WAVERUNNER 9254 - YOTAVIS AG","description":"2,5 GHz, 20 GS\/s, 4 Kan\u00e4le, 16 Mpts\/Ch DSO mit 15,4\" kapazitivem Display"}},"product_brand":[542],"product_cat":[508,507],"product_tag":[],"class_list":{"0":"post-3988","1":"product","2":"type-product","3":"status-publish","4":"has-post-thumbnail","6":"product_brand-lecroy","7":"product_cat-desktop-en","8":"product_cat-oscilloscope","9":"pa_bandwidth-mhz-211","10":"pa_channels-338","11":"pa_digital-channels-no","12":"pa_imax-ac-a-1019","13":"pa_memory-depht-mpts-324","14":"pa_sampling-rate-channels-ms-s-455","15":"pa_touch-screen-yes","16":"pa_vertical-resolution-bits-340","18":"first","19":"instock","20":"taxable","21":"shipping-taxable","22":"product-type-simple"},"acf":[],"_links":{"self":[{"href":"https:\/\/yotavis.ch\/de\/wp-json\/wp\/v2\/product\/3988","targetHints":{"allow":["GET"]}}],"collection":[{"href":"https:\/\/yotavis.ch\/de\/wp-json\/wp\/v2\/product"}],"about":[{"href":"https:\/\/yotavis.ch\/de\/wp-json\/wp\/v2\/types\/product"}],"replies":[{"embeddable":true,"href":"https:\/\/yotavis.ch\/de\/wp-json\/wp\/v2\/comments?post=3988"}],"wp:featuredmedia":[{"embeddable":true,"href":"https:\/\/yotavis.ch\/de\/wp-json\/wp\/v2\/media\/7253"}],"wp:attachment":[{"href":"https:\/\/yotavis.ch\/de\/wp-json\/wp\/v2\/media?parent=3988"}],"wp:term":[{"taxonomy":"product_brand","embeddable":true,"href":"https:\/\/yotavis.ch\/de\/wp-json\/wp\/v2\/product_brand?post=3988"},{"taxonomy":"product_cat","embeddable":true,"href":"https:\/\/yotavis.ch\/de\/wp-json\/wp\/v2\/product_cat?post=3988"},{"taxonomy":"product_tag","embeddable":true,"href":"https:\/\/yotavis.ch\/de\/wp-json\/wp\/v2\/product_tag?post=3988"}],"curies":[{"name":"wp","href":"https:\/\/api.w.org\/{rel}","templated":true}]}}