{"id":3989,"date":"2025-10-09T00:00:00","date_gmt":"2025-10-08T22:00:00","guid":{"rendered":"https:\/\/yotavis.ch\/product\/waverunner-9254m\/"},"modified":"2026-04-24T13:32:21","modified_gmt":"2026-04-24T11:32:21","slug":"waverunner-9254m","status":"publish","type":"product","link":"https:\/\/yotavis.ch\/de\/produkt\/waverunner-9254m\/","title":{"rendered":"WAVERUNNER 9254M"},"content":{"rendered":"<p>Der WAVERUNNER 9254M von Teledyne Lecroy ist ein digitales Speicheroszilloskop mit einer Bandbreite von 2,5 GHz und einer Abtastrate von 40 GS\/s \u00fcber vier Kan\u00e4le. Jeder Kanal ist mit einem Speicher von 64 Mpts ausgestattet, was eine Gesamtspeichertiefe von 128 Mpts ergibt. Das Ger\u00e4t verf\u00fcgt \u00fcber ein kapazitives 15,4-Zoll-Touchscreen-Display, das eine intuitive Interaktion und Steuerung erm\u00f6glicht. Es bietet eine vertikale Aufl\u00f6sung von 8 Bit und unterst\u00fctzt eine Abtastrate von 20.000 MS\/s pro Kanal. Das Oszilloskop verf\u00fcgt \u00fcber keine digitalen Kan\u00e4le, ist aber f\u00fcr die pr\u00e4zise Verarbeitung von Hochfrequenzsignalen ausgelegt. Seine Vier-Kanal-Konfiguration erm\u00f6glicht die gleichzeitige Analyse mehrerer Signale, wodurch es sich f\u00fcr komplexe Testumgebungen eignet. Die Kombination aus hoher Bandbreite, gro\u00dfem Speicher und einem gro\u00dfen Touchscreen-Display unterst\u00fctzt die detaillierte Erfassung und Analyse von Wellenformen.<\/p>","protected":false},"excerpt":{"rendered":"<p>2.5 GHz, 40 GS\/s, 4 Ch, 64 Mpts\/Ch DSO with 15.4&#8243; Capacitive Display<\/p>","protected":false},"featured_media":7253,"comment_status":"closed","ping_status":"closed","template":"","meta":{"_acf_changed":false,"slim_seo":{"title":"WAVERUNNER 9254M - YOTAVIS AG","description":"2,5 GHz, 40 GS\/s, 4 Kan\u00e4le, 64 Mpts\/Ch DSO mit 15,4\" kapazitivem Display"}},"product_brand":[542],"product_cat":[508,507],"product_tag":[],"class_list":{"0":"post-3989","1":"product","2":"type-product","3":"status-publish","4":"has-post-thumbnail","6":"product_brand-lecroy","7":"product_cat-desktop-en","8":"product_cat-oscilloscope","9":"pa_bandwidth-mhz-211","10":"pa_channels-338","11":"pa_digital-channels-no","12":"pa_imax-ac-a-1019","13":"pa_memory-depht-mpts-325","14":"pa_sampling-rate-channels-ms-s-456","15":"pa_touch-screen-yes","16":"pa_vertical-resolution-bits-340","18":"first","19":"instock","20":"taxable","21":"shipping-taxable","22":"product-type-simple"},"acf":[],"_links":{"self":[{"href":"https:\/\/yotavis.ch\/de\/wp-json\/wp\/v2\/product\/3989","targetHints":{"allow":["GET"]}}],"collection":[{"href":"https:\/\/yotavis.ch\/de\/wp-json\/wp\/v2\/product"}],"about":[{"href":"https:\/\/yotavis.ch\/de\/wp-json\/wp\/v2\/types\/product"}],"replies":[{"embeddable":true,"href":"https:\/\/yotavis.ch\/de\/wp-json\/wp\/v2\/comments?post=3989"}],"wp:featuredmedia":[{"embeddable":true,"href":"https:\/\/yotavis.ch\/de\/wp-json\/wp\/v2\/media\/7253"}],"wp:attachment":[{"href":"https:\/\/yotavis.ch\/de\/wp-json\/wp\/v2\/media?parent=3989"}],"wp:term":[{"taxonomy":"product_brand","embeddable":true,"href":"https:\/\/yotavis.ch\/de\/wp-json\/wp\/v2\/product_brand?post=3989"},{"taxonomy":"product_cat","embeddable":true,"href":"https:\/\/yotavis.ch\/de\/wp-json\/wp\/v2\/product_cat?post=3989"},{"taxonomy":"product_tag","embeddable":true,"href":"https:\/\/yotavis.ch\/de\/wp-json\/wp\/v2\/product_tag?post=3989"}],"curies":[{"name":"wp","href":"https:\/\/api.w.org\/{rel}","templated":true}]}}