{"id":3990,"date":"2025-10-09T00:00:00","date_gmt":"2025-10-08T22:00:00","guid":{"rendered":"https:\/\/yotavis.ch\/product\/waverunner-9404\/"},"modified":"2026-04-24T13:32:23","modified_gmt":"2026-04-24T11:32:23","slug":"waverunner-9404","status":"publish","type":"product","link":"https:\/\/yotavis.ch\/de\/produkt\/waverunner-9404\/","title":{"rendered":"WAVERUNNER 9404"},"content":{"rendered":"<p>Der WAVERUNNER 9404 von Teledyne Lecroy verf\u00fcgt \u00fcber eine Bandbreite von 4 GHz und unterst\u00fctzt vier Kan\u00e4le, die jeweils mit 10.000 MS\/s abtasten k\u00f6nnen. Er bietet eine Speichertiefe von 32 Mpts, wobei 16 Mpts pro Kanal zugewiesen sind, was eine detaillierte Signalerfassung und -analyse erm\u00f6glicht. Das Ger\u00e4t verf\u00fcgt \u00fcber eine vertikale Aufl\u00f6sung von 8 Bit und bietet damit pr\u00e4zise Messm\u00f6glichkeiten. Es ist mit einem kapazitiven 15,4-Zoll-Touchscreen-Display ausgestattet, das die Benutzerinteraktion und die Benutzerfreundlichkeit verbessert. Dieses digitale Speicheroszilloskop verf\u00fcgt nicht \u00fcber digitale Kan\u00e4le, sondern unterst\u00fctzt die Hochgeschwindigkeitsdatenerfassung \u00fcber seine vier analogen Kan\u00e4le. Die Kombination aus hoher Bandbreite, schneller Abtastrate und gro\u00dfer Speichertiefe macht es f\u00fcr komplexe Signalanalyseaufgaben geeignet.<\/p>","protected":false},"excerpt":{"rendered":"<p>4 GHz, 20 GS\/s, 4 Ch, 16 Mpts\/Ch DSO with 15.4&#8243; Capacitive Display<\/p>","protected":false},"featured_media":7253,"comment_status":"closed","ping_status":"closed","template":"","meta":{"_acf_changed":false,"slim_seo":{"title":"WAVERUNNER 9404 - YOTAVIS AG","description":"4 GHz, 20 GS\/s, 4 Kan\u00e4le, 16 Mpts\/Ch DSO mit 15,4\" kapazitivem Display"}},"product_brand":[542],"product_cat":[508,507],"product_tag":[],"class_list":{"0":"post-3990","1":"product","2":"type-product","3":"status-publish","4":"has-post-thumbnail","6":"product_brand-lecroy","7":"product_cat-desktop-en","8":"product_cat-oscilloscope","9":"pa_bandwidth-mhz-232","10":"pa_channels-338","11":"pa_digital-channels-no","12":"pa_imax-ac-a-1019","13":"pa_memory-depht-mpts-324","14":"pa_sampling-rate-channels-ms-s-455","15":"pa_touch-screen-yes","16":"pa_vertical-resolution-bits-340","18":"first","19":"instock","20":"taxable","21":"shipping-taxable","22":"product-type-simple"},"acf":[],"_links":{"self":[{"href":"https:\/\/yotavis.ch\/de\/wp-json\/wp\/v2\/product\/3990","targetHints":{"allow":["GET"]}}],"collection":[{"href":"https:\/\/yotavis.ch\/de\/wp-json\/wp\/v2\/product"}],"about":[{"href":"https:\/\/yotavis.ch\/de\/wp-json\/wp\/v2\/types\/product"}],"replies":[{"embeddable":true,"href":"https:\/\/yotavis.ch\/de\/wp-json\/wp\/v2\/comments?post=3990"}],"wp:featuredmedia":[{"embeddable":true,"href":"https:\/\/yotavis.ch\/de\/wp-json\/wp\/v2\/media\/7253"}],"wp:attachment":[{"href":"https:\/\/yotavis.ch\/de\/wp-json\/wp\/v2\/media?parent=3990"}],"wp:term":[{"taxonomy":"product_brand","embeddable":true,"href":"https:\/\/yotavis.ch\/de\/wp-json\/wp\/v2\/product_brand?post=3990"},{"taxonomy":"product_cat","embeddable":true,"href":"https:\/\/yotavis.ch\/de\/wp-json\/wp\/v2\/product_cat?post=3990"},{"taxonomy":"product_tag","embeddable":true,"href":"https:\/\/yotavis.ch\/de\/wp-json\/wp\/v2\/product_tag?post=3990"}],"curies":[{"name":"wp","href":"https:\/\/api.w.org\/{rel}","templated":true}]}}