{"id":3991,"date":"2025-10-09T00:00:00","date_gmt":"2025-10-08T22:00:00","guid":{"rendered":"https:\/\/yotavis.ch\/product\/waverunner-9404m\/"},"modified":"2026-04-24T13:32:24","modified_gmt":"2026-04-24T11:32:24","slug":"waverunner-9404m","status":"publish","type":"product","link":"https:\/\/yotavis.ch\/de\/produkt\/waverunner-9404m\/","title":{"rendered":"WAVERUNNER 9404M"},"content":{"rendered":"<p>Der WAVERUNNER 9404M von Teledyne Lecroy hat eine Bandbreite von 4 GHz und unterst\u00fctzt eine Abtastrate von 20.000 MS\/s pro Kanal. Er ist mit vier Kan\u00e4len ausgestattet, von denen jeder eine Speichertiefe von 64 Mpts bietet, insgesamt also 128 Mpts \u00fcber alle Kan\u00e4le. Das Ger\u00e4t verf\u00fcgt \u00fcber eine vertikale 8-Bit-Aufl\u00f6sung und ein kapazitives 15,4-Zoll-Touch-Display f\u00fcr die Benutzerinteraktion. Dieses digitale Speicheroszilloskop ist f\u00fcr die Hochgeschwindigkeitssignalanalyse mit einer maximalen Abtastrate von 40 GS\/s ausgelegt. Die Touchscreen-Schnittstelle verbessert die Benutzerfreundlichkeit und erm\u00f6glicht eine intuitive Steuerung und Navigation. Durch die Kombination aus hoher Bandbreite, gro\u00dfem Speicher und mehreren Kan\u00e4len eignet sich das Ger\u00e4t f\u00fcr die detaillierte Erfassung und Analyse von Signalformen.<\/p>","protected":false},"excerpt":{"rendered":"<p>4 GHz, 40 GS\/s, 4 Ch, 64 Mpts\/Ch DSO with 15.4&#8243; Capacitive Display<\/p>","protected":false},"featured_media":7253,"comment_status":"closed","ping_status":"closed","template":"","meta":{"_acf_changed":false,"slim_seo":{"title":"WAVERUNNER 9404M - YOTAVIS AG","description":"4 GHz, 40 GS\/s, 4 Kan\u00e4le, 64 Mpts\/Ch DSO mit 15,4\" kapazitivem Display"}},"product_brand":[542],"product_cat":[508,507],"product_tag":[],"class_list":{"0":"post-3991","1":"product","2":"type-product","3":"status-publish","4":"has-post-thumbnail","6":"product_brand-lecroy","7":"product_cat-desktop-en","8":"product_cat-oscilloscope","9":"pa_bandwidth-mhz-232","10":"pa_channels-338","11":"pa_digital-channels-no","12":"pa_imax-ac-a-1019","13":"pa_memory-depht-mpts-325","14":"pa_sampling-rate-channels-ms-s-456","15":"pa_touch-screen-yes","16":"pa_vertical-resolution-bits-340","18":"first","19":"instock","20":"taxable","21":"shipping-taxable","22":"product-type-simple"},"acf":[],"_links":{"self":[{"href":"https:\/\/yotavis.ch\/de\/wp-json\/wp\/v2\/product\/3991","targetHints":{"allow":["GET"]}}],"collection":[{"href":"https:\/\/yotavis.ch\/de\/wp-json\/wp\/v2\/product"}],"about":[{"href":"https:\/\/yotavis.ch\/de\/wp-json\/wp\/v2\/types\/product"}],"replies":[{"embeddable":true,"href":"https:\/\/yotavis.ch\/de\/wp-json\/wp\/v2\/comments?post=3991"}],"wp:featuredmedia":[{"embeddable":true,"href":"https:\/\/yotavis.ch\/de\/wp-json\/wp\/v2\/media\/7253"}],"wp:attachment":[{"href":"https:\/\/yotavis.ch\/de\/wp-json\/wp\/v2\/media?parent=3991"}],"wp:term":[{"taxonomy":"product_brand","embeddable":true,"href":"https:\/\/yotavis.ch\/de\/wp-json\/wp\/v2\/product_brand?post=3991"},{"taxonomy":"product_cat","embeddable":true,"href":"https:\/\/yotavis.ch\/de\/wp-json\/wp\/v2\/product_cat?post=3991"},{"taxonomy":"product_tag","embeddable":true,"href":"https:\/\/yotavis.ch\/de\/wp-json\/wp\/v2\/product_tag?post=3991"}],"curies":[{"name":"wp","href":"https:\/\/api.w.org\/{rel}","templated":true}]}}