{"id":3997,"date":"2025-10-09T00:00:00","date_gmt":"2025-10-08T22:00:00","guid":{"rendered":"https:\/\/yotavis.ch\/product\/hdo6034b\/"},"modified":"2026-04-24T13:32:26","modified_gmt":"2026-04-24T11:32:26","slug":"hdo6034b","status":"publish","type":"product","link":"https:\/\/yotavis.ch\/de\/produkt\/hdo6034b\/","title":{"rendered":"HDO6034B"},"content":{"rendered":"<p>Das HDO6034B von Teledyne Lecroy ist ein hochaufl\u00f6sendes Oszilloskop mit einer Bandbreite von 350 MHz und vier Kan\u00e4len. Es bietet eine vertikale Aufl\u00f6sung von 12 Bit und eine maximale Abtastrate von 10 GS\/s pro Kanal, was eine detaillierte Signalanalyse erm\u00f6glicht. Jeder Kanal ist mit einer Speichertiefe von 50 Millionen Punkten ausgestattet, was eine umfangreiche Datenerfassung und -auswertung erm\u00f6glicht. Das Ger\u00e4t verf\u00fcgt \u00fcber ein 15,6-Zoll-Touchscreen-Display, das die Interaktion mit dem Benutzer und die Bedienung erleichtert. Mit einer Abtastrate von 10.000 MS\/s und einer Speichertiefe von 250 Mpts ist es f\u00fcr die effiziente Verarbeitung komplexer Wellenformmessungen ausgelegt. Das Oszilloskop verf\u00fcgt nicht \u00fcber digitale Kan\u00e4le, bietet aber eine robuste Plattform f\u00fcr die Pr\u00fcfung analoger Signale. Dieses Modell ist f\u00fcr Anwendungen geeignet, die eine pr\u00e4zise und schnelle Datenerfassung \u00fcber mehrere Kan\u00e4le erfordern.<\/p>","protected":false},"excerpt":{"rendered":"<p>350 MHz, 4 Ch, 12 bits, 10 GS\/s, 50 Mpts\/Ch HD Oscilloscope with 15.6&#8243; Display<\/p>","protected":false},"featured_media":7261,"comment_status":"closed","ping_status":"closed","template":"","meta":{"_acf_changed":false,"slim_seo":{"title":"HDO6034B - YOTAVIS AG","description":"350 MHz, 4 Kan\u00e4le, 12 Bits, 10 GS\/s, 50 Mpts\/Ch HD Oszilloskop mit 15,6\" Display"}},"product_brand":[542],"product_cat":[508,507],"product_tag":[],"class_list":{"0":"post-3997","1":"product","2":"type-product","3":"status-publish","4":"has-post-thumbnail","6":"product_brand-lecroy","7":"product_cat-desktop-en","8":"product_cat-oscilloscope","9":"pa_bandwidth-mhz-76","10":"pa_channels-338","11":"pa_digital-channels-no","12":"pa_imax-ac-a-1019","13":"pa_memory-depht-mpts-326","14":"pa_sampling-rate-channels-ms-s-455","15":"pa_touch-screen-yes","16":"pa_vertical-resolution-bits-348","18":"first","19":"instock","20":"taxable","21":"shipping-taxable","22":"product-type-simple"},"acf":[],"_links":{"self":[{"href":"https:\/\/yotavis.ch\/de\/wp-json\/wp\/v2\/product\/3997","targetHints":{"allow":["GET"]}}],"collection":[{"href":"https:\/\/yotavis.ch\/de\/wp-json\/wp\/v2\/product"}],"about":[{"href":"https:\/\/yotavis.ch\/de\/wp-json\/wp\/v2\/types\/product"}],"replies":[{"embeddable":true,"href":"https:\/\/yotavis.ch\/de\/wp-json\/wp\/v2\/comments?post=3997"}],"wp:featuredmedia":[{"embeddable":true,"href":"https:\/\/yotavis.ch\/de\/wp-json\/wp\/v2\/media\/7261"}],"wp:attachment":[{"href":"https:\/\/yotavis.ch\/de\/wp-json\/wp\/v2\/media?parent=3997"}],"wp:term":[{"taxonomy":"product_brand","embeddable":true,"href":"https:\/\/yotavis.ch\/de\/wp-json\/wp\/v2\/product_brand?post=3997"},{"taxonomy":"product_cat","embeddable":true,"href":"https:\/\/yotavis.ch\/de\/wp-json\/wp\/v2\/product_cat?post=3997"},{"taxonomy":"product_tag","embeddable":true,"href":"https:\/\/yotavis.ch\/de\/wp-json\/wp\/v2\/product_tag?post=3997"}],"curies":[{"name":"wp","href":"https:\/\/api.w.org\/{rel}","templated":true}]}}