{"id":3998,"date":"2025-10-09T00:00:00","date_gmt":"2025-10-08T22:00:00","guid":{"rendered":"https:\/\/yotavis.ch\/product\/hdo6054b\/"},"modified":"2026-04-24T13:32:26","modified_gmt":"2026-04-24T11:32:26","slug":"hdo6054b","status":"publish","type":"product","link":"https:\/\/yotavis.ch\/de\/produkt\/hdo6054b\/","title":{"rendered":"HDO6054B"},"content":{"rendered":"<p>Das HDO6054B von Teledyne Lecroy ist ein hochaufl\u00f6sendes Oszilloskop mit einer Bandbreite von 500 MHz und vier Kan\u00e4len, die jeweils mit einer beeindruckenden Abtastrate von 10 GS\/s arbeiten. Es bietet eine vertikale Aufl\u00f6sung von 12 Bit und erm\u00f6glicht eine detaillierte Signalanalyse mit einer Speichertiefe von 50 Millionen Punkten pro Kanal. Das Ger\u00e4t verf\u00fcgt \u00fcber ein gro\u00dfes 15,6-Zoll-Touchscreen-Display, das die Benutzerinteraktion und die Datenvisualisierung verbessert. Jeder Kanal unterst\u00fctzt eine Speichertiefe von 250 Millionen Punkten und erm\u00f6glicht so eine umfangreiche Datenerfassung und -pr\u00fcfung. Das Oszilloskop verf\u00fcgt nicht \u00fcber digitale Kan\u00e4le, kompensiert dies jedoch durch seine hohe Abtastrate und Aufl\u00f6sung. Dieses Modell wurde entwickelt, um komplexe Signalmessungen mit Pr\u00e4zision und Klarheit durchzuf\u00fchren, wodurch es sich f\u00fcr verschiedene Pr\u00fcf- und Diagnoseanwendungen eignet. Die Kombination aus Bandbreite, Abtastrate und Speichertiefe stellt sicher, dass Benutzer hochfrequente Signale effektiv erfassen und analysieren k\u00f6nnen.<\/p>","protected":false},"excerpt":{"rendered":"<p>500 MHz, 4 Ch, 12 bits, 10 GS\/s, 50 Mpts\/Ch HD Oscilloscope with 15.6&#8243; Display<\/p>","protected":false},"featured_media":7261,"comment_status":"closed","ping_status":"closed","template":"","meta":{"_acf_changed":false,"slim_seo":{"title":"HDO6054B - YOTAVIS AG","description":"500 MHz, 4 Kan\u00e4le, 12 Bits, 10 GS\/s, 50 Mpts\/Ch HD Oszilloskop mit 15,6\" Display"}},"product_brand":[542],"product_cat":[508,507],"product_tag":[],"class_list":{"0":"post-3998","1":"product","2":"type-product","3":"status-publish","4":"has-post-thumbnail","6":"product_brand-lecroy","7":"product_cat-desktop-en","8":"product_cat-oscilloscope","9":"pa_bandwidth-mhz-83","10":"pa_channels-338","11":"pa_digital-channels-no","12":"pa_imax-ac-a-1019","13":"pa_memory-depht-mpts-326","14":"pa_sampling-rate-channels-ms-s-455","15":"pa_touch-screen-yes","16":"pa_vertical-resolution-bits-348","18":"first","19":"instock","20":"taxable","21":"shipping-taxable","22":"product-type-simple"},"acf":[],"_links":{"self":[{"href":"https:\/\/yotavis.ch\/de\/wp-json\/wp\/v2\/product\/3998","targetHints":{"allow":["GET"]}}],"collection":[{"href":"https:\/\/yotavis.ch\/de\/wp-json\/wp\/v2\/product"}],"about":[{"href":"https:\/\/yotavis.ch\/de\/wp-json\/wp\/v2\/types\/product"}],"replies":[{"embeddable":true,"href":"https:\/\/yotavis.ch\/de\/wp-json\/wp\/v2\/comments?post=3998"}],"wp:featuredmedia":[{"embeddable":true,"href":"https:\/\/yotavis.ch\/de\/wp-json\/wp\/v2\/media\/7261"}],"wp:attachment":[{"href":"https:\/\/yotavis.ch\/de\/wp-json\/wp\/v2\/media?parent=3998"}],"wp:term":[{"taxonomy":"product_brand","embeddable":true,"href":"https:\/\/yotavis.ch\/de\/wp-json\/wp\/v2\/product_brand?post=3998"},{"taxonomy":"product_cat","embeddable":true,"href":"https:\/\/yotavis.ch\/de\/wp-json\/wp\/v2\/product_cat?post=3998"},{"taxonomy":"product_tag","embeddable":true,"href":"https:\/\/yotavis.ch\/de\/wp-json\/wp\/v2\/product_tag?post=3998"}],"curies":[{"name":"wp","href":"https:\/\/api.w.org\/{rel}","templated":true}]}}