{"id":3999,"date":"2025-10-09T00:00:00","date_gmt":"2025-10-08T22:00:00","guid":{"rendered":"https:\/\/yotavis.ch\/product\/hdo6054b-ms\/"},"modified":"2026-04-24T13:32:27","modified_gmt":"2026-04-24T11:32:27","slug":"hdo6054b-ms","status":"publish","type":"product","link":"https:\/\/yotavis.ch\/de\/produkt\/hdo6054b-ms\/","title":{"rendered":"HDO6054B-MS"},"content":{"rendered":"<p>Das HDO6054B-MS von Teledyne Lecroy ist ein hochaufl\u00f6sendes Mixed-Signal-Oszilloskop mit einer Bandbreite von 500 MHz und vier analogen Kan\u00e4len, die durch sechzehn digitale Kan\u00e4le erg\u00e4nzt werden. Es bietet eine vertikale Aufl\u00f6sung von 12 Bit und eine maximale Abtastrate von 10 GS\/s pro Kanal, was eine detaillierte Signalanalyse erm\u00f6glicht. Jeder Kanal ist mit einer Speichertiefe von 50 Millionen Punkten ausgestattet, was eine umfangreiche Datenerfassung und -auswertung erm\u00f6glicht. Das Ger\u00e4t verf\u00fcgt \u00fcber ein 15,6-Zoll-Touchscreen-Display, das die Interaktion mit dem Benutzer und die Visualisierung der Daten erleichtert. Mit einer Abtastrate von 10.000 MS\/s und einer Speichertiefe von 250 Mpts unterst\u00fctzt es Hochgeschwindigkeits- und hochaufl\u00f6sende Messungen. Das Oszilloskop ist f\u00fcr komplexe Mischsignalumgebungen ausgelegt und kombiniert analoge und digitale Signalerfassung in einem Ger\u00e4t. Dank seiner fortschrittlichen Funktionen eignet es sich f\u00fcr die detaillierte Wellenformanalyse und Fehlersuche in verschiedenen elektronischen Anwendungen.<\/p>","protected":false},"excerpt":{"rendered":"<p>500 MHz, 4+16 Ch, 12 bits, 10 GS\/s, 50 Mpts\/Ch HD Mixed Signal Oscilloscope with 15.6&#8243; Display<\/p>","protected":false},"featured_media":7261,"comment_status":"closed","ping_status":"closed","template":"","meta":{"_acf_changed":false,"slim_seo":{"title":"HDO6054B-MS - YOTAVIS AG","description":"500 MHz, 4+16 Kan\u00e4le, 12 Bits, 10 GS\/s, 50 Mpts\/Ch HD Mixed Signal Oszilloskop mit 15,6\" Display"}},"product_brand":[542],"product_cat":[508,507],"product_tag":[],"class_list":{"0":"post-3999","1":"product","2":"type-product","3":"status-publish","4":"has-post-thumbnail","6":"product_brand-lecroy","7":"product_cat-desktop-en","8":"product_cat-oscilloscope","9":"pa_bandwidth-mhz-83","10":"pa_channels-338","11":"pa_digital-channels-yes","12":"pa_imax-ac-a-1019","13":"pa_memory-depht-mpts-326","14":"pa_sampling-rate-channels-ms-s-455","15":"pa_touch-screen-yes","16":"pa_vertical-resolution-bits-348","18":"first","19":"instock","20":"taxable","21":"shipping-taxable","22":"product-type-simple"},"acf":[],"_links":{"self":[{"href":"https:\/\/yotavis.ch\/de\/wp-json\/wp\/v2\/product\/3999","targetHints":{"allow":["GET"]}}],"collection":[{"href":"https:\/\/yotavis.ch\/de\/wp-json\/wp\/v2\/product"}],"about":[{"href":"https:\/\/yotavis.ch\/de\/wp-json\/wp\/v2\/types\/product"}],"replies":[{"embeddable":true,"href":"https:\/\/yotavis.ch\/de\/wp-json\/wp\/v2\/comments?post=3999"}],"wp:featuredmedia":[{"embeddable":true,"href":"https:\/\/yotavis.ch\/de\/wp-json\/wp\/v2\/media\/7261"}],"wp:attachment":[{"href":"https:\/\/yotavis.ch\/de\/wp-json\/wp\/v2\/media?parent=3999"}],"wp:term":[{"taxonomy":"product_brand","embeddable":true,"href":"https:\/\/yotavis.ch\/de\/wp-json\/wp\/v2\/product_brand?post=3999"},{"taxonomy":"product_cat","embeddable":true,"href":"https:\/\/yotavis.ch\/de\/wp-json\/wp\/v2\/product_cat?post=3999"},{"taxonomy":"product_tag","embeddable":true,"href":"https:\/\/yotavis.ch\/de\/wp-json\/wp\/v2\/product_tag?post=3999"}],"curies":[{"name":"wp","href":"https:\/\/api.w.org\/{rel}","templated":true}]}}