{"id":4000,"date":"2025-10-09T00:00:00","date_gmt":"2025-10-08T22:00:00","guid":{"rendered":"https:\/\/yotavis.ch\/product\/hdo6104b\/"},"modified":"2026-04-24T13:32:27","modified_gmt":"2026-04-24T11:32:27","slug":"hdo6104b","status":"publish","type":"product","link":"https:\/\/yotavis.ch\/de\/produkt\/hdo6104b\/","title":{"rendered":"HDO6104B"},"content":{"rendered":"<p>Das HDO6104B von Teledyne Lecroy ist ein hochaufl\u00f6sendes Oszilloskop mit einer Bandbreite von 1 GHz und vier Kan\u00e4len, die jeweils eine vertikale Aufl\u00f6sung von 12 Bit haben. Es bietet eine Abtastrate von 10 GS\/s pro Kanal und erm\u00f6glicht eine detaillierte Signalanalyse mit einer Speichertiefe von 50 Millionen Punkten pro Kanal. Das Ger\u00e4t verf\u00fcgt \u00fcber ein 15,6-Zoll-Touchscreen-Display, das dem Benutzer eine interaktive Schnittstelle bietet. Mit einer Abtastrate von 10.000 MS\/s und einer Speichertiefe von 250 Mpts unterst\u00fctzt es eine umfangreiche Datenerfassung und -analyse. Das Oszilloskop verf\u00fcgt \u00fcber keine digitalen Kan\u00e4le, ist aber mit einem Touchscreen ausgestattet, der die Bedienung erleichtert. Dieses Modell ist darauf ausgelegt, komplexe Signalmessungen mit Pr\u00e4zision und Klarheit durchzuf\u00fchren.<\/p>","protected":false},"excerpt":{"rendered":"<p>1 GHz, 4 Ch, 12 bits, 10 GS\/s, 50 Mpts\/Ch HD Oscilloscope with 15.6&#8243; Display<\/p>","protected":false},"featured_media":7261,"comment_status":"closed","ping_status":"closed","template":"","meta":{"_acf_changed":false,"slim_seo":{"title":"HDO6104B - YOTAVIS AG","description":"1 GHz, 4 Kan\u00e4le, 12 Bits, 10 GS\/s, 50 Mpts\/Ch HD Oszilloskop mit 15,6\" Display"}},"product_brand":[542],"product_cat":[508,507],"product_tag":[],"class_list":{"0":"post-4000","1":"product","2":"type-product","3":"status-publish","4":"has-post-thumbnail","6":"product_brand-lecroy","7":"product_cat-desktop-en","8":"product_cat-oscilloscope","9":"pa_bandwidth-mhz-84","10":"pa_channels-338","11":"pa_digital-channels-no","12":"pa_imax-ac-a-1019","13":"pa_memory-depht-mpts-326","14":"pa_sampling-rate-channels-ms-s-455","15":"pa_touch-screen-yes","16":"pa_vertical-resolution-bits-348","18":"first","19":"instock","20":"taxable","21":"shipping-taxable","22":"product-type-simple"},"acf":[],"_links":{"self":[{"href":"https:\/\/yotavis.ch\/de\/wp-json\/wp\/v2\/product\/4000","targetHints":{"allow":["GET"]}}],"collection":[{"href":"https:\/\/yotavis.ch\/de\/wp-json\/wp\/v2\/product"}],"about":[{"href":"https:\/\/yotavis.ch\/de\/wp-json\/wp\/v2\/types\/product"}],"replies":[{"embeddable":true,"href":"https:\/\/yotavis.ch\/de\/wp-json\/wp\/v2\/comments?post=4000"}],"wp:featuredmedia":[{"embeddable":true,"href":"https:\/\/yotavis.ch\/de\/wp-json\/wp\/v2\/media\/7261"}],"wp:attachment":[{"href":"https:\/\/yotavis.ch\/de\/wp-json\/wp\/v2\/media?parent=4000"}],"wp:term":[{"taxonomy":"product_brand","embeddable":true,"href":"https:\/\/yotavis.ch\/de\/wp-json\/wp\/v2\/product_brand?post=4000"},{"taxonomy":"product_cat","embeddable":true,"href":"https:\/\/yotavis.ch\/de\/wp-json\/wp\/v2\/product_cat?post=4000"},{"taxonomy":"product_tag","embeddable":true,"href":"https:\/\/yotavis.ch\/de\/wp-json\/wp\/v2\/product_tag?post=4000"}],"curies":[{"name":"wp","href":"https:\/\/api.w.org\/{rel}","templated":true}]}}