{"id":4001,"date":"2025-10-09T00:00:00","date_gmt":"2025-10-08T22:00:00","guid":{"rendered":"https:\/\/yotavis.ch\/product\/hdo6104b-ms\/"},"modified":"2026-04-24T13:32:27","modified_gmt":"2026-04-24T11:32:27","slug":"hdo6104b-ms","status":"publish","type":"product","link":"https:\/\/yotavis.ch\/de\/produkt\/hdo6104b-ms\/","title":{"rendered":"HDO6104B-MS"},"content":{"rendered":"<p>Das HDO6104B-MS von Teledyne Lecroy ist ein hochaufl\u00f6sendes Mixed-Signal-Oszilloskop mit einer Bandbreite von 1 GHz und 4 analogen Kan\u00e4len, die durch 16 digitale Kan\u00e4le erg\u00e4nzt werden. Es bietet eine vertikale Aufl\u00f6sung von 12 Bit und eine maximale Abtastrate von 10 GS\/s pro Kanal, was eine detaillierte Signalanalyse erm\u00f6glicht. Jeder Kanal ist mit einer Speichertiefe von 50 Mpts ausgestattet, was eine umfangreiche Datenerfassung und -auswertung erm\u00f6glicht. Das Ger\u00e4t verf\u00fcgt \u00fcber ein 15,6-Zoll-Display, das die Touchscreen-Funktionalit\u00e4t unterst\u00fctzt und so die Interaktion mit dem Benutzer und die Bedienung erleichtert. Mit einer Gesamtspeichertiefe von 250 Mpts ist das Oszilloskop f\u00fcr die effiziente Verarbeitung komplexer Signalumgebungen ausgelegt. Da neben den analogen Eing\u00e4ngen auch digitale Kan\u00e4le vorhanden sind, eignet sich das Oszilloskop f\u00fcr Tests und Debugging von gemischten Signalen. Dieses Modell kombiniert hohe Abtastraten, eine betr\u00e4chtliche Speicherkapazit\u00e4t und ein gro\u00dfes Display, um eine umfassende Visualisierung und Analyse von Signalformen zu erm\u00f6glichen.<\/p>","protected":false},"excerpt":{"rendered":"<p>1 GHz, 4+16 Ch, 12 bits, 10 GS\/s, 50 Mpts\/Ch HD Mixed Signal Oscilloscope with 15.6&#8243; Display<\/p>","protected":false},"featured_media":7261,"comment_status":"closed","ping_status":"closed","template":"","meta":{"_acf_changed":false,"slim_seo":{"title":"HDO6104B-MS - YOTAVIS AG","description":"1 GHz, 4+16 Kan\u00e4le, 12 Bits, 10 GS\/s, 50 Mpts\/Ch HD Mixed Signal Oszilloskop mit 15,6\" Display"}},"product_brand":[542],"product_cat":[508,507],"product_tag":[],"class_list":{"0":"post-4001","1":"product","2":"type-product","3":"status-publish","4":"has-post-thumbnail","6":"product_brand-lecroy","7":"product_cat-desktop-en","8":"product_cat-oscilloscope","9":"pa_bandwidth-mhz-84","10":"pa_channels-338","11":"pa_digital-channels-yes","12":"pa_imax-ac-a-1019","13":"pa_memory-depht-mpts-326","14":"pa_sampling-rate-channels-ms-s-455","15":"pa_touch-screen-yes","16":"pa_vertical-resolution-bits-348","18":"first","19":"instock","20":"taxable","21":"shipping-taxable","22":"product-type-simple"},"acf":[],"_links":{"self":[{"href":"https:\/\/yotavis.ch\/de\/wp-json\/wp\/v2\/product\/4001","targetHints":{"allow":["GET"]}}],"collection":[{"href":"https:\/\/yotavis.ch\/de\/wp-json\/wp\/v2\/product"}],"about":[{"href":"https:\/\/yotavis.ch\/de\/wp-json\/wp\/v2\/types\/product"}],"replies":[{"embeddable":true,"href":"https:\/\/yotavis.ch\/de\/wp-json\/wp\/v2\/comments?post=4001"}],"wp:featuredmedia":[{"embeddable":true,"href":"https:\/\/yotavis.ch\/de\/wp-json\/wp\/v2\/media\/7261"}],"wp:attachment":[{"href":"https:\/\/yotavis.ch\/de\/wp-json\/wp\/v2\/media?parent=4001"}],"wp:term":[{"taxonomy":"product_brand","embeddable":true,"href":"https:\/\/yotavis.ch\/de\/wp-json\/wp\/v2\/product_brand?post=4001"},{"taxonomy":"product_cat","embeddable":true,"href":"https:\/\/yotavis.ch\/de\/wp-json\/wp\/v2\/product_cat?post=4001"},{"taxonomy":"product_tag","embeddable":true,"href":"https:\/\/yotavis.ch\/de\/wp-json\/wp\/v2\/product_tag?post=4001"}],"curies":[{"name":"wp","href":"https:\/\/api.w.org\/{rel}","templated":true}]}}