{"id":4003,"date":"2025-10-09T00:00:00","date_gmt":"2025-10-08T22:00:00","guid":{"rendered":"https:\/\/yotavis.ch\/product\/waverunner-8058hd\/"},"modified":"2026-04-24T13:32:28","modified_gmt":"2026-04-24T11:32:28","slug":"waverunner-8058hd","status":"publish","type":"product","link":"https:\/\/yotavis.ch\/de\/produkt\/waverunner-8058hd\/","title":{"rendered":"WAVERUNNER 8058HD"},"content":{"rendered":"<p>Der WAVERUNNER 8058HD von Teledyne Lecroy ist ein hochaufl\u00f6sendes Oszilloskop mit einer Bandbreite von 500 MHz und acht Kan\u00e4len. Es bietet eine vertikale Aufl\u00f6sung von 12 Bit und eine Abtastrate von 10 GS\/s pro Kanal, was eine detaillierte Signalanalyse erm\u00f6glicht. Jeder Kanal ist mit einer Speichertiefe von 50 Millionen Punkten ausgestattet, was eine umfangreiche Datenerfassung erm\u00f6glicht. Das Ger\u00e4t verf\u00fcgt \u00fcber eine Touchscreen-Schnittstelle f\u00fcr die Benutzerinteraktion. Dar\u00fcber hinaus bietet es eine Abtastrate von 10.000 MS\/s und eine Speichertiefe von 1.250 Mpts, was seine F\u00e4higkeit, komplexe Wellenformen zu verarbeiten, erh\u00f6ht. Dieses Oszilloskop ist so konzipiert, dass es mit seinen fortschrittlichen Spezifikationen pr\u00e4zise Messungen liefert.<\/p>","protected":false},"excerpt":{"rendered":"<p>500 MHz, 8 Kan\u00e4le, 12 Bit, 10 GS\/s, 50 Mpts\/Ch HD Oszilloskop<\/p>","protected":false},"featured_media":7272,"comment_status":"closed","ping_status":"closed","template":"","meta":{"_acf_changed":false,"slim_seo":{"title":"WAVERUNNER 8058HD - YOTAVIS AG","description":"500 MHz, 8 Kan\u00e4le, 12 Bit, 10 GS\/s, 50 Mpts\/Ch HD Oszilloskop"}},"product_brand":[542],"product_cat":[508,507],"product_tag":[],"class_list":{"0":"post-4003","1":"product","2":"type-product","3":"status-publish","4":"has-post-thumbnail","6":"product_brand-lecroy","7":"product_cat-desktop-en","8":"product_cat-oscilloscope","9":"pa_bandwidth-mhz-83","10":"pa_channels-459","11":"pa_digital-channels-opt","12":"pa_imax-ac-a-1019","13":"pa_memory-depht-mpts-327","14":"pa_sampling-rate-channels-ms-s-455","15":"pa_touch-screen-yes","16":"pa_vertical-resolution-bits-348","18":"first","19":"instock","20":"taxable","21":"shipping-taxable","22":"product-type-simple"},"acf":[],"_links":{"self":[{"href":"https:\/\/yotavis.ch\/de\/wp-json\/wp\/v2\/product\/4003","targetHints":{"allow":["GET"]}}],"collection":[{"href":"https:\/\/yotavis.ch\/de\/wp-json\/wp\/v2\/product"}],"about":[{"href":"https:\/\/yotavis.ch\/de\/wp-json\/wp\/v2\/types\/product"}],"replies":[{"embeddable":true,"href":"https:\/\/yotavis.ch\/de\/wp-json\/wp\/v2\/comments?post=4003"}],"wp:featuredmedia":[{"embeddable":true,"href":"https:\/\/yotavis.ch\/de\/wp-json\/wp\/v2\/media\/7272"}],"wp:attachment":[{"href":"https:\/\/yotavis.ch\/de\/wp-json\/wp\/v2\/media?parent=4003"}],"wp:term":[{"taxonomy":"product_brand","embeddable":true,"href":"https:\/\/yotavis.ch\/de\/wp-json\/wp\/v2\/product_brand?post=4003"},{"taxonomy":"product_cat","embeddable":true,"href":"https:\/\/yotavis.ch\/de\/wp-json\/wp\/v2\/product_cat?post=4003"},{"taxonomy":"product_tag","embeddable":true,"href":"https:\/\/yotavis.ch\/de\/wp-json\/wp\/v2\/product_tag?post=4003"}],"curies":[{"name":"wp","href":"https:\/\/api.w.org\/{rel}","templated":true}]}}