{"id":4004,"date":"2025-10-09T00:00:00","date_gmt":"2025-10-08T22:00:00","guid":{"rendered":"https:\/\/yotavis.ch\/product\/waverunner-8108hd\/"},"modified":"2026-04-24T13:32:28","modified_gmt":"2026-04-24T11:32:28","slug":"waverunner-8108hd","status":"publish","type":"product","link":"https:\/\/yotavis.ch\/de\/produkt\/waverunner-8108hd\/","title":{"rendered":"WAVERUNNER 8108HD"},"content":{"rendered":"<p>Der Teledyne Lecroy WAVERUNNER 8108HD ist ein hochaufl\u00f6sendes Oszilloskop mit einer 8-Kanal-Konfiguration und einer Bandbreite von 1000 MHz. Es arbeitet mit einer Abtastrate von 10 GS\/s pro Kanal und bietet eine detaillierte Signalanalyse mit einer vertikalen Aufl\u00f6sung von 12 Bit. Jeder Kanal ist mit einer Speichertiefe von 50 Mpts ausgestattet, was eine umfangreiche Datenerfassung und -pr\u00fcfung erm\u00f6glicht. Das Ger\u00e4t verf\u00fcgt \u00fcber eine Touchscreen-Oberfl\u00e4che, die die Interaktion und Steuerung durch den Benutzer verbessert. Mit einer maximalen Abtastrate von 10000 MS\/s und einer Speichertiefe von 1250 Mpts unterst\u00fctzt es die Erfassung und Speicherung von Hochgeschwindigkeitsdaten. Dieses Oszilloskop ist f\u00fcr die pr\u00e4zise und \u00fcbersichtliche Messung komplexer Signale ausgelegt und eignet sich daher f\u00fcr fortschrittliche elektronische Tests und Diagnosen.<\/p>","protected":false},"excerpt":{"rendered":"<p>1 GHz, 8 Kan\u00e4le, 12 Bit, 10 GS\/s, 50 Mpts\/Ch HD Oszilloskop<\/p>","protected":false},"featured_media":7272,"comment_status":"closed","ping_status":"closed","template":"","meta":{"_acf_changed":false,"slim_seo":{"title":"WAVERUNNER 8108HD - YOTAVIS AG","description":"1 GHz, 8 Kan\u00e4le, 12 Bit, 10 GS\/s, 50 Mpts\/Ch HD Oszilloskop"}},"product_brand":[542],"product_cat":[508,507],"product_tag":[],"class_list":{"0":"post-4004","1":"product","2":"type-product","3":"status-publish","4":"has-post-thumbnail","6":"product_brand-lecroy","7":"product_cat-desktop-en","8":"product_cat-oscilloscope","9":"pa_bandwidth-mhz-84","10":"pa_channels-459","11":"pa_digital-channels-opt","12":"pa_imax-ac-a-1019","13":"pa_memory-depht-mpts-327","14":"pa_sampling-rate-channels-ms-s-455","15":"pa_touch-screen-yes","16":"pa_vertical-resolution-bits-348","18":"first","19":"instock","20":"taxable","21":"shipping-taxable","22":"product-type-simple"},"acf":[],"_links":{"self":[{"href":"https:\/\/yotavis.ch\/de\/wp-json\/wp\/v2\/product\/4004","targetHints":{"allow":["GET"]}}],"collection":[{"href":"https:\/\/yotavis.ch\/de\/wp-json\/wp\/v2\/product"}],"about":[{"href":"https:\/\/yotavis.ch\/de\/wp-json\/wp\/v2\/types\/product"}],"replies":[{"embeddable":true,"href":"https:\/\/yotavis.ch\/de\/wp-json\/wp\/v2\/comments?post=4004"}],"wp:featuredmedia":[{"embeddable":true,"href":"https:\/\/yotavis.ch\/de\/wp-json\/wp\/v2\/media\/7272"}],"wp:attachment":[{"href":"https:\/\/yotavis.ch\/de\/wp-json\/wp\/v2\/media?parent=4004"}],"wp:term":[{"taxonomy":"product_brand","embeddable":true,"href":"https:\/\/yotavis.ch\/de\/wp-json\/wp\/v2\/product_brand?post=4004"},{"taxonomy":"product_cat","embeddable":true,"href":"https:\/\/yotavis.ch\/de\/wp-json\/wp\/v2\/product_cat?post=4004"},{"taxonomy":"product_tag","embeddable":true,"href":"https:\/\/yotavis.ch\/de\/wp-json\/wp\/v2\/product_tag?post=4004"}],"curies":[{"name":"wp","href":"https:\/\/api.w.org\/{rel}","templated":true}]}}