{"id":4011,"date":"2025-10-09T00:00:00","date_gmt":"2025-10-08T22:00:00","guid":{"rendered":"https:\/\/yotavis.ch\/product\/wavepro-404hd\/"},"modified":"2026-04-24T13:32:33","modified_gmt":"2026-04-24T11:32:33","slug":"wavepro-404hd","status":"publish","type":"product","link":"https:\/\/yotavis.ch\/de\/produkt\/wavepro-404hd\/","title":{"rendered":"WAVEPRO 404HD"},"content":{"rendered":"<p>Das WAVEPRO 404HD von Teledyne Lecroy ist ein hochaufl\u00f6sendes Oszilloskop mit einer Bandbreite von 4000 MHz und vier Kan\u00e4len. Es bietet eine vertikale Aufl\u00f6sung von 12 Bit und eine maximale Abtastrate von 20 GS\/s, wobei jeder Kanal mit 10.000 MS\/s abtasten kann. Das Ger\u00e4t verf\u00fcgt \u00fcber eine Speichertiefe von 100 Millionen Punkten pro Kanal und erm\u00f6glicht so eine umfangreiche Datenerfassung und -analyse. Es ist mit einem 15,6-Zoll-Touchscreen-Display ausgestattet, das die Benutzerinteraktion und -steuerung verbessert. Das Oszilloskop verf\u00fcgt nicht \u00fcber digitale Kan\u00e4le, unterst\u00fctzt aber eine erweiterte Wellenformerfassung mit einer Speichertiefe von 2500 Mpts. Dieses Modell ist darauf ausgelegt, komplexe Signalmessungen mit Pr\u00e4zision und Klarheit durchzuf\u00fchren.<\/p>","protected":false},"excerpt":{"rendered":"<p>4 GHz, 4 Ch, 12 bits, 20 GS\/s, 100 Mpts\/Ch HD Oscilloscope with 15.6&#8243; Display<\/p>","protected":false},"featured_media":7275,"comment_status":"closed","ping_status":"closed","template":"","meta":{"_acf_changed":false,"slim_seo":{"title":"WAVEPRO 404HD - YOTAVIS AG","description":"4 GHz, 4 Kan\u00e4le, 12 Bit, 20 GS\/s, 100 Mpts\/Ch HD Oszilloskop mit 15,6\" Display"}},"product_brand":[542],"product_cat":[508,507],"product_tag":[],"class_list":{"0":"post-4011","1":"product","2":"type-product","3":"status-publish","4":"has-post-thumbnail","6":"product_brand-lecroy","7":"product_cat-desktop-en","8":"product_cat-oscilloscope","9":"pa_bandwidth-mhz-232","10":"pa_channels-338","11":"pa_digital-channels-no","12":"pa_imax-ac-a-1019","13":"pa_memory-depht-mpts-244","14":"pa_sampling-rate-channels-ms-s-455","15":"pa_touch-screen-yes","16":"pa_vertical-resolution-bits-348","18":"first","19":"instock","20":"taxable","21":"shipping-taxable","22":"product-type-simple"},"acf":[],"_links":{"self":[{"href":"https:\/\/yotavis.ch\/de\/wp-json\/wp\/v2\/product\/4011","targetHints":{"allow":["GET"]}}],"collection":[{"href":"https:\/\/yotavis.ch\/de\/wp-json\/wp\/v2\/product"}],"about":[{"href":"https:\/\/yotavis.ch\/de\/wp-json\/wp\/v2\/types\/product"}],"replies":[{"embeddable":true,"href":"https:\/\/yotavis.ch\/de\/wp-json\/wp\/v2\/comments?post=4011"}],"wp:featuredmedia":[{"embeddable":true,"href":"https:\/\/yotavis.ch\/de\/wp-json\/wp\/v2\/media\/7275"}],"wp:attachment":[{"href":"https:\/\/yotavis.ch\/de\/wp-json\/wp\/v2\/media?parent=4011"}],"wp:term":[{"taxonomy":"product_brand","embeddable":true,"href":"https:\/\/yotavis.ch\/de\/wp-json\/wp\/v2\/product_brand?post=4011"},{"taxonomy":"product_cat","embeddable":true,"href":"https:\/\/yotavis.ch\/de\/wp-json\/wp\/v2\/product_cat?post=4011"},{"taxonomy":"product_tag","embeddable":true,"href":"https:\/\/yotavis.ch\/de\/wp-json\/wp\/v2\/product_tag?post=4011"}],"curies":[{"name":"wp","href":"https:\/\/api.w.org\/{rel}","templated":true}]}}