{"id":4013,"date":"2025-10-09T00:00:00","date_gmt":"2025-10-08T22:00:00","guid":{"rendered":"https:\/\/yotavis.ch\/product\/wavepro-804hd\/"},"modified":"2026-04-24T13:32:34","modified_gmt":"2026-04-24T11:32:34","slug":"wavepro-804hd","status":"publish","type":"product","link":"https:\/\/yotavis.ch\/de\/produkt\/wavepro-804hd\/","title":{"rendered":"WAVEPRO 804HD"},"content":{"rendered":"<p>Das Teledyne Lecroy WAVEPRO 804HD ist ein hochaufl\u00f6sendes Oszilloskop mit einer Bandbreite von 8 GHz und einer Abtastrate von 20 GS\/s \u00fcber seine vier Kan\u00e4le. Jeder Kanal ist mit einer Speichertiefe von 100 Millionen Punkten ausgestattet, was eine umfangreiche Datenerfassung und -analyse erm\u00f6glicht. Das Ger\u00e4t bietet eine vertikale Aufl\u00f6sung von 12 Bit und erh\u00f6ht damit die Pr\u00e4zision der Signalmessungen. Es verf\u00fcgt \u00fcber eine Touchscreen-Oberfl\u00e4che f\u00fcr die Benutzerinteraktion, die eine einfache Bedienung erm\u00f6glicht. Das Oszilloskop unterst\u00fctzt eine Abtastrate von 10.000 MS\/s pro Kanal und hat eine Speichertiefe von 2.500 Millionen Punkten. Es verf\u00fcgt \u00fcber keine digitalen Kan\u00e4le und konzentriert sich ausschlie\u00dflich auf die Erfassung analoger Signale. Dieses Modell ist mit seinen fortschrittlichen Spezifikationen und benutzerfreundlichen Funktionen f\u00fcr die komplexe Signalanalyse ausgelegt.<\/p>","protected":false},"excerpt":{"rendered":"<p>8 GHz, 20 GS\/s, 4 Kan\u00e4le, 100 Mpts\/Ch HD Oszilloskop<\/p>","protected":false},"featured_media":7275,"comment_status":"closed","ping_status":"closed","template":"","meta":{"_acf_changed":false,"slim_seo":{"title":"WAVEPRO 804HD - YOTAVIS AG","description":"8 GHz, 20 GS\/s, 4 Kan\u00e4le, 100 Mpts\/Ch HD Oszilloskop"}},"product_brand":[542],"product_cat":[508,507],"product_tag":[],"class_list":{"0":"post-4013","1":"product","2":"type-product","3":"status-publish","4":"has-post-thumbnail","6":"product_brand-lecroy","7":"product_cat-desktop-en","8":"product_cat-oscilloscope","9":"pa_bandwidth-mhz-234","10":"pa_channels-338","11":"pa_digital-channels-no","12":"pa_imax-ac-a-1019","13":"pa_memory-depht-mpts-244","14":"pa_sampling-rate-channels-ms-s-455","15":"pa_touch-screen-yes","16":"pa_vertical-resolution-bits-348","18":"first","19":"instock","20":"taxable","21":"shipping-taxable","22":"product-type-simple"},"acf":[],"_links":{"self":[{"href":"https:\/\/yotavis.ch\/de\/wp-json\/wp\/v2\/product\/4013","targetHints":{"allow":["GET"]}}],"collection":[{"href":"https:\/\/yotavis.ch\/de\/wp-json\/wp\/v2\/product"}],"about":[{"href":"https:\/\/yotavis.ch\/de\/wp-json\/wp\/v2\/types\/product"}],"replies":[{"embeddable":true,"href":"https:\/\/yotavis.ch\/de\/wp-json\/wp\/v2\/comments?post=4013"}],"wp:featuredmedia":[{"embeddable":true,"href":"https:\/\/yotavis.ch\/de\/wp-json\/wp\/v2\/media\/7275"}],"wp:attachment":[{"href":"https:\/\/yotavis.ch\/de\/wp-json\/wp\/v2\/media?parent=4013"}],"wp:term":[{"taxonomy":"product_brand","embeddable":true,"href":"https:\/\/yotavis.ch\/de\/wp-json\/wp\/v2\/product_brand?post=4013"},{"taxonomy":"product_cat","embeddable":true,"href":"https:\/\/yotavis.ch\/de\/wp-json\/wp\/v2\/product_cat?post=4013"},{"taxonomy":"product_tag","embeddable":true,"href":"https:\/\/yotavis.ch\/de\/wp-json\/wp\/v2\/product_tag?post=4013"}],"curies":[{"name":"wp","href":"https:\/\/api.w.org\/{rel}","templated":true}]}}