{"id":4016,"date":"2025-10-09T00:00:00","date_gmt":"2025-10-08T22:00:00","guid":{"rendered":"https:\/\/yotavis.ch\/product\/wavepro-604hd-ms\/"},"modified":"2026-04-24T13:32:35","modified_gmt":"2026-04-24T11:32:35","slug":"wavepro-604hd-ms","status":"publish","type":"product","link":"https:\/\/yotavis.ch\/de\/produkt\/wavepro-604hd-ms\/","title":{"rendered":"WAVEPRO 604HD-MS"},"content":{"rendered":"<p>Das WAVEPRO 604HD-MS von Teledyne Lecroy ist ein hochaufl\u00f6sendes Mixed-Signal-Oszilloskop mit einer Bandbreite von 6 GHz und 4 Analogkan\u00e4len. Es bietet eine vertikale Aufl\u00f6sung von 12 Bit und eine Abtastrate von 20 GS\/s, was eine detaillierte Signalanalyse erm\u00f6glicht. Jeder Kanal ist mit einer Speichertiefe von 100 Mpts ausgestattet, was eine umfangreiche Datenerfassung erm\u00f6glicht. Das Ger\u00e4t verf\u00fcgt \u00fcber 16 digitale Kan\u00e4le, die seine Mixed-Signal-F\u00e4higkeiten verbessern. Es ist mit einem 15,6-Zoll-Touchscreen-Display ausgestattet, das eine intuitive Bedienung erm\u00f6glicht. Das Oszilloskop unterst\u00fctzt eine Abtastrate von 10.000 MS\/s pro Kanal und eine Speichertiefe von 2.500 Mpts. Dank dieser Kombination von Merkmalen eignet es sich f\u00fcr die Pr\u00fcfung und Analyse komplexer Signale.<\/p>","protected":false},"excerpt":{"rendered":"<p>6 GHz, 4+16 Ch, 12 bits, 20 GS\/s, 100 Mpts\/Ch HD Mixed Signal Oscilloscope with 15.6&#8243; Display<\/p>","protected":false},"featured_media":7275,"comment_status":"closed","ping_status":"closed","template":"","meta":{"_acf_changed":false,"slim_seo":{"title":"WAVEPRO 604HD-MS - YOTAVIS AG","description":"6 GHz, 4+16 Kan\u00e4le, 12 Bit, 20 GS\/s, 100 Mpts\/Ch HD-Mixed-Signal-Oszilloskop mit 15,6\"-Display"}},"product_brand":[542],"product_cat":[508,507],"product_tag":[],"class_list":{"0":"post-4016","1":"product","2":"type-product","3":"status-publish","4":"has-post-thumbnail","6":"product_brand-lecroy","7":"product_cat-desktop-en","8":"product_cat-oscilloscope","9":"pa_bandwidth-mhz-233","10":"pa_channels-338","11":"pa_digital-channels-yes","12":"pa_imax-ac-a-1019","13":"pa_memory-depht-mpts-244","14":"pa_sampling-rate-channels-ms-s-455","15":"pa_touch-screen-yes","16":"pa_vertical-resolution-bits-348","18":"first","19":"instock","20":"taxable","21":"shipping-taxable","22":"product-type-simple"},"acf":[],"_links":{"self":[{"href":"https:\/\/yotavis.ch\/de\/wp-json\/wp\/v2\/product\/4016","targetHints":{"allow":["GET"]}}],"collection":[{"href":"https:\/\/yotavis.ch\/de\/wp-json\/wp\/v2\/product"}],"about":[{"href":"https:\/\/yotavis.ch\/de\/wp-json\/wp\/v2\/types\/product"}],"replies":[{"embeddable":true,"href":"https:\/\/yotavis.ch\/de\/wp-json\/wp\/v2\/comments?post=4016"}],"wp:featuredmedia":[{"embeddable":true,"href":"https:\/\/yotavis.ch\/de\/wp-json\/wp\/v2\/media\/7275"}],"wp:attachment":[{"href":"https:\/\/yotavis.ch\/de\/wp-json\/wp\/v2\/media?parent=4016"}],"wp:term":[{"taxonomy":"product_brand","embeddable":true,"href":"https:\/\/yotavis.ch\/de\/wp-json\/wp\/v2\/product_brand?post=4016"},{"taxonomy":"product_cat","embeddable":true,"href":"https:\/\/yotavis.ch\/de\/wp-json\/wp\/v2\/product_cat?post=4016"},{"taxonomy":"product_tag","embeddable":true,"href":"https:\/\/yotavis.ch\/de\/wp-json\/wp\/v2\/product_tag?post=4016"}],"curies":[{"name":"wp","href":"https:\/\/api.w.org\/{rel}","templated":true}]}}