{"id":4019,"date":"2025-10-09T00:00:00","date_gmt":"2025-10-08T22:00:00","guid":{"rendered":"https:\/\/yotavis.ch\/product\/wavemaster-8080hd\/"},"modified":"2026-04-24T13:32:36","modified_gmt":"2026-04-24T11:32:36","slug":"wavemaster-8080hd","status":"publish","type":"product","link":"https:\/\/yotavis.ch\/de\/produkt\/wavemaster-8080hd\/","title":{"rendered":"WAVEMASTER 8080HD"},"content":{"rendered":"<p>Das WAVEMASTER 8080HD von Teledyne Lecroy ist ein hochaufl\u00f6sendes Oszilloskop mit einer Bandbreite von 8000 MHz und einer Abtastrate von 80 GS\/s pro Kanal. Es bietet eine vertikale Aufl\u00f6sung von 12 Bit und unterst\u00fctzt vier Kan\u00e4le, was eine detaillierte Signalanalyse \u00fcber mehrere Eing\u00e4nge hinweg erm\u00f6glicht. Jeder Kanal ist mit einer Speichertiefe von 200 Mpts ausgestattet und bietet umfangreiche Datenerfassungsm\u00f6glichkeiten. Das Ger\u00e4t verf\u00fcgt \u00fcber digitale Kan\u00e4le und eine Touchscreen-Oberfl\u00e4che, die die Interaktion und Steuerung durch den Benutzer verbessert. Mit einer Abtastrate von 80000 MS\/s und einer Speichertiefe von 8000 Mpts ist es f\u00fcr die effiziente Verarbeitung komplexer Wellenformmessungen ausgelegt. Dieses Oszilloskop kombiniert hohe Bandbreite und Aufl\u00f6sung zur Unterst\u00fctzung fortschrittlicher Pr\u00fcf- und Messanwendungen.<\/p>","protected":false},"excerpt":{"rendered":"<p>8 GHz, 12 Bit, 80 GS\/s, 200 Mpts\/Ch HD Oszilloskop<\/p>","protected":false},"featured_media":7280,"comment_status":"closed","ping_status":"closed","template":"","meta":{"_acf_changed":false,"slim_seo":{"title":"WAVEMASTER 8080HD - YOTAVIS AG","description":"8 GHz, 12 Bit, 80 GS\/s, 200 Mpts\/Ch HD Oszilloskop"}},"product_brand":[542],"product_cat":[508,507],"product_tag":[],"class_list":{"0":"post-4019","1":"product","2":"type-product","3":"status-publish","4":"has-post-thumbnail","6":"product_brand-lecroy","7":"product_cat-desktop-en","8":"product_cat-oscilloscope","9":"pa_bandwidth-mhz-234","10":"pa_channels-338","11":"pa_digital-channels-yes","12":"pa_imax-ac-a-1019","13":"pa_memory-depht-mpts-328","14":"pa_sampling-rate-channels-ms-s-504","15":"pa_touch-screen-yes","16":"pa_vertical-resolution-bits-348","18":"first","19":"instock","20":"taxable","21":"shipping-taxable","22":"product-type-simple"},"acf":[],"_links":{"self":[{"href":"https:\/\/yotavis.ch\/de\/wp-json\/wp\/v2\/product\/4019","targetHints":{"allow":["GET"]}}],"collection":[{"href":"https:\/\/yotavis.ch\/de\/wp-json\/wp\/v2\/product"}],"about":[{"href":"https:\/\/yotavis.ch\/de\/wp-json\/wp\/v2\/types\/product"}],"replies":[{"embeddable":true,"href":"https:\/\/yotavis.ch\/de\/wp-json\/wp\/v2\/comments?post=4019"}],"wp:featuredmedia":[{"embeddable":true,"href":"https:\/\/yotavis.ch\/de\/wp-json\/wp\/v2\/media\/7280"}],"wp:attachment":[{"href":"https:\/\/yotavis.ch\/de\/wp-json\/wp\/v2\/media?parent=4019"}],"wp:term":[{"taxonomy":"product_brand","embeddable":true,"href":"https:\/\/yotavis.ch\/de\/wp-json\/wp\/v2\/product_brand?post=4019"},{"taxonomy":"product_cat","embeddable":true,"href":"https:\/\/yotavis.ch\/de\/wp-json\/wp\/v2\/product_cat?post=4019"},{"taxonomy":"product_tag","embeddable":true,"href":"https:\/\/yotavis.ch\/de\/wp-json\/wp\/v2\/product_tag?post=4019"}],"curies":[{"name":"wp","href":"https:\/\/api.w.org\/{rel}","templated":true}]}}